{"id":732228,"date":"2026-03-13T17:33:03","date_gmt":"2026-03-13T14:33:03","guid":{"rendered":"https:\/\/nbg.eu\/product\/microtech-amphibian-ram-lok-s-e-fluted-partial-serrated-tan-2\/"},"modified":"2026-03-16T12:33:09","modified_gmt":"2026-03-16T09:33:09","slug":"microtech-amphibian-ram-lok-s-e-fluted-partial-serrated-tan-2","status":"publish","type":"product","link":"https:\/\/nbg.eu\/fi\/tuote\/microtech-amphibian-ram-lok-s-e-fluted-partial-serrated-tan-2\/","title":{"rendered":"Microtech Amphibian RAM-LOK S\/E uurrettu osittain hammastettu tan"},"content":{"rendered":"<h2>Yleiskatsaus<\/h2>\n<p>Microtech Amphibian RAM-LOK tuo takaisin klassisen Amphibian-ter\u00e4profiilin &#8211; jota aikoinaan ylistettiin parhaana Microtechin koskaan valmistamana EDC-veitsen\u00e4 &#8211; modernilla RAM-LOK-tangon lukitusmekanismilla. T\u00e4ss\u00e4 Tan-versiossa on musta DLC-pinnoitettu osittain sahalaitainen yksireunainen Bohler M390MK -ter\u00e4ster\u00e4, joka on asetettu kauniisti uritettuun alumiinikahvaan. RAM-LOK-j\u00e4rjestelm\u00e4 tarjoaa poikkipalkkityyppisen lukon, jossa k\u00e4ytet\u00e4\u00e4n kiinte\u00e4\u00e4 ter\u00e4saihiota, jota k\u00e4ytt\u00e4\u00e4 yksi kierrejousi, ja se tarjoaa kivivankan lukituksen ja molemminpuolisen sormenturvallisen sulkemisen.<\/p>\n<h3>RAM-LOK-palkin lukitusj\u00e4rjestelm\u00e4<\/h3>\n<p>RAM-LOK k\u00e4ytt\u00e4\u00e4 kiinte\u00e4\u00e4 ter\u00e4saihiota, jota k\u00e4ytt\u00e4\u00e4 yksi kierrejousi, mik\u00e4 tarjoaa yhden vahvimmista ja luotettavimmista saatavilla olevista lukitusmekanismeista. Suunnittelu mahdollistaa sormiturvallisen sulkemisen kahvan molemmilta puolilta molemminpuolista k\u00e4ytt\u00f6\u00e4 varten.<\/p>\n<h3>Klassinen Amphibian Blade -profiili<\/h3>\n<p>Amphibian erottuva ter\u00e4geometria on ollut Microtech-kuvake, joka on suunniteltu monipuoliseen leikkaussuorituskykyyn, joka on erinomainen sek\u00e4 tarkkoihin teht\u00e4viin ett\u00e4 vaativampiin sovelluksiin.<\/p>\n<h3>Uurrettu alumiinirakenne<\/h3>\n<p>Tarkka uurrettu 6061-T6 alumiinikahva v\u00e4hent\u00e4\u00e4 painoa luoden samalla visuaalisesti silmiinpist\u00e4v\u00e4n kuvion ja lis\u00e4\u00e4 pitoa. Tan anodisointi lis\u00e4\u00e4 l\u00e4mmint\u00e4, taktista estetiikkaa.<\/p>\n<h3>Premium-komponentit<\/h3>\n<ul>\n<li>Bohler M390MK yksireunainen ter\u00e4 DLC-pinnoitteella<\/li>\n<li>Uurrettu 6061-T6 alumiinikahva (Tan)<\/li>\n<li>RAM-LOK poikkitangon lukitusmekanismi<\/li>\n<li>K\u00e4\u00e4nnett\u00e4v\u00e4 titaaninen taskupidike<\/li>\n<li>Tip-up-kuljetusm\u00e4\u00e4ritykset<\/li>\n<\/ul>\n<h3>Tekniset tiedot<\/h3>\n<table class=\"shop_attributes\">\n<tbody>\n<tr>\n<td><strong>Tyyppi<\/strong><\/td>\n<td>Manuaalinen kansio<\/td>\n<\/tr>\n<tr>\n<td><strong>Ter\u00e4n pituus<\/strong><\/td>\n<td>3,90&#8243;<\/td>\n<\/tr>\n<tr>\n<td><strong>Kokonaispituus<\/strong><\/td>\n<td>9,25&#8243;<\/td>\n<\/tr>\n<tr>\n<td><strong>Suljettu pituus<\/strong><\/td>\n<td>5,38&#8243;<\/td>\n<\/tr>\n<tr>\n<td><strong>ter\u00e4s<\/strong><\/td>\n<td>Bohler M390MK<\/td>\n<\/tr>\n<tr>\n<td><strong>K\u00e4sittelymateriaali<\/strong><\/td>\n<td>6061-T6 alumiini, uritettu (ruskeanruskea)<\/td>\n<\/tr>\n<tr>\n<td><strong>Paino<\/strong><\/td>\n<td>5,90 unssia<\/td>\n<\/tr>\n<tr>\n<td><strong>Lukitse<\/strong><\/td>\n<td>RAM-LOK-palkin lukko<\/td>\n<\/tr>\n<tr>\n<td><strong>Blade-tyyli<\/strong><\/td>\n<td>Yksi reuna (S\/E)<\/td>\n<\/tr>\n<tr>\n<td><strong>ter\u00e4n viimeistely<\/strong><\/td>\n<td>Musta DLC<\/td>\n<\/tr>\n<tr>\n<td><strong>Reunatyyppi<\/strong><\/td>\n<td>Osittain hammastettu<\/td>\n<\/tr>\n<tr>\n<td><strong>Taskupidike<\/strong><\/td>\n<td>K\u00e4\u00e4nnett\u00e4v\u00e4 titaani, k\u00e4rki yl\u00f6s<\/td>\n<\/tr>\n<tr>\n<td><strong>Alkuper\u00e4maa<\/strong><\/td>\n<td>USA<\/td>\n<\/tr>\n<\/tbody>\n<\/table>\n","protected":false},"excerpt":{"rendered":"<p>Amphibian RAM-LOK manuaalinen kansio kellanruskealla mustalla DLC:ll\u00e4 osittain hammastettu M390MK yksireunainen ter\u00e4. Uurrettu alumiinikahva RAM-LOK-tankolukolla. 3,90 tuuman ter\u00e4, kokonaispituus 9,25 tuumaa, 5,9 unssia.<\/p>\n","protected":false},"featured_media":731332,"template":"","meta":{"_acf_changed":false},"product_brand":[15521],"product_cat":[15378,15357],"product_tag":[],"class_list":{"0":"post-732228","1":"product","2":"type-product","3":"status-publish","4":"has-post-thumbnail","6":"product_brand-microtech","7":"product_cat-folding-knives-fi","8":"product_cat-knives-fi","10":"first","11":"instock","12":"taxable","13":"shipping-taxable","14":"purchasable","15":"product-type-simple"},"acf":[],"_links":{"self":[{"href":"https:\/\/nbg.eu\/fi\/wp-json\/wp\/v2\/product\/732228","targetHints":{"allow":["GET"]}}],"collection":[{"href":"https:\/\/nbg.eu\/fi\/wp-json\/wp\/v2\/product"}],"about":[{"href":"https:\/\/nbg.eu\/fi\/wp-json\/wp\/v2\/types\/product"}],"wp:featuredmedia":[{"embeddable":true,"href":"https:\/\/nbg.eu\/fi\/wp-json\/wp\/v2\/media\/731332"}],"wp:attachment":[{"href":"https:\/\/nbg.eu\/fi\/wp-json\/wp\/v2\/media?parent=732228"}],"wp:term":[{"taxonomy":"product_brand","embeddable":true,"href":"https:\/\/nbg.eu\/fi\/wp-json\/wp\/v2\/product_brand?post=732228"},{"taxonomy":"product_cat","embeddable":true,"href":"https:\/\/nbg.eu\/fi\/wp-json\/wp\/v2\/product_cat?post=732228"},{"taxonomy":"product_tag","embeddable":true,"href":"https:\/\/nbg.eu\/fi\/wp-json\/wp\/v2\/product_tag?post=732228"}],"curies":[{"name":"wp","href":"https:\/\/api.w.org\/{rel}","templated":true}]}}