{"id":732229,"date":"2026-03-13T17:33:09","date_gmt":"2026-03-13T14:33:09","guid":{"rendered":"https:\/\/nbg.eu\/product\/microtech-msi-s-e-black-standard-frag-aluminum-od-green-2\/"},"modified":"2026-03-16T12:33:14","modified_gmt":"2026-03-16T09:33:14","slug":"microtech-msi-s-e-black-standard-frag-aluminum-od-green-2","status":"publish","type":"product","link":"https:\/\/nbg.eu\/fi\/tuote\/microtech-msi-s-e-black-standard-frag-aluminum-od-green-2\/","title":{"rendered":"Microtech MSI S\/E Musta Standard Frag Alumiini OD Vihre\u00e4"},"content":{"rendered":"<h2>Yleiskatsaus<\/h2>\n<p>Microtech MSI (Microtech Standard Issue) edustaa Microtechin manuaalisen kansiosuunnittelun huippua, ja siin\u00e4 yhdistyv\u00e4t raskaan k\u00e4yt\u00f6n ja hienostuneen suunnittelun. T\u00e4ss\u00e4 OD Green Frag -versiossa on kaksis\u00e4vyinen musta M390MK yksireunainen ter\u00e4 erottuvassa frag-kuvioidussa alumiinikahvassa, joka tarjoaa sek\u00e4 visuaalisen eron ett\u00e4 paremman pitorakenteen. RAM-LOK-tangon lukitusmekanismi tarjoaa vakaan lukituksen molemminpuolisella sormiturvallisella sulkemisella, kun taas ikoninen X-painike molemmilla puolilla lis\u00e4\u00e4 mikroteknologiaa.<\/p>\n<h3>RAM-LOK-palkin lukitusj\u00e4rjestelm\u00e4<\/h3>\n<p>Poikkitankotyylinen lukitusj\u00e4rjestelm\u00e4, jossa k\u00e4ytet\u00e4\u00e4n kiinte\u00e4\u00e4 ter\u00e4saihiota, jota k\u00e4ytt\u00e4\u00e4 yksi kierrejousi. Se tarjoaa lis\u00e4\u00e4 kest\u00e4vyytt\u00e4 ja sormiturvallisen tavan sulkea veitsi kummaltakin puolelta. RAM-LOK on yksi vahvimmista ja luotettavimmista saatavilla olevista manuaalisista kansion lukitusmekanismeista.<\/p>\n<h3>Frag-Pattern alumiinikahva<\/h3>\n<p>6061-T6 alumiinikahvaan koneistettu aggressiivinen frag-jyrsint\u00e4kuvio parantaa sek\u00e4 taktisesti erottuvaa esteettist\u00e4 ett\u00e4 toiminnallista pitoa. Karkaistu ter\u00e4svuorauslevyt lis\u00e4\u00e4v\u00e4t rakenteellista j\u00e4ykkyytt\u00e4.<\/p>\n<h3>Ikoninen X-painike<\/h3>\n<p>MSI:n tunnusmerkki X-painike kahvan molemmilla puolilla tarjoaa erottuvan visuaalisen elementin samalla kun se toimii kosketuspisteen\u00e4 kahvan suunnassa.<\/p>\n<h3>Premium-komponentit<\/h3>\n<ul>\n<li>Bohler M390MK yksireunainen ter\u00e4<\/li>\n<li>OD vihre\u00e4 frag-kuvioitu 6061-T6 alumiinikahva<\/li>\n<li>Karkaistu ter\u00e4s vuorauslevyt<\/li>\n<li>RAM-LOK poikkitangon lukitusmekanismi<\/li>\n<li>Titanium backspacer<\/li>\n<li>K\u00e4\u00e4nnett\u00e4v\u00e4 taskupidike vasemmanpuoleiseen kantamiseen<\/li>\n<li>Ikoninen X-painike (molemmat puolet)<\/li>\n<\/ul>\n<h3>Tekniset tiedot<\/h3>\n<table class=\"shop_attributes\">\n<tbody>\n<tr>\n<td><strong>Tyyppi<\/strong><\/td>\n<td>Manuaalinen kansio<\/td>\n<\/tr>\n<tr>\n<td><strong>Ter\u00e4n pituus<\/strong><\/td>\n<td>3,88&#8243;<\/td>\n<\/tr>\n<tr>\n<td><strong>Kokonaispituus<\/strong><\/td>\n<td>8,93&#8243;<\/td>\n<\/tr>\n<tr>\n<td><strong>Ter\u00e4n paksuus<\/strong><\/td>\n<td>0,16&#8243;<\/td>\n<\/tr>\n<tr>\n<td><strong>ter\u00e4s<\/strong><\/td>\n<td>Bohler M390MK<\/td>\n<\/tr>\n<tr>\n<td><strong>K\u00e4sittelymateriaali<\/strong><\/td>\n<td>6061-T6 alumiinia, sirpalekuvio (OD vihre\u00e4)<\/td>\n<\/tr>\n<tr>\n<td><strong>Paino<\/strong><\/td>\n<td>5,00 unssia<\/td>\n<\/tr>\n<tr>\n<td><strong>Lukitse<\/strong><\/td>\n<td>RAM-LOK-palkin lukko<\/td>\n<\/tr>\n<tr>\n<td><strong>Blade-tyyli<\/strong><\/td>\n<td>Yksi reuna (S\/E)<\/td>\n<\/tr>\n<tr>\n<td><strong>ter\u00e4n viimeistely<\/strong><\/td>\n<td>Musta (kaksis\u00e4vyinen)<\/td>\n<\/tr>\n<tr>\n<td><strong>Reunatyyppi<\/strong><\/td>\n<td>Tavallinen<\/td>\n<\/tr>\n<tr>\n<td><strong>Alkuper\u00e4maa<\/strong><\/td>\n<td>USA<\/td>\n<\/tr>\n<\/tbody>\n<\/table>\n","protected":false},"excerpt":{"rendered":"<p>MSI (Microtech Standard Issue) manuaalinen kansio OD Green Frag -alumiinilla kaksis\u00e4vyisell\u00e4 mustalla M390MK yksireunaisella ter\u00e4ll\u00e4. RAM-LOK-palkin lukko ikonisella X-painikkeella. 3,88 tuuman ter\u00e4, kokonaispituus 8,93 tuumaa, 5,0 unssia.<\/p>\n","protected":false},"featured_media":731336,"template":"","meta":{"_acf_changed":false},"product_brand":[15521],"product_cat":[15378,15357],"product_tag":[],"class_list":{"0":"post-732229","1":"product","2":"type-product","3":"status-publish","4":"has-post-thumbnail","6":"product_brand-microtech","7":"product_cat-folding-knives-fi","8":"product_cat-knives-fi","10":"first","11":"instock","12":"taxable","13":"shipping-taxable","14":"purchasable","15":"product-type-simple"},"acf":[],"_links":{"self":[{"href":"https:\/\/nbg.eu\/fi\/wp-json\/wp\/v2\/product\/732229","targetHints":{"allow":["GET"]}}],"collection":[{"href":"https:\/\/nbg.eu\/fi\/wp-json\/wp\/v2\/product"}],"about":[{"href":"https:\/\/nbg.eu\/fi\/wp-json\/wp\/v2\/types\/product"}],"wp:featuredmedia":[{"embeddable":true,"href":"https:\/\/nbg.eu\/fi\/wp-json\/wp\/v2\/media\/731336"}],"wp:attachment":[{"href":"https:\/\/nbg.eu\/fi\/wp-json\/wp\/v2\/media?parent=732229"}],"wp:term":[{"taxonomy":"product_brand","embeddable":true,"href":"https:\/\/nbg.eu\/fi\/wp-json\/wp\/v2\/product_brand?post=732229"},{"taxonomy":"product_cat","embeddable":true,"href":"https:\/\/nbg.eu\/fi\/wp-json\/wp\/v2\/product_cat?post=732229"},{"taxonomy":"product_tag","embeddable":true,"href":"https:\/\/nbg.eu\/fi\/wp-json\/wp\/v2\/product_tag?post=732229"}],"curies":[{"name":"wp","href":"https:\/\/api.w.org\/{rel}","templated":true}]}}