{"id":732230,"date":"2026-03-13T17:33:16","date_gmt":"2026-03-13T14:33:16","guid":{"rendered":"https:\/\/nbg.eu\/product\/microtech-dirac-delta-d-e-dlc-shadow-signature-series-2\/"},"modified":"2026-03-30T15:45:56","modified_gmt":"2026-03-30T12:45:56","slug":"microtech-dirac-delta-d-e-dlc-shadow-signature-series-2","status":"publish","type":"product","link":"https:\/\/nbg.eu\/fi\/tuote\/microtech-dirac-delta-d-e-dlc-shadow-signature-series-2\/","title":{"rendered":"Microtech Dirac Delta D\/E DLC Shadow Signature -sarja"},"content":{"rendered":"<h2>Yleiskatsaus<\/h2>\n<p>Microtech Dirac Delta D\/E DLC Shadow on Signature-sarjan muunnos Microtechin innovatiivisesta top-fire OTF-automaattij\u00e4rjestelm\u00e4st\u00e4. Suunniteltu edell\u00e4k\u00e4vij\u00e4n Diracin mukaan, Deltassa on sama ergonominen runko ja innovatiivinen sis\u00e4mekanismi vanhemmassa koossa. T\u00e4ss\u00e4 Shadow-versiossa on t\u00e4ydellinen DLC (Diamond-Like Carbon) -pinnoite M390MK tikarin ter\u00e4ss\u00e4, alumiinikahva, laitteisto ja taskupidike. M\u00e4\u00e4ritt\u00e4v\u00e4 yl\u00e4osaan asennettu laukaisupainike mahdollistaa ter\u00e4n intuitiivisen, kaksipuoleisen k\u00e4ytt\u00f6\u00f6noton ja sis\u00e4\u00e4nvet\u00e4misen peukalon luonnollisella liikkeell\u00e4.<\/p>\n<h3>Yl\u00f6s asennettu laukaisupainike<\/h3>\n<p>Toisin kuin sivuttaislaukaisuissa OTF-veitsiss\u00e4, Dirac Deltan kanteen kiinnitetty painike mahdollistaa luonnollisen ja intuitiivisen peukalon painalluksen ter\u00e4n levitt\u00e4miseksi ja vet\u00e4miseksi sis\u00e4\u00e4n. Suunnittelu mahdollistaa todellisen molemminpuolisen k\u00e4yt\u00f6n ilman k\u00e4den vaihtamista.<\/p>\n<h3>Ergonominen HALO-vaikutteinen runko<\/h3>\n<p>Dirac Deltan rungossa on legendaarisen Microtech HALOn inspiroimia kaarevia linjoja, jotka luovat k\u00e4teen ainutlaatuisen tunteen, joka erottaa sen perinteisist\u00e4 suorasivuisista OTF-malleista.<\/p>\n<h3>DLC Shadow Finish<\/h3>\n<p>T\u00e4ydellinen Diamond-Like Carbon -pinnoite kaikilla pinnoilla tarjoaa \u00e4\u00e4rimm\u00e4isen kovuuden, kulutuskest\u00e4vyyden ja tyylikk\u00e4\u00e4n mustan ulkon\u00e4\u00f6n. DLC-viimeistely lis\u00e4\u00e4 my\u00f6s korroosiosuojakerroksen jo kest\u00e4v\u00e4n M390MK-ter\u00e4ksen lis\u00e4ksi.<\/p>\n<h3>Premium-komponentit<\/h3>\n<ul>\n<li>Bohler M390MK:n kaksireunainen tikariter\u00e4 DLC-pinnoitteella<\/li>\n<li>6061-T6 alumiinikahva DLC Shadow -viimeistelyll\u00e4<\/li>\n<li>DLC-pinnoitettu laitteisto ja taskupidike<\/li>\n<li>Yl\u00e4lle asennettu laukaisupainike molemminpuoliseen k\u00e4ytt\u00f6\u00f6n<\/li>\n<li>Integroitu lasinmurtaja<\/li>\n<li>Signature-sarjan nimitys<\/li>\n<\/ul>\n<h3>Tekniset tiedot<\/h3>\n<table class=\"shop_attributes\">\n<tbody>\n<tr>\n<td><strong>Tyyppi<\/strong><\/td>\n<td>Edess\u00e4 oleva automaatti<\/td>\n<\/tr>\n<tr>\n<td><strong>Ter\u00e4n pituus<\/strong><\/td>\n<td>3,79&#8243;<\/td>\n<\/tr>\n<tr>\n<td><strong>Kokonaispituus<\/strong><\/td>\n<td>9,40&#8243;<\/td>\n<\/tr>\n<tr>\n<td><strong>Kahvan pituus<\/strong><\/td>\n<td>5,50&#8243;<\/td>\n<\/tr>\n<tr>\n<td><strong>ter\u00e4s<\/strong><\/td>\n<td>Bohler M390MK (DLC-pinnoitettu)<\/td>\n<\/tr>\n<tr>\n<td><strong>K\u00e4sittelymateriaali<\/strong><\/td>\n<td>6061-T6 alumiini (DLC Shadow)<\/td>\n<\/tr>\n<tr>\n<td><strong>Paino<\/strong><\/td>\n<td>4,60 unssia<\/td>\n<\/tr>\n<tr>\n<td><strong>Blade-tyyli<\/strong><\/td>\n<td>Tikari \/ Double Edge (D\/E)<\/td>\n<\/tr>\n<tr>\n<td><strong>ter\u00e4n viimeistely<\/strong><\/td>\n<td>DLC Shadow<\/td>\n<\/tr>\n<tr>\n<td><strong>Laitteisto<\/strong><\/td>\n<td>DLC-p\u00e4\u00e4llystetty<\/td>\n<\/tr>\n<tr>\n<td><strong>Reunatyyppi<\/strong><\/td>\n<td>Tavallinen<\/td>\n<\/tr>\n<tr>\n<td><strong>Sarja<\/strong><\/td>\n<td>Signature-sarja<\/td>\n<\/tr>\n<tr>\n<td><strong>Alkuper\u00e4maa<\/strong><\/td>\n<td>USA<\/td>\n<\/tr>\n<\/tbody>\n<\/table>\n","protected":false},"excerpt":{"rendered":"<p>Dirac Delta Signature -sarjan OTF-automaatti, jossa t\u00e4ysi DLC Shadow -viimeistely \u2013 DLC-pinnoitettu M390MK kaksireunainen tikariter\u00e4 ja DLC-alumiininen kahva. Yl\u00e4lle asennettu laukaisupainike. 3,79 tuuman ter\u00e4, kokonaispituus 9,40 tuumaa, 4,6 unssia.<\/p>\n","protected":false},"featured_media":731340,"template":"","meta":{"_acf_changed":false},"product_brand":[15521],"product_cat":[15357,15994],"product_tag":[],"class_list":{"0":"post-732230","1":"product","2":"type-product","3":"status-publish","4":"has-post-thumbnail","6":"product_brand-microtech","7":"product_cat-knives-fi","8":"product_cat-otf-knives-fi","10":"first","11":"outofstock","12":"taxable","13":"shipping-taxable","14":"purchasable","15":"product-type-simple"},"acf":[],"_links":{"self":[{"href":"https:\/\/nbg.eu\/fi\/wp-json\/wp\/v2\/product\/732230","targetHints":{"allow":["GET"]}}],"collection":[{"href":"https:\/\/nbg.eu\/fi\/wp-json\/wp\/v2\/product"}],"about":[{"href":"https:\/\/nbg.eu\/fi\/wp-json\/wp\/v2\/types\/product"}],"wp:featuredmedia":[{"embeddable":true,"href":"https:\/\/nbg.eu\/fi\/wp-json\/wp\/v2\/media\/731340"}],"wp:attachment":[{"href":"https:\/\/nbg.eu\/fi\/wp-json\/wp\/v2\/media?parent=732230"}],"wp:term":[{"taxonomy":"product_brand","embeddable":true,"href":"https:\/\/nbg.eu\/fi\/wp-json\/wp\/v2\/product_brand?post=732230"},{"taxonomy":"product_cat","embeddable":true,"href":"https:\/\/nbg.eu\/fi\/wp-json\/wp\/v2\/product_cat?post=732230"},{"taxonomy":"product_tag","embeddable":true,"href":"https:\/\/nbg.eu\/fi\/wp-json\/wp\/v2\/product_tag?post=732230"}],"curies":[{"name":"wp","href":"https:\/\/api.w.org\/{rel}","templated":true}]}}