{"id":732231,"date":"2026-03-13T17:33:20","date_gmt":"2026-03-13T14:33:20","guid":{"rendered":"https:\/\/nbg.eu\/product\/microtech-6-utility-knife-stonewash-titanium-bolster-black-g-10-2\/"},"modified":"2026-03-16T12:33:24","modified_gmt":"2026-03-16T09:33:24","slug":"microtech-6-utility-knife-stonewash-titanium-bolster-black-g-10-2","status":"publish","type":"product","link":"https:\/\/nbg.eu\/fi\/tuote\/microtech-6-utility-knife-stonewash-titanium-bolster-black-g-10-2\/","title":{"rendered":"Microtech 6&#8243; Utility Veitsi Stonewash Titanium Bolster Black G-10"},"content":{"rendered":"<h2>Yleiskatsaus<\/h2>\n<p>Microtech 6&#8243; Utility Knife tuo saman tinkim\u00e4tt\u00f6m\u00e4n laadun ja tarkkuuden kuin Microtechin taktisissa veitsiss\u00e4 kulinaariseen maailmaan. T\u00e4m\u00e4 hy\u00f6tyveitsi katkaisee kuilun leikkausveitsen ja kokin veitsen v\u00e4lill\u00e4 ohuella mutta tukevalla 6 tuuman hedelmien M3-, 9- ja MK-vihannester\u00e4ll\u00e4. leivonnaiset, jotka ovat liian suuria pienemmille veitsille Kivipesupinta tarjoaa elintarviketurvallisen, v\u00e4h\u00e4n h\u00e4ik\u00e4isev\u00e4n pinnan ja erinomaisen korroosionkest\u00e4vyyden, kun taas titaanituet ja musta G-10-kahva tarjoavat ammattitason otteen, joka pysyy turvallisena my\u00f6s m\u00e4rk\u00e4n\u00e4.<\/p>\n<h3>M390MK Culinary Blade<\/h3>\n<p>Sama Bohler M390MK -ter\u00e4s, jota k\u00e4ytet\u00e4\u00e4n Microtechin taktisissa veitsiss\u00e4, tarjoaa veitsenter\u00e4v\u00e4n reunan, poikkeuksellisen korroosionkest\u00e4vyyden ja helpon teroittamisen vuosien ammattik\u00e4ytt\u00f6\u00f6n.<\/p>\n<h3>Titaaninen tukirakenne<\/h3>\n<p>Helmipuhalletut 6AL-4V titaanituet tarjoavat mukavan, tasapainoisen tunteen ja luonnollisen siirtym\u00e4n kahvan ja ter\u00e4n v\u00e4lill\u00e4. Titaani ei k\u00e4yt\u00e4nn\u00f6ss\u00e4 lis\u00e4\u00e4 painoa ja tarjoaa poikkeuksellisen kest\u00e4vyyden.<\/p>\n<h3>G-10-kahvavaa&#8217;at<\/h3>\n<p>Mustat G-10-komposiittikahvavaa&#8217;at eiv\u00e4t l\u00e4p\u00e4ise kosteutta, l\u00e4mp\u00f6\u00e4 ja ammattikeitti\u00f6iss\u00e4 esiintyvi\u00e4 kemikaaleja, mik\u00e4 varmistaa hygieenisen ja kest\u00e4v\u00e4n pitopinnan.<\/p>\n<h3>Premium-komponentit<\/h3>\n<ul>\n<li>Bohler M390MK -ter\u00e4 tasahionnalla ja kivipesulla<\/li>\n<li>Helmipuhalletut 6AL-4V titaanip\u00f6lkit<\/li>\n<li>Musta G-10-kahvavaaka<\/li>\n<li>Elintarviketurvallinen korroosionkest\u00e4v\u00e4 rakenne<\/li>\n<li>Elinik\u00e4inen takuu<\/li>\n<\/ul>\n<h3>Tekniset tiedot<\/h3>\n<table class=\"shop_attributes\">\n<tbody>\n<tr>\n<td><strong>Tyyppi<\/strong><\/td>\n<td>Kiinte\u00e4 ter\u00e4 (kulinaarinen)<\/td>\n<\/tr>\n<tr>\n<td><strong>Ter\u00e4n pituus<\/strong><\/td>\n<td>6,00&#8243;<\/td>\n<\/tr>\n<tr>\n<td><strong>Kokonaispituus<\/strong><\/td>\n<td>10,54&#8243;<\/td>\n<\/tr>\n<tr>\n<td><strong>ter\u00e4s<\/strong><\/td>\n<td>Bohler M390MK<\/td>\n<\/tr>\n<tr>\n<td><strong>ter\u00e4n viimeistely<\/strong><\/td>\n<td>Stonewash<\/td>\n<\/tr>\n<tr>\n<td><strong>ter\u00e4n hionta<\/strong><\/td>\n<td>Tasainen<\/td>\n<\/tr>\n<tr>\n<td><strong>K\u00e4sittelymateriaali<\/strong><\/td>\n<td>Musta G-10 ja titaanikannattimet<\/td>\n<\/tr>\n<tr>\n<td><strong>Palkimateriaali<\/strong><\/td>\n<td>Helmipuhallettu 6AL-4V titaani<\/td>\n<\/tr>\n<tr>\n<td><strong>Paino<\/strong><\/td>\n<td>4,54 unssia<\/td>\n<\/tr>\n<tr>\n<td><strong>Alkuper\u00e4maa<\/strong><\/td>\n<td>USA<\/td>\n<\/tr>\n<\/tbody>\n<\/table>\n","protected":false},"excerpt":{"rendered":"<p>Microtech 6\u2033 kulinaarinen veitsi kivipesulla M390MK-ter\u00e4ll\u00e4, titaanituilla ja mustalla G-10-kahvalla. T\u00e4ytt\u00e4\u00e4 leikkaamisen ja kokin veitsen v\u00e4lisen kuilun. 6,00&#8243; ter\u00e4, kokonaispituus 10,54&#8243;, 4,54 unssia.<\/p>\n","protected":false},"featured_media":731344,"template":"","meta":{"_acf_changed":false},"product_brand":[15521],"product_cat":[15857,15357],"product_tag":[],"class_list":{"0":"post-732231","1":"product","2":"type-product","3":"status-publish","4":"has-post-thumbnail","6":"product_brand-microtech","7":"product_cat-fixed-blade-knives-fi","8":"product_cat-knives-fi","10":"first","11":"outofstock","12":"taxable","13":"shipping-taxable","14":"purchasable","15":"product-type-simple"},"acf":[],"_links":{"self":[{"href":"https:\/\/nbg.eu\/fi\/wp-json\/wp\/v2\/product\/732231","targetHints":{"allow":["GET"]}}],"collection":[{"href":"https:\/\/nbg.eu\/fi\/wp-json\/wp\/v2\/product"}],"about":[{"href":"https:\/\/nbg.eu\/fi\/wp-json\/wp\/v2\/types\/product"}],"wp:featuredmedia":[{"embeddable":true,"href":"https:\/\/nbg.eu\/fi\/wp-json\/wp\/v2\/media\/731344"}],"wp:attachment":[{"href":"https:\/\/nbg.eu\/fi\/wp-json\/wp\/v2\/media?parent=732231"}],"wp:term":[{"taxonomy":"product_brand","embeddable":true,"href":"https:\/\/nbg.eu\/fi\/wp-json\/wp\/v2\/product_brand?post=732231"},{"taxonomy":"product_cat","embeddable":true,"href":"https:\/\/nbg.eu\/fi\/wp-json\/wp\/v2\/product_cat?post=732231"},{"taxonomy":"product_tag","embeddable":true,"href":"https:\/\/nbg.eu\/fi\/wp-json\/wp\/v2\/product_tag?post=732231"}],"curies":[{"name":"wp","href":"https:\/\/api.w.org\/{rel}","templated":true}]}}