{"id":733731,"date":"2026-03-24T13:39:57","date_gmt":"2026-03-24T10:39:57","guid":{"rendered":"https:\/\/nbg.eu\/product\/bergara-b14-hmr-24-308-win\/"},"modified":"2026-04-02T14:30:41","modified_gmt":"2026-04-02T11:30:41","slug":"bergara-b14-hmr-24-308-win","status":"publish","type":"product","link":"https:\/\/nbg.eu\/fi\/tuote\/bergara-b14-hmr-24-308-win\/","title":{"rendered":"Bergara B14 HMR 24&#8243; .308 Win"},"content":{"rendered":"<h2>Bergara B14 HMR 24&#8243; .308 Win<\/h2>\n<p>Bergara B14 HMR kaliiberissa .308 Win on tarkkuuspolttilukon kiv\u00e4\u00e4ri 24&#8243; piipulla ja integroidulla alumiini-mini-alustalla. Ihanteellinen pitkille sarjoille ja tarkkuusampumiselle pitkill\u00e4 et\u00e4isyyksill\u00e4.<\/p>\n<h3>Integroitu alumiini mini-alusta<\/h3>\n<p>Synteettisess\u00e4 tukissa on sis\u00e4\u00e4nrakennettu alumiini-mini-alusta, joka tarjoaa j\u00e4yk\u00e4n ja johdonmukaisen alustan optimaalista tarkkuutta varten. Kiinte\u00e4 rakenne v\u00e4hent\u00e4\u00e4 t\u00e4rin\u00e4\u00e4 laukaistaessa.<\/p>\n<h3>Tarkkuuspiippu korkealaatuisesta ter\u00e4ksest\u00e4<\/h3>\n<p>24 tuuman 4140 CrMo-ter\u00e4spiippu halkaisijaltaan 21,2 mm ja M18x1-kierteell\u00e4 suussa varmistaa erinomaiset ballistiset suoritukset tarkkaan ampumiseen pitkill\u00e4 et\u00e4isyyksill\u00e4.<\/p>\n<h3>Bergara Performance liipaisin<\/h3>\n<p>Tehdasasetuksena noin 1,4 kg, liipaisin on yhteensopiva Remington 700:n kanssa ja s\u00e4\u00e4dett\u00e4viss\u00e4 kuusiohylsyavaimella. Takaa puhtaan ja ennustettavan laukaisun tarkkaan ampumiseen.<\/p>\n<table>\n<tbody>\n<tr>\n<td>Kaliiperi<\/td>\n<td>.308 Winchester<\/td>\n<\/tr>\n<tr>\n<td>Mekanismi<\/td>\n<td>Bolt Action (B14)<\/td>\n<\/tr>\n<tr>\n<td>Piipun materiaali<\/td>\n<td>4140 CrMo Steel<\/td>\n<\/tr>\n<tr>\n<td>Piipun pituus<\/td>\n<td>24&#8243; (61 cm)<\/td>\n<\/tr>\n<tr>\n<td>Piipun halkaisija<\/td>\n<td>21.2 mm<\/td>\n<\/tr>\n<tr>\n<td>Kierrenousu<\/td>\n<td>1:10&#8243;<\/td>\n<\/tr>\n<tr>\n<td>Piipunp\u00e4\u00e4n kierre<\/td>\n<td>M18x1<\/td>\n<\/tr>\n<tr>\n<td>Kokonaispituus<\/td>\n<td>115 cm (45.3&#8243;)<\/td>\n<\/tr>\n<tr>\n<td>Paino<\/td>\n<td>4.52 kg<\/td>\n<\/tr>\n<tr>\n<td>Lipas<\/td>\n<td>5-round AICS detachable<\/td>\n<\/tr>\n<tr>\n<td>Tukki<\/td>\n<td>Synthetic with integrated mini-chassis<\/td>\n<\/tr>\n<tr>\n<td>Valmistaja<\/td>\n<td>Bergara, Spain<\/td>\n<\/tr>\n<\/tbody>\n<\/table>\n","protected":false},"excerpt":{"rendered":"<p>Bergara B14 HMR .308 Win yhdist\u00e4\u00e4 kilpailutarkkuuden mets\u00e4styskest\u00e4vyyteen. 24&#8243; 4140 CrMo piippu, integroitu alumiininen mini-alusta ja s\u00e4\u00e4dett\u00e4v\u00e4 Bergara Performance -liipasin takaavat alle 1 MOA tarkkuuden.<\/p>\n","protected":false},"featured_media":733732,"template":"","meta":{"_acf_changed":false},"product_brand":[16015],"product_cat":[13225,16044],"product_tag":[],"class_list":{"0":"post-733731","1":"product","2":"type-product","3":"status-publish","4":"has-post-thumbnail","6":"product_brand-bergara","7":"product_cat-kivaeaeri","8":"product_cat-bolt-action-rifles-fi","10":"first","11":"outofstock","12":"taxable","13":"shipping-taxable","14":"product-type-simple"},"acf":[],"_links":{"self":[{"href":"https:\/\/nbg.eu\/fi\/wp-json\/wp\/v2\/product\/733731","targetHints":{"allow":["GET"]}}],"collection":[{"href":"https:\/\/nbg.eu\/fi\/wp-json\/wp\/v2\/product"}],"about":[{"href":"https:\/\/nbg.eu\/fi\/wp-json\/wp\/v2\/types\/product"}],"wp:featuredmedia":[{"embeddable":true,"href":"https:\/\/nbg.eu\/fi\/wp-json\/wp\/v2\/media\/733732"}],"wp:attachment":[{"href":"https:\/\/nbg.eu\/fi\/wp-json\/wp\/v2\/media?parent=733731"}],"wp:term":[{"taxonomy":"product_brand","embeddable":true,"href":"https:\/\/nbg.eu\/fi\/wp-json\/wp\/v2\/product_brand?post=733731"},{"taxonomy":"product_cat","embeddable":true,"href":"https:\/\/nbg.eu\/fi\/wp-json\/wp\/v2\/product_cat?post=733731"},{"taxonomy":"product_tag","embeddable":true,"href":"https:\/\/nbg.eu\/fi\/wp-json\/wp\/v2\/product_tag?post=733731"}],"curies":[{"name":"wp","href":"https:\/\/api.w.org\/{rel}","templated":true}]}}