{"id":734259,"date":"2026-03-24T13:40:16","date_gmt":"2026-03-24T10:40:16","guid":{"rendered":"https:\/\/nbg.eu\/product\/bergara-b14-aics-lipas-7-prc-5-patruunaa\/"},"modified":"2026-04-03T15:50:50","modified_gmt":"2026-04-03T12:50:50","slug":"bergara-b14-aics-lipas-7-prc-5-patruunaa","status":"publish","type":"product","link":"https:\/\/nbg.eu\/fi\/tuote\/bergara-b14-aics-lipas-7-prc-5-patruunaa\/","title":{"rendered":"Accurate-Mag AICS 7 PRC Pitk\u00e4 Malli Lipas 5-Patruunan"},"content":{"rendered":"<h2>Accurate-Mag AICS .300 Win Mag \u2014 5-patruunan lipas<\/h2>\n<p>Accurate-Mag AICS lipas on OEM-luokan irrotettava lipas pitk\u00e4n iskun magnumkaliipereille. K\u00e4ytet\u00e4\u00e4n tehdasvarusteena johtavien asevalmistajien kuten Coltin, Savagen, Rugerin ja Remingtonin toimesta \u2014 alan standardi AICS-sy\u00f6tt\u00f6j\u00e4rjestelmille.<\/p>\n<h3>Premium-rakenne<\/h3>\n<p>Valmistettu ter\u00e4ksest\u00e4, l\u00e4mp\u00f6k\u00e4sitelty ja p\u00e4\u00e4llystetty teflonilla sujuvan asettelun ja korroosionkest\u00e4vyyden takaamiseksi. Yksirivisy\u00f6tt\u00f6inen suunnittelu (SSSF) takaa johdonmukaisen sy\u00f6t\u00f6n.<\/p>\n<h3>Universaali AICS-yhteensopivuus<\/h3>\n<p>Sopii kaikkiin AICS-lipaskaivolla \u2014 Bergara B14 HMR, B14 Wild HMR, Remington 700 AICS-alustassa, Savage AICS.<\/p>\n<table>\n<tbody>\n<tr>\n<td>Kapasiteetti<\/td>\n<td>5<\/td>\n<\/tr>\n<tr>\n<td>Yhteensopivat kaliiperiit<\/td>\n<td>.300 Win Mag, 7mm Rem Mag, .338 Win Mag, 7 PRC<\/td>\n<\/tr>\n<tr>\n<td>Sy\u00f6tt\u00f6tyyppi<\/td>\n<td>SSSF<\/td>\n<\/tr>\n<tr>\n<td>Materiaali<\/td>\n<td>Ter\u00e4s, l\u00e4mp\u00f6k\u00e4sitelty, teflonpinnoite<\/td>\n<\/tr>\n<tr>\n<td>Alusta<\/td>\n<td>AICS (Accuracy International)<\/td>\n<\/tr>\n<tr>\n<td>Valmistaja<\/td>\n<td>Accurate-Mag, USA<\/td>\n<\/tr>\n<\/tbody>\n<\/table>\n","protected":false},"excerpt":{"rendered":"<p>Accurate-Mag AICS 5-patruunan lipas long-action. Ter\u00e4s teflonilla. Yhteensopiva .300 Win Mag, 7mm Rem Mag, .338 Win Mag ja 7 PRC.<\/p>\n","protected":false},"featured_media":745019,"template":"","meta":{"_acf_changed":false},"product_brand":[16033],"product_cat":[13232],"product_tag":[],"class_list":{"0":"post-734259","1":"product","2":"type-product","3":"status-publish","4":"has-post-thumbnail","6":"product_brand-accurate-mag","7":"product_cat-kivaeaerin-lippaat","9":"first","10":"instock","11":"taxable","12":"shipping-taxable","13":"purchasable","14":"product-type-simple"},"acf":[],"_links":{"self":[{"href":"https:\/\/nbg.eu\/fi\/wp-json\/wp\/v2\/product\/734259","targetHints":{"allow":["GET"]}}],"collection":[{"href":"https:\/\/nbg.eu\/fi\/wp-json\/wp\/v2\/product"}],"about":[{"href":"https:\/\/nbg.eu\/fi\/wp-json\/wp\/v2\/types\/product"}],"wp:featuredmedia":[{"embeddable":true,"href":"https:\/\/nbg.eu\/fi\/wp-json\/wp\/v2\/media\/745019"}],"wp:attachment":[{"href":"https:\/\/nbg.eu\/fi\/wp-json\/wp\/v2\/media?parent=734259"}],"wp:term":[{"taxonomy":"product_brand","embeddable":true,"href":"https:\/\/nbg.eu\/fi\/wp-json\/wp\/v2\/product_brand?post=734259"},{"taxonomy":"product_cat","embeddable":true,"href":"https:\/\/nbg.eu\/fi\/wp-json\/wp\/v2\/product_cat?post=734259"},{"taxonomy":"product_tag","embeddable":true,"href":"https:\/\/nbg.eu\/fi\/wp-json\/wp\/v2\/product_tag?post=734259"}],"curies":[{"name":"wp","href":"https:\/\/api.w.org\/{rel}","templated":true}]}}