{"id":734305,"date":"2026-03-24T13:40:18","date_gmt":"2026-03-24T10:40:18","guid":{"rendered":"https:\/\/nbg.eu\/product\/bergara-b14-aics-lipas-short-action-10-patruunaa\/"},"modified":"2026-04-02T14:37:22","modified_gmt":"2026-04-02T11:37:22","slug":"bergara-b14-aics-lipas-short-action-10-patruunaa","status":"publish","type":"product","link":"https:\/\/nbg.eu\/fi\/tuote\/bergara-b14-aics-lipas-short-action-10-patruunaa\/","title":{"rendered":"Bergara B14 AICS Lipas Short Action 10-patruunaa"},"content":{"rendered":"<h2>Bergara B14 AICS Magazine Short Action 10-Round<\/h2>\n<p>Alkuper\u00e4inen 10-patruunan AICS-lipas B14 HMR. Yhteensopiva 6.5 Creedmoor ja .308 Win.<\/p>\n<table class=\"product-specs\">\n<tbody>\n<tr>\n<th>Kaliiperi<\/th>\n<td>6.5 Creedmoor \/ .308 Win<\/td>\n<\/tr>\n<tr>\n<th>Lipaskapasiteetti<\/th>\n<td>10 rounds<\/td>\n<\/tr>\n<tr>\n<th>Platform<\/th>\n<td>Bergara B14 Short Action (AICS)<\/td>\n<\/tr>\n<tr>\n<th>Materiaali<\/th>\n<td>Polyamide<\/td>\n<\/tr>\n<tr>\n<th>Manufacturer<\/th>\n<td>Bergara, Spain<\/td>\n<\/tr>\n<\/tbody>\n<\/table>\n","protected":false},"excerpt":{"rendered":"<p>Alkuper\u00e4inen 10-patruunan slim-line Bergara lipas B14 AICS Short Action kiv\u00e4\u00e4reillle. Yhteensopiva kaliipereiden 6.5 Creedmoor, .308 Win kanssa. Kevyt polymeerirakenne luotettavaan sy\u00f6tt\u00f6\u00f6n kilpailuissa ja mets\u00e4ll\u00e4.<\/p>\n","protected":false},"featured_media":734306,"template":"","meta":{"_acf_changed":false},"product_brand":[16015],"product_cat":[13232],"product_tag":[],"class_list":{"0":"post-734305","1":"product","2":"type-product","3":"status-publish","4":"has-post-thumbnail","6":"product_brand-bergara","7":"product_cat-kivaeaerin-lippaat","9":"first","10":"instock","11":"taxable","12":"shipping-taxable","13":"purchasable","14":"product-type-simple"},"acf":[],"_links":{"self":[{"href":"https:\/\/nbg.eu\/fi\/wp-json\/wp\/v2\/product\/734305","targetHints":{"allow":["GET"]}}],"collection":[{"href":"https:\/\/nbg.eu\/fi\/wp-json\/wp\/v2\/product"}],"about":[{"href":"https:\/\/nbg.eu\/fi\/wp-json\/wp\/v2\/types\/product"}],"wp:featuredmedia":[{"embeddable":true,"href":"https:\/\/nbg.eu\/fi\/wp-json\/wp\/v2\/media\/734306"}],"wp:attachment":[{"href":"https:\/\/nbg.eu\/fi\/wp-json\/wp\/v2\/media?parent=734305"}],"wp:term":[{"taxonomy":"product_brand","embeddable":true,"href":"https:\/\/nbg.eu\/fi\/wp-json\/wp\/v2\/product_brand?post=734305"},{"taxonomy":"product_cat","embeddable":true,"href":"https:\/\/nbg.eu\/fi\/wp-json\/wp\/v2\/product_cat?post=734305"},{"taxonomy":"product_tag","embeddable":true,"href":"https:\/\/nbg.eu\/fi\/wp-json\/wp\/v2\/product_tag?post=734305"}],"curies":[{"name":"wp","href":"https:\/\/api.w.org\/{rel}","templated":true}]}}