{"id":74142,"date":"2024-10-18T22:52:52","date_gmt":"2024-10-18T19:52:52","guid":{"rendered":"https:\/\/nbg.eu\/product\/mag-release-button-kmr-black\/"},"modified":"2026-04-16T16:50:35","modified_gmt":"2026-04-16T13:50:35","slug":"mag-vapautusnaeppaein-kmr-musta","status":"publish","type":"product","link":"https:\/\/nbg.eu\/fi\/tuote\/mag-vapautusnaeppaein-kmr-musta\/","title":{"rendered":"KMR Lippaan Vapautuspainike Standardi Musta"},"content":{"rendered":"<h2>Mag Release Button KMR &#8211; Musta<\/h2>\n<p>Mag Release Button KMR on olennainen lis\u00e4varuste asej\u00e4rjestelmillesi, suunniteltu tarjoamaan turvallinen ja luotettava lippaanvapautusmekanismi.<\/p>\n<p>T\u00e4m\u00e4 mustalla viimeistelyll\u00e4 varustettu Mag Release Button KMR on toiminnallinen, mutta lis\u00e4\u00e4 my\u00f6s taktista eleganssia aseeseesi. Kest\u00e4vist\u00e4 materiaaleista valmistettu, t\u00e4m\u00e4 painike varmistaa tasaisen ja luotettavan lippaanvapauttamisen joka kerta, mahdollistaen nopeat uudelleenlataukset ja sujuvan siirtymisen laukauksesta toiseen.<\/p>\n<p>Oletpa sitten kokenut ampuja tai vasta-alkaja, Mag Release Button KMR on olennainen lis\u00e4varuste, joka voi parantaa aseesi suorituskyky\u00e4 ja luotettavuutta. Monipuolisen yhteensopivuuden ja vahvan rakenteensa ansiosta t\u00e4m\u00e4 painike on v\u00e4ltt\u00e4m\u00e4t\u00f6n hankinta kaikille vakavasti otettaville aseen harrastajille.<\/p>\n<p>Aseille KMR:<\/p>\n<p>KMR L-02 EMIQ<\/p>\n<p>KMR L-02 EMIQ (TAI)<\/p>\n<p>KMR L-02 ORCA VUOTEEN 2023 SAAKKA<\/p>\n<p>KMR L-02 SPECTRA VUODESTA 2024 ALKAEN<\/p>\n<p>KMR L-02 SPECTRA VUOTEEN 2023 SAAKKA<\/p>\n<p>KMR L-02 UMBRA VUODESTA 2024 ALKAEN<\/p>\n<p>KMR L-02 UMBRA VUOTEEN 2023 SAAKKA<\/p>\n<p>KMR S-01 LANCE (TAI)<\/p>\n<p>KMR S-02 VUOTEEN 2023 SAAKKA<\/p>\n<p>KMR W-02 CUDA VUODESTA 2024 ALKAEN<\/p>\n<p>KMR W-02 CUDA VUOTEEN 2023 SAAKKA<\/p>\n<p>KMR W-02 UMBRA<\/p>\n<p>KMR W-02 UMBRA (TAI)<\/p>\n<p>Viite 0180-00801-0101<\/p>\n","protected":false},"excerpt":{"rendered":"<p>Mustan v\u00e4rin KMR-aseiden lipastollibenappi.<\/p>\n","protected":false},"featured_media":72238,"template":"","meta":{"_acf_changed":false},"product_brand":[11494],"product_cat":[13175],"product_tag":[],"class_list":{"0":"post-74142","1":"product","2":"type-product","3":"status-publish","4":"has-post-thumbnail","6":"product_brand-kmr-precision","7":"product_cat-kmr-osat","9":"first","10":"instock","11":"taxable","12":"shipping-taxable","13":"purchasable","14":"product-type-simple"},"acf":[],"_links":{"self":[{"href":"https:\/\/nbg.eu\/fi\/wp-json\/wp\/v2\/product\/74142","targetHints":{"allow":["GET"]}}],"collection":[{"href":"https:\/\/nbg.eu\/fi\/wp-json\/wp\/v2\/product"}],"about":[{"href":"https:\/\/nbg.eu\/fi\/wp-json\/wp\/v2\/types\/product"}],"wp:featuredmedia":[{"embeddable":true,"href":"https:\/\/nbg.eu\/fi\/wp-json\/wp\/v2\/media\/72238"}],"wp:attachment":[{"href":"https:\/\/nbg.eu\/fi\/wp-json\/wp\/v2\/media?parent=74142"}],"wp:term":[{"taxonomy":"product_brand","embeddable":true,"href":"https:\/\/nbg.eu\/fi\/wp-json\/wp\/v2\/product_brand?post=74142"},{"taxonomy":"product_cat","embeddable":true,"href":"https:\/\/nbg.eu\/fi\/wp-json\/wp\/v2\/product_cat?post=74142"},{"taxonomy":"product_tag","embeddable":true,"href":"https:\/\/nbg.eu\/fi\/wp-json\/wp\/v2\/product_tag?post=74142"}],"curies":[{"name":"wp","href":"https:\/\/api.w.org\/{rel}","templated":true}]}}