{"id":74208,"date":"2024-10-18T23:28:40","date_gmt":"2024-10-18T20:28:40","guid":{"rendered":"https:\/\/nbg.eu\/product\/extractor-l-02-40sw-kmr\/"},"modified":"2026-04-16T16:50:32","modified_gmt":"2026-04-16T13:50:32","slug":"ulosheittaejae-l-02-40sw-kmr","status":"publish","type":"product","link":"https:\/\/nbg.eu\/fi\/tuote\/ulosheittaejae-l-02-40sw-kmr\/","title":{"rendered":"KMR Ulosvedin L-02 .40 S&amp;W"},"content":{"rendered":"<div class=\"product-description\">\n<h2>Ulosvet\u00e4j\u00e4 L-02 .40SW &#8211; KMR<\/h2>\n<p>T\u00e4m\u00e4 ulosvet\u00e4j\u00e4 on suunniteltu KMR L-02 pistoolille .40 S&amp;W kaliiberille. Varaosa varmistaa luotettavan hylsyn ulosvedon ja toiminnan. Valmistettu kest\u00e4vist\u00e4 materiaaleista. Osa on tarkoitettu parantamaan aseen tarkkuutta ja luotettavuutta.<\/p>\n<\/div>\n","protected":false},"excerpt":{"rendered":"<p>Tarkka 40 S&amp;W ulosvet\u00e4j\u00e4 KMR L-02 -pistooliin.<\/p>\n","protected":false},"featured_media":72587,"template":"","meta":{"_acf_changed":false},"product_brand":[11494],"product_cat":[13175],"product_tag":[],"class_list":{"0":"post-74208","1":"product","2":"type-product","3":"status-publish","4":"has-post-thumbnail","6":"product_brand-kmr-precision","7":"product_cat-kmr-osat","9":"first","10":"instock","11":"taxable","12":"shipping-taxable","13":"purchasable","14":"product-type-simple"},"acf":[],"_links":{"self":[{"href":"https:\/\/nbg.eu\/fi\/wp-json\/wp\/v2\/product\/74208","targetHints":{"allow":["GET"]}}],"collection":[{"href":"https:\/\/nbg.eu\/fi\/wp-json\/wp\/v2\/product"}],"about":[{"href":"https:\/\/nbg.eu\/fi\/wp-json\/wp\/v2\/types\/product"}],"wp:featuredmedia":[{"embeddable":true,"href":"https:\/\/nbg.eu\/fi\/wp-json\/wp\/v2\/media\/72587"}],"wp:attachment":[{"href":"https:\/\/nbg.eu\/fi\/wp-json\/wp\/v2\/media?parent=74208"}],"wp:term":[{"taxonomy":"product_brand","embeddable":true,"href":"https:\/\/nbg.eu\/fi\/wp-json\/wp\/v2\/product_brand?post=74208"},{"taxonomy":"product_cat","embeddable":true,"href":"https:\/\/nbg.eu\/fi\/wp-json\/wp\/v2\/product_cat?post=74208"},{"taxonomy":"product_tag","embeddable":true,"href":"https:\/\/nbg.eu\/fi\/wp-json\/wp\/v2\/product_tag?post=74208"}],"curies":[{"name":"wp","href":"https:\/\/api.w.org\/{rel}","templated":true}]}}