{"id":745459,"date":"2026-04-03T17:00:37","date_gmt":"2026-04-03T14:00:37","guid":{"rendered":"https:\/\/nbg.eu\/product\/turan-9x19mm-luger-fmj-124-gr-patruuna\/"},"modified":"2026-04-03T17:09:10","modified_gmt":"2026-04-03T14:09:10","slug":"turan-9x19mm-luger-fmj-124-gr-patruuna","status":"publish","type":"product","link":"https:\/\/nbg.eu\/fi\/tuote\/turan-9x19mm-luger-fmj-124-gr-patruuna\/","title":{"rendered":"Turan 9x19mm Luger FMJ 124 gr patruuna"},"content":{"rendered":"<h2>Turan 9x19mm Luger FMJ 124 gr patruuna<\/h2>\n<p>Turan 9x19mm Luger FMJ patruuna, 124 grainia. Messinki hylsy, Boxer-nalli, ei-magneettinen FMJ-luoti. Valmistettu Turkissa NATO-spesifikaatioiden mukaisesti. Piipunopeus 370 m\/s. Harjoitteluun, tauluk<\/p>\n<h3>Johdonmukainen suorituskyky<\/h3>\n<p>Piipunopeudella 1214 fps (370 m\/s) ja piipuenergialla 339 ft-lbs (460 J) n\u00e4m\u00e4 patruunat tarjoavat johdonmukaisen ballistiikan tarkkaan harjoitteluun ja kilpailuihin. 124-grainin luoti on NATO-standardi 9mm:lle, tarjoten tasapainon hallittavan rekyylin ja luotettavan toiminnan v\u00e4lill\u00e4.<\/p>\n<h3>K\u00e4yt\u00e4nn\u00f6llinen harjoitusammunition<\/h3>\n<p>Turan 9x19mm on suunniteltu suuren volyymin harjoitusammunikseen edulliseen hintaan. Laadukkaan valmistuksen, NATO-johdonmukaisuuden ja kilpailukykyisen hinnoittelun yhdistelm\u00e4 tekee siit\u00e4 erinomaisen valinnan koulutusohjelmiin, ampumaseuroihin ja yksil\u00f6harjoitteluun.<\/p>\n<table>\n<tbody>\n<tr>\n<td>Kaliiperi<\/td>\n<td>9x19mm Luger \/ Parabellum<\/td>\n<\/tr>\n<tr>\n<td>Luodin paino<\/td>\n<td>124 gr (8.0 g)<\/td>\n<\/tr>\n<tr>\n<td>Luotityyppi<\/td>\n<td>Full Metal Jacket (FMJ)<\/td>\n<\/tr>\n<tr>\n<td>Piipunopeus<\/td>\n<td>1,214 fps (370 m\/s)<\/td>\n<\/tr>\n<tr>\n<td>Piipuenergia<\/td>\n<td>339 ft-lbs (460 J)<\/td>\n<\/tr>\n<tr>\n<td>Hylsyn materiaali<\/td>\n<td>Messinki, uusi<\/td>\n<\/tr>\n<tr>\n<td>Nalli<\/td>\n<td>Boxer<\/td>\n<\/tr>\n<tr>\n<td>Magneettinen<\/td>\n<td>Ei<\/td>\n<\/tr>\n<tr>\n<td>Uudelleenladattava<\/td>\n<td>Kyll\u00e4<\/td>\n<\/tr>\n<tr>\n<td>Valmistaja<\/td>\n<td>Turan, Turkey<\/td>\n<\/tr>\n<\/tbody>\n<\/table>\n","protected":false},"excerpt":{"rendered":"<p>Turan 9x19mm Luger FMJ patruuna, 124 grainia. Messinki hylsy, Boxer-nalli, ei-magneettinen FMJ-luoti. Valmistettu Turkissa NATO-spesifikaatioiden mukaisesti. Piipunopeus 370 m\/s. Harjoitteluun, taulukammuntaan ja kilpailuihin. Myyd\u00e4\u00e4n kappaleittain.<\/p>\n","protected":false},"featured_media":745460,"template":"","meta":{"_acf_changed":false},"product_brand":[],"product_cat":[13228,13218],"product_tag":[],"class_list":{"0":"post-745459","1":"product","2":"type-product","3":"status-publish","4":"has-post-thumbnail","6":"product_cat-ammukset","7":"product_cat-pistoolin-ammukset","9":"first","10":"instock","11":"taxable","12":"shipping-taxable","13":"product-type-simple"},"acf":[],"_links":{"self":[{"href":"https:\/\/nbg.eu\/fi\/wp-json\/wp\/v2\/product\/745459","targetHints":{"allow":["GET"]}}],"collection":[{"href":"https:\/\/nbg.eu\/fi\/wp-json\/wp\/v2\/product"}],"about":[{"href":"https:\/\/nbg.eu\/fi\/wp-json\/wp\/v2\/types\/product"}],"wp:featuredmedia":[{"embeddable":true,"href":"https:\/\/nbg.eu\/fi\/wp-json\/wp\/v2\/media\/745460"}],"wp:attachment":[{"href":"https:\/\/nbg.eu\/fi\/wp-json\/wp\/v2\/media?parent=745459"}],"wp:term":[{"taxonomy":"product_brand","embeddable":true,"href":"https:\/\/nbg.eu\/fi\/wp-json\/wp\/v2\/product_brand?post=745459"},{"taxonomy":"product_cat","embeddable":true,"href":"https:\/\/nbg.eu\/fi\/wp-json\/wp\/v2\/product_cat?post=745459"},{"taxonomy":"product_tag","embeddable":true,"href":"https:\/\/nbg.eu\/fi\/wp-json\/wp\/v2\/product_tag?post=745459"}],"curies":[{"name":"wp","href":"https:\/\/api.w.org\/{rel}","templated":true}]}}