{"id":745586,"date":"2026-04-03T17:24:57","date_gmt":"2026-04-03T14:24:57","guid":{"rendered":"https:\/\/nbg.eu\/product\/maxxtech-45-acp-fmj-230-gr-patruuna\/"},"modified":"2026-04-03T17:39:19","modified_gmt":"2026-04-03T14:39:19","slug":"maxxtech-45-acp-fmj-230-gr-patruuna","status":"publish","type":"product","link":"https:\/\/nbg.eu\/fi\/tuote\/maxxtech-45-acp-fmj-230-gr-patruuna\/","title":{"rendered":"MaxxTech .45 ACP FMJ 230 gr patruuna"},"content":{"rendered":"<h2>MaxxTech .45 ACP FMJ 230 gr patruuna<\/h2>\n<p>MaxxTech .45 ACP tarjoaa luotettavan t\u00e4ystehon suorituskyvyn harjoitteluun ja urheiluammuntaan. Ladattu POBJEDA Technologyn toimesta \u2014 60+ vuoden kokemuksella \u2014 MaxxTech ammunitio on rakennettu johdonmukaisiin standardeihin .45 ACP alustoille.<\/p>\n<h3>Johdonmukainen suorituskyky<\/h3>\n<p>230-grainin FMJ-luoti on .45 ACP:n vakiopaino tutulla rekyyliimpulssilla ja osumispisteell\u00e4. Piipunopeudella 853 fps (260 m\/s) n\u00e4m\u00e4 patruunat tarjoavat johdonmukaisen ballistiikan kerrasta toiseen \u2014 v\u00e4ltt\u00e4m\u00e4t\u00f6nt\u00e4 ampumataitojen ja lihasmuistin rakentamiseen.<\/p>\n<h3>K\u00e4yt\u00e4nn\u00f6llinen harjoitusammunition<\/h3>\n<p>MaxxTech .45 ACP on suunniteltu suuren volyymin harjoitusammunikseen kilpailukykyiseen hintaan. Uudet messinkihylsyt Boxer-nallilla luotettavaan sytytt\u00e4miseen, uudelleen ladattavia. Ei-sy\u00f6vytt\u00e4v\u00e4 koostumus ei vaadi erikoispuhdistusta. Erinomainen valinta koulutukseen, ampumaseuroihin ja henkil\u00f6kohtaiseen harjoitteluun.<\/p>\n<table>\n<tbody>\n<tr>\n<td>Kaliiperi<\/td>\n<td>.45 ACP (Auto)<\/td>\n<\/tr>\n<tr>\n<td>Luodin paino<\/td>\n<td>230 gr (14.9 g)<\/td>\n<\/tr>\n<tr>\n<td>Luotityyppi<\/td>\n<td>Full Metal Jacket (FMJ)<\/td>\n<\/tr>\n<tr>\n<td>Piipunopeus<\/td>\n<td>853 fps (260 m\/s)<\/td>\n<\/tr>\n<tr>\n<td>Hylsyn materiaali<\/td>\n<td>Messinki, uusi<\/td>\n<\/tr>\n<tr>\n<td>Nalli<\/td>\n<td>Boxer, ei-sy\u00f6vytt\u00e4v\u00e4<\/td>\n<\/tr>\n<tr>\n<td>Uudelleenladattava<\/td>\n<td>Kyll\u00e4<\/td>\n<\/tr>\n<tr>\n<td>Valmistaja<\/td>\n<td>MaxxTech \/ POBJEDA Technology<\/td>\n<\/tr>\n<\/tbody>\n<\/table>\n","protected":false},"excerpt":{"rendered":"<p>MaxxTech .45 ACP FMJ patruuna, 230 grainia. Messinki hylsy, Boxer-nalli, ei-sy\u00f6vytt\u00e4v\u00e4. Valmistaja POBJEDA Technology 60+ vuoden kokemuksella. Piipunopeus 260 m\/s. Luotettava harjoitusammunitio. Kappaleittain.<\/p>\n","protected":false},"featured_media":745587,"template":"","meta":{"_acf_changed":false},"product_brand":[11562],"product_cat":[13228,13218],"product_tag":[],"class_list":{"0":"post-745586","1":"product","2":"type-product","3":"status-publish","4":"has-post-thumbnail","6":"product_brand-maxxtech","7":"product_cat-ammukset","8":"product_cat-pistoolin-ammukset","10":"first","11":"instock","12":"taxable","13":"shipping-taxable","14":"product-type-simple"},"acf":[],"_links":{"self":[{"href":"https:\/\/nbg.eu\/fi\/wp-json\/wp\/v2\/product\/745586","targetHints":{"allow":["GET"]}}],"collection":[{"href":"https:\/\/nbg.eu\/fi\/wp-json\/wp\/v2\/product"}],"about":[{"href":"https:\/\/nbg.eu\/fi\/wp-json\/wp\/v2\/types\/product"}],"wp:featuredmedia":[{"embeddable":true,"href":"https:\/\/nbg.eu\/fi\/wp-json\/wp\/v2\/media\/745587"}],"wp:attachment":[{"href":"https:\/\/nbg.eu\/fi\/wp-json\/wp\/v2\/media?parent=745586"}],"wp:term":[{"taxonomy":"product_brand","embeddable":true,"href":"https:\/\/nbg.eu\/fi\/wp-json\/wp\/v2\/product_brand?post=745586"},{"taxonomy":"product_cat","embeddable":true,"href":"https:\/\/nbg.eu\/fi\/wp-json\/wp\/v2\/product_cat?post=745586"},{"taxonomy":"product_tag","embeddable":true,"href":"https:\/\/nbg.eu\/fi\/wp-json\/wp\/v2\/product_tag?post=745586"}],"curies":[{"name":"wp","href":"https:\/\/api.w.org\/{rel}","templated":true}]}}