{"id":749253,"date":"2026-04-24T11:17:23","date_gmt":"2026-04-24T08:17:23","guid":{"rendered":"https:\/\/nbg.eu\/product\/eberlestock-wrs-retention-strap\/"},"modified":"2026-04-24T11:58:29","modified_gmt":"2026-04-24T08:58:29","slug":"eberlestock-wrs-retention-strap","status":"publish","type":"product","link":"https:\/\/nbg.eu\/fi\/tuote\/eberlestock-wrs-retention-strap\/","title":{"rendered":"Eberlestock WRS-Retention Strap"},"content":{"rendered":"<h2>Eberlestock WRS-Retention Strap<\/h2>\n<p>Eberlestock WRS Retention Strap on yksinkertainen mutta eritt\u00e4in tehokas lis\u00e4varuste, joka on suunniteltu parantamaan hallintaa ja mukautuvuutta kantoj\u00e4rjestelm\u00e4ss\u00e4si. Saatavana useissa v\u00e4rivaihtoehdoissa, jotka sopivat nykyiseen Eberlestock-varusteeseesi, t\u00e4m\u00e4 kevyt hihna antaa k\u00e4ytt\u00e4jille enemm\u00e4n joustavuutta aseiden, varusteiden ja lis\u00e4varusteiden kiinnitt\u00e4misess\u00e4 MOLLE-yhteensopiviin alustoihin.<\/p>\n<h3>T\u00e4rkeimm\u00e4t ominaisuudet<\/h3>\n<ul>\n<li>Universaali MOLLE-yhteensopiva kiinnitys Eberlestock-reppujen ja -lis\u00e4varusteiden kanssa<\/li>\n<li>Suunniteltu aseen pid\u00e4tykseen ja yleisk\u00e4ytt\u00f6iseen varusteiden kiinnitykseen<\/li>\n<li>Matalaprofiilinen muotoilu, joka integroituu saumattomasti olemassa oleviin varusteisiin<\/li>\n<li>Pikas\u00e4\u00e4t\u00f6toiminto nopeaan k\u00e4ytt\u00f6\u00f6nottoon ja s\u00e4ilytykseen<\/li>\n<li>Saatavana useissa v\u00e4reiss\u00e4: Dry Earth, Military Green, Coyote Brown ja Multicam<\/li>\n<li>Eberlestock elinik\u00e4inen takuu<\/li>\n<\/ul>\n<h3>Tekniset tiedot<\/h3>\n<table>\n<tr>\n<td><strong>Tuotekoodit<\/strong><\/td>\n<td>WRSME (Dry Earth), WRSMJ (Military Green), WRSMC (Coyote Brown), WRSMM (Multicam)<\/td>\n<\/tr>\n<tr>\n<td><strong>Paino<\/strong><\/td>\n<td>4 oz<\/td>\n<\/tr>\n<tr>\n<td><strong>Yhteensopivuus<\/strong><\/td>\n<td>MOLLE \/ PALS<\/td>\n<\/tr>\n<tr>\n<td><strong>Valmistaja<\/strong><\/td>\n<td>Eberlestock (Veteraanien yritys)<\/td>\n<\/tr>\n<\/table>\n","protected":false},"excerpt":{"rendered":"<p>Eberlestock WRS Retention Strap on yksinkertainen mutta eritt\u00e4in tehokas lis\u00e4varuste, joka on suunniteltu parantamaan hallintaa ja mukautuvuutta kantoj\u00e4rjestelm\u00e4ss\u00e4si. Saatavana useissa v\u00e4rivaihtoehdoissa, jotka sopivat nykyiseen Eberlestock-varusteeseesi, t\u00e4m\u00e4 kevyt hihna antaa k\u00e4ytt\u00e4jille enemm\u00e4n joustavuutta aseiden, varusteiden ja lis\u00e4varusteiden kiinnitt\u00e4misess\u00e4 MOLLE-yhteensopiviin alustoihin.<\/p>\n","protected":false},"featured_media":749254,"template":"","meta":{"_acf_changed":false},"product_brand":[15142],"product_cat":[13233],"product_tag":[],"class_list":{"0":"post-749253","1":"product","2":"type-product","3":"status-publish","4":"has-post-thumbnail","6":"product_brand-eberlestock","7":"product_cat-varusteet","9":"first","10":"outofstock","11":"taxable","12":"shipping-taxable","13":"purchasable","14":"product-type-variable","15":"wvs-archive-product-wrapper"},"acf":[],"_links":{"self":[{"href":"https:\/\/nbg.eu\/fi\/wp-json\/wp\/v2\/product\/749253","targetHints":{"allow":["GET"]}}],"collection":[{"href":"https:\/\/nbg.eu\/fi\/wp-json\/wp\/v2\/product"}],"about":[{"href":"https:\/\/nbg.eu\/fi\/wp-json\/wp\/v2\/types\/product"}],"wp:featuredmedia":[{"embeddable":true,"href":"https:\/\/nbg.eu\/fi\/wp-json\/wp\/v2\/media\/749254"}],"wp:attachment":[{"href":"https:\/\/nbg.eu\/fi\/wp-json\/wp\/v2\/media?parent=749253"}],"wp:term":[{"taxonomy":"product_brand","embeddable":true,"href":"https:\/\/nbg.eu\/fi\/wp-json\/wp\/v2\/product_brand?post=749253"},{"taxonomy":"product_cat","embeddable":true,"href":"https:\/\/nbg.eu\/fi\/wp-json\/wp\/v2\/product_cat?post=749253"},{"taxonomy":"product_tag","embeddable":true,"href":"https:\/\/nbg.eu\/fi\/wp-json\/wp\/v2\/product_tag?post=749253"}],"curies":[{"name":"wp","href":"https:\/\/api.w.org\/{rel}","templated":true}]}}