{"id":749438,"date":"2026-04-24T11:17:29","date_gmt":"2026-04-24T08:17:29","guid":{"rendered":"https:\/\/nbg.eu\/product\/eberlestock-freefall-2000-reppu\/"},"modified":"2026-04-24T11:59:28","modified_gmt":"2026-04-24T08:59:28","slug":"eberlestock-freefall-2000-reppu","status":"publish","type":"product","link":"https:\/\/nbg.eu\/fi\/tuote\/eberlestock-freefall-2000-reppu\/","title":{"rendered":"Eberlestock FreeFall 2000 Reppu"},"content":{"rendered":"<h2>Eberlestock FreeFall 2000 Reppu<\/h2>\n<p>Eberlestock FreeFall 2000 on monipuolinen, matalaprofiiilinen alusta, joka soveltuu usean p\u00e4iv\u00e4n retkille minimaalisella varusteella tai p\u00e4iv\u00e4retkille t\u00e4ydell\u00e4 varustuksella. Tilava yl\u00e4kansi, seitsem\u00e4n sis\u00e4taskua, vesirakontasku, kompressiohihnat ja lantiovy\u00f6n taskut tekev\u00e4t t\u00e4st\u00e4 repusta t\u00e4ydellisen valinnan vaativille retkeilij\u00f6ille ja taktisille operaattoreille.<\/p>\n<h3>T\u00e4rkeimm\u00e4t ominaisuudet<\/h3>\n<ul>\n<li>2000 c.i. \/ 32.8L capacity<\/li>\n<li>Spacious top lid<\/li>\n<li>Seven interior pockets<\/li>\n<li>Water bladder sleeve<\/li>\n<li>Compression straps<\/li>\n<li>Hip-belt pockets<\/li>\n<li>Aluminum frame<\/li>\n<li>Eberlestock Lifetime Warranty<\/li>\n<\/ul>\n<h3>Tekniset tiedot<\/h3>\n<table>\n<tr>\n<td><strong>Tilavuus<\/strong><\/td>\n<td>2000 c.i. \/ 32.8L<\/td>\n<\/tr>\n<tr>\n<td><strong>Paino<\/strong><\/td>\n<td>4 lbs 9 oz<\/td>\n<\/tr>\n<tr>\n<td><strong>Runko<\/strong><\/td>\n<td>Aluminum<\/td>\n<\/tr>\n<tr>\n<td><strong>Tuotekoodit<\/strong><\/td>\n<td>V7MC, V7GY, V7MB, V7ME, V7MJ, V7MM<\/td>\n<\/tr>\n<tr>\n<td><strong>Valmistaja<\/strong><\/td>\n<td>Eberlestock (Veteraanien yritys)<\/td>\n<\/tr>\n<\/table>\n","protected":false},"excerpt":{"rendered":"<p>Eberlestock FreeFall 2000 on monipuolinen, matalaprofiiilinen alusta, joka soveltuu usean p\u00e4iv\u00e4n retkille minimaalisella varusteella tai p\u00e4iv\u00e4retkille t\u00e4ydell\u00e4 varustuksella. Tilava yl\u00e4kansi, seitsem\u00e4n sis\u00e4taskua, vesirakontasku, kompressiohihnat ja lantiovy\u00f6n taskut tekev\u00e4t t\u00e4st\u00e4 repusta t\u00e4ydellisen valinnan vaativille retkeilij\u00f6ille ja taktisille operaattoreille.<\/p>\n","protected":false},"featured_media":749439,"template":"","meta":{"_acf_changed":false},"product_brand":[15142],"product_cat":[13169],"product_tag":[],"class_list":{"0":"post-749438","1":"product","2":"type-product","3":"status-publish","4":"has-post-thumbnail","6":"product_brand-eberlestock","7":"product_cat-reput","9":"first","10":"outofstock","11":"taxable","12":"shipping-taxable","13":"purchasable","14":"product-type-variable","15":"wvs-archive-product-wrapper"},"acf":[],"_links":{"self":[{"href":"https:\/\/nbg.eu\/fi\/wp-json\/wp\/v2\/product\/749438","targetHints":{"allow":["GET"]}}],"collection":[{"href":"https:\/\/nbg.eu\/fi\/wp-json\/wp\/v2\/product"}],"about":[{"href":"https:\/\/nbg.eu\/fi\/wp-json\/wp\/v2\/types\/product"}],"wp:featuredmedia":[{"embeddable":true,"href":"https:\/\/nbg.eu\/fi\/wp-json\/wp\/v2\/media\/749439"}],"wp:attachment":[{"href":"https:\/\/nbg.eu\/fi\/wp-json\/wp\/v2\/media?parent=749438"}],"wp:term":[{"taxonomy":"product_brand","embeddable":true,"href":"https:\/\/nbg.eu\/fi\/wp-json\/wp\/v2\/product_brand?post=749438"},{"taxonomy":"product_cat","embeddable":true,"href":"https:\/\/nbg.eu\/fi\/wp-json\/wp\/v2\/product_cat?post=749438"},{"taxonomy":"product_tag","embeddable":true,"href":"https:\/\/nbg.eu\/fi\/wp-json\/wp\/v2\/product_tag?post=749438"}],"curies":[{"name":"wp","href":"https:\/\/api.w.org\/{rel}","templated":true}]}}