{"id":749691,"date":"2026-04-24T11:17:35","date_gmt":"2026-04-24T08:17:35","guid":{"rendered":"https:\/\/nbg.eu\/product\/eberlestock-freefall-3000-reppu\/"},"modified":"2026-04-24T12:00:27","modified_gmt":"2026-04-24T09:00:27","slug":"eberlestock-freefall-3000-reppu","status":"publish","type":"product","link":"https:\/\/nbg.eu\/fi\/tuote\/eberlestock-freefall-3000-reppu\/","title":{"rendered":"Eberlestock FreeFall 3000 Reppu"},"content":{"rendered":"<h2>Eberlestock FreeFall 3000 Reppu<\/h2>\n<p>Eberlestock FreeFall 3000 on FreeFall-sarjan suurempi sisarusmalli, joka tarjoaa 3000 kuutiotoiman kapasiteetin pitkille er\u00e4retkille ja usean p\u00e4iv\u00e4n operaatioille. Samalla todistetulla suunnittelulla, jossa on vankka alumiinirunko, seitsem\u00e4n sis\u00e4taskua ja kattava organisointi, t\u00e4m\u00e4 reppu k\u00e4sittelee raskaampia kuormia vaivattomasti.<\/p>\n<h3>T\u00e4rkeimm\u00e4t ominaisuudet<\/h3>\n<ul>\n<li>3000 c.i. \/ 49.2L capacity<\/li>\n<li>Spacious top lid<\/li>\n<li>Seven interior pockets<\/li>\n<li>Water bladder sleeve<\/li>\n<li>Compression straps<\/li>\n<li>Hip-belt pockets<\/li>\n<li>Aluminum frame<\/li>\n<li>Eberlestock Lifetime Warranty<\/li>\n<\/ul>\n<h3>Tekniset tiedot<\/h3>\n<table>\n<tr>\n<td><strong>Tilavuus<\/strong><\/td>\n<td>3000 c.i. \/ 49.2L<\/td>\n<\/tr>\n<tr>\n<td><strong>Paino<\/strong><\/td>\n<td>5 lbs 1 oz<\/td>\n<\/tr>\n<tr>\n<td><strong>Runko<\/strong><\/td>\n<td>Aluminum<\/td>\n<\/tr>\n<tr>\n<td><strong>Tuotekoodit<\/strong><\/td>\n<td>V8MC, V8GY, V8MB, V8ME, V8MJ, V8MM<\/td>\n<\/tr>\n<tr>\n<td><strong>Valmistaja<\/strong><\/td>\n<td>Eberlestock (Veteraanien yritys)<\/td>\n<\/tr>\n<\/table>\n","protected":false},"excerpt":{"rendered":"<p>Eberlestock FreeFall 3000 on FreeFall-sarjan suurempi sisarusmalli, joka tarjoaa 3000 kuutiotoiman kapasiteetin pitkille er\u00e4retkille ja usean p\u00e4iv\u00e4n operaatioille. Samalla todistetulla suunnittelulla, jossa on vankka alumiinirunko, seitsem\u00e4n sis\u00e4taskua ja kattava organisointi, t\u00e4m\u00e4 reppu k\u00e4sittelee raskaampia kuormia vaivattomasti.<\/p>\n","protected":false},"featured_media":749692,"template":"","meta":{"_acf_changed":false},"product_brand":[15142],"product_cat":[13169],"product_tag":[],"class_list":{"0":"post-749691","1":"product","2":"type-product","3":"status-publish","4":"has-post-thumbnail","6":"product_brand-eberlestock","7":"product_cat-reput","9":"first","10":"outofstock","11":"taxable","12":"shipping-taxable","13":"purchasable","14":"product-type-variable","15":"wvs-archive-product-wrapper"},"acf":[],"_links":{"self":[{"href":"https:\/\/nbg.eu\/fi\/wp-json\/wp\/v2\/product\/749691","targetHints":{"allow":["GET"]}}],"collection":[{"href":"https:\/\/nbg.eu\/fi\/wp-json\/wp\/v2\/product"}],"about":[{"href":"https:\/\/nbg.eu\/fi\/wp-json\/wp\/v2\/types\/product"}],"wp:featuredmedia":[{"embeddable":true,"href":"https:\/\/nbg.eu\/fi\/wp-json\/wp\/v2\/media\/749692"}],"wp:attachment":[{"href":"https:\/\/nbg.eu\/fi\/wp-json\/wp\/v2\/media?parent=749691"}],"wp:term":[{"taxonomy":"product_brand","embeddable":true,"href":"https:\/\/nbg.eu\/fi\/wp-json\/wp\/v2\/product_brand?post=749691"},{"taxonomy":"product_cat","embeddable":true,"href":"https:\/\/nbg.eu\/fi\/wp-json\/wp\/v2\/product_cat?post=749691"},{"taxonomy":"product_tag","embeddable":true,"href":"https:\/\/nbg.eu\/fi\/wp-json\/wp\/v2\/product_tag?post=749691"}],"curies":[{"name":"wp","href":"https:\/\/api.w.org\/{rel}","templated":true}]}}