{"id":749932,"date":"2026-04-24T11:17:42","date_gmt":"2026-04-24T08:17:42","guid":{"rendered":"https:\/\/nbg.eu\/product\/eberlestock-mission-ruck-multicam\/"},"modified":"2026-04-24T12:01:26","modified_gmt":"2026-04-24T09:01:26","slug":"eberlestock-mission-ruck-multicam","status":"publish","type":"product","link":"https:\/\/nbg.eu\/fi\/tuote\/eberlestock-mission-ruck-multicam\/","title":{"rendered":"Eberlestock Mission Ruck &#8211; Multicam"},"content":{"rendered":"<h2>Eberlestock Mission Ruck<\/h2>\n<p>Pitk\u00e4aikaisiin kentt\u00e4operaatioihin rakennettu Eberlestock Mission Ruck integroituu saumattomasti Eberlestock Mission System -j\u00e4rjestelm\u00e4\u00e4n. T\u00e4m\u00e4 muokattava, MOLLE-yhteensopiva reppu tarjoaa 4834 kuutiotoiman tilavuuden ja on suunniteltu vaativimpiin taktisiin ja sotilaallisiin teht\u00e4viin, samalla kun se on rakennettu kest\u00e4m\u00e4\u00e4n koko elini\u00e4n.<\/p>\n<h3>T\u00e4rkeimm\u00e4t ominaisuudet<\/h3>\n<ul>\n<li>4834 c.i. internal volume<\/li>\n<li>Full MOLLE\/PALS compatibility<\/li>\n<li>Mission System integration<\/li>\n<li>Configurable design<\/li>\n<li>Padded shoulder straps and hip belt<\/li>\n<li>Eberlestock Lifetime Warranty<\/li>\n<\/ul>\n<h3>Tekniset tiedot<\/h3>\n<table>\n<tr>\n<td><strong>Tilavuus<\/strong><\/td>\n<td>4834 c.i.<\/td>\n<\/tr>\n<tr>\n<td><strong>Paino<\/strong><\/td>\n<td>3 lbs 5 oz<\/td>\n<\/tr>\n<tr>\n<td><strong>Mitat<\/strong><\/td>\n<td>36&#8243;H x 12&#8243;W x 8.5&#8243;D<\/td>\n<\/tr>\n<tr>\n<td><strong>Tuotekoodit<\/strong><\/td>\n<td>MR1MM (Multicam), MR1MC (Coyote Brown), MR1MJ (Military Green)<\/td>\n<\/tr>\n<tr>\n<td><strong>Valmistaja<\/strong><\/td>\n<td>Eberlestock (Veteraanien yritys)<\/td>\n<\/tr>\n<\/table>\n","protected":false},"excerpt":{"rendered":"<p>Pitk\u00e4aikaisiin kentt\u00e4operaatioihin rakennettu Eberlestock Mission Ruck integroituu saumattomasti Eberlestock Mission System -j\u00e4rjestelm\u00e4\u00e4n. T\u00e4m\u00e4 muokattava, MOLLE-yhteensopiva reppu tarjoaa 4834 kuutiotoiman tilavuuden ja on suunniteltu vaativimpiin taktisiin ja sotilaallisiin teht\u00e4viin, samalla kun se on rakennettu kest\u00e4m\u00e4\u00e4n koko elini\u00e4n.<\/p>\n","protected":false},"featured_media":749933,"template":"","meta":{"_acf_changed":false},"product_brand":[15142],"product_cat":[13169],"product_tag":[],"class_list":{"0":"post-749932","1":"product","2":"type-product","3":"status-publish","4":"has-post-thumbnail","6":"product_brand-eberlestock","7":"product_cat-reput","9":"first","10":"outofstock","11":"taxable","12":"shipping-taxable","13":"purchasable","14":"product-type-simple"},"acf":[],"_links":{"self":[{"href":"https:\/\/nbg.eu\/fi\/wp-json\/wp\/v2\/product\/749932","targetHints":{"allow":["GET"]}}],"collection":[{"href":"https:\/\/nbg.eu\/fi\/wp-json\/wp\/v2\/product"}],"about":[{"href":"https:\/\/nbg.eu\/fi\/wp-json\/wp\/v2\/types\/product"}],"wp:featuredmedia":[{"embeddable":true,"href":"https:\/\/nbg.eu\/fi\/wp-json\/wp\/v2\/media\/749933"}],"wp:attachment":[{"href":"https:\/\/nbg.eu\/fi\/wp-json\/wp\/v2\/media?parent=749932"}],"wp:term":[{"taxonomy":"product_brand","embeddable":true,"href":"https:\/\/nbg.eu\/fi\/wp-json\/wp\/v2\/product_brand?post=749932"},{"taxonomy":"product_cat","embeddable":true,"href":"https:\/\/nbg.eu\/fi\/wp-json\/wp\/v2\/product_cat?post=749932"},{"taxonomy":"product_tag","embeddable":true,"href":"https:\/\/nbg.eu\/fi\/wp-json\/wp\/v2\/product_tag?post=749932"}],"curies":[{"name":"wp","href":"https:\/\/api.w.org\/{rel}","templated":true}]}}