{"id":750760,"date":"2026-04-24T11:17:50","date_gmt":"2026-04-24T08:17:50","guid":{"rendered":"https:\/\/nbg.eu\/product\/eberlestock-brooks-7000-dry-earth\/"},"modified":"2026-04-24T12:05:04","modified_gmt":"2026-04-24T09:05:04","slug":"eberlestock-brooks-7000-dry-earth","status":"publish","type":"product","link":"https:\/\/nbg.eu\/fi\/tuote\/eberlestock-brooks-7000-dry-earth\/","title":{"rendered":"Eberlestock Brooks 7000 &#8211; Dry Earth"},"content":{"rendered":"<h2>Eberlestock Brooks 7000<\/h2>\n<p>Kun mets\u00e4stys vie sinut syv\u00e4lle er\u00e4maahan p\u00e4iviksi tai viikoiksi kerrallaan, Eberlestock Brooks 7000 on reppu, jonka haluat runkoon. T\u00e4m\u00e4 retkeilyluokan reppu tarjoaa massiivisen 7000 k.t. (114L) kapasiteetin, poikkeuksellisen kest\u00e4vyyden ja organisointiominaisuudet, joita tarvitset kaukaisille, omavaraisille mets\u00e4stysmatkoille.<\/p>\n<h3>T\u00e4rkeimm\u00e4t ominaisuudet<\/h3>\n<ul>\n<li>7000 c.i. \/ 114L capacity<\/li>\n<li>Modframe compatible<\/li>\n<li>Extended backcountry hunts<\/li>\n<li>Ultralight at 2 lbs 14 oz<\/li>\n<li>Eberlestock Lifetime Warranty<\/li>\n<\/ul>\n<h3>Tekniset tiedot<\/h3>\n<table>\n<tr>\n<td><strong>Tilavuus<\/strong><\/td>\n<td>7000 c.i. \/ 114L<\/td>\n<\/tr>\n<tr>\n<td><strong>Paino<\/strong><\/td>\n<td>2 lbs 14 oz<\/td>\n<\/tr>\n<tr>\n<td><strong>Mitat<\/strong><\/td>\n<td>44&#8243;H x 12&#8243;W x 12&#8243;D<\/td>\n<\/tr>\n<tr>\n<td><strong>Tuotekoodit<\/strong><\/td>\n<td>BS70ME, BS70MJ, BS70AM, BS70AR, BS70AS<\/td>\n<\/tr>\n<tr>\n<td><strong>Valmistaja<\/strong><\/td>\n<td>Eberlestock (Veteraanien yritys)<\/td>\n<\/tr>\n<\/table>\n","protected":false},"excerpt":{"rendered":"<p>Kun mets\u00e4stys vie sinut syv\u00e4lle er\u00e4maahan p\u00e4iviksi tai viikoiksi kerrallaan, Eberlestock Brooks 7000 on reppu, jonka haluat runkoon. T\u00e4m\u00e4 retkeilyluokan reppu tarjoaa massiivisen 7000 k.t. (114L) kapasiteetin, poikkeuksellisen kest\u00e4vyyden ja organisointiominaisuudet, joita tarvitset kaukaisille, omavaraisille mets\u00e4stysmatkoille.<\/p>\n","protected":false},"featured_media":750761,"template":"","meta":{"_acf_changed":false},"product_brand":[15142],"product_cat":[13169],"product_tag":[],"class_list":{"0":"post-750760","1":"product","2":"type-product","3":"status-publish","4":"has-post-thumbnail","6":"product_brand-eberlestock","7":"product_cat-reput","9":"first","10":"outofstock","11":"taxable","12":"shipping-taxable","13":"purchasable","14":"product-type-simple"},"acf":[],"_links":{"self":[{"href":"https:\/\/nbg.eu\/fi\/wp-json\/wp\/v2\/product\/750760","targetHints":{"allow":["GET"]}}],"collection":[{"href":"https:\/\/nbg.eu\/fi\/wp-json\/wp\/v2\/product"}],"about":[{"href":"https:\/\/nbg.eu\/fi\/wp-json\/wp\/v2\/types\/product"}],"wp:featuredmedia":[{"embeddable":true,"href":"https:\/\/nbg.eu\/fi\/wp-json\/wp\/v2\/media\/750761"}],"wp:attachment":[{"href":"https:\/\/nbg.eu\/fi\/wp-json\/wp\/v2\/media?parent=750760"}],"wp:term":[{"taxonomy":"product_brand","embeddable":true,"href":"https:\/\/nbg.eu\/fi\/wp-json\/wp\/v2\/product_brand?post=750760"},{"taxonomy":"product_cat","embeddable":true,"href":"https:\/\/nbg.eu\/fi\/wp-json\/wp\/v2\/product_cat?post=750760"},{"taxonomy":"product_tag","embeddable":true,"href":"https:\/\/nbg.eu\/fi\/wp-json\/wp\/v2\/product_tag?post=750760"}],"curies":[{"name":"wp","href":"https:\/\/api.w.org\/{rel}","templated":true}]}}