{"id":751168,"date":"2026-04-24T11:17:54","date_gmt":"2026-04-24T08:17:54","guid":{"rendered":"https:\/\/nbg.eu\/product\/eberlestock-mission-load-panel-multicam\/"},"modified":"2026-04-24T12:06:53","modified_gmt":"2026-04-24T09:06:53","slug":"eberlestock-mission-load-panel-multicam","status":"publish","type":"product","link":"https:\/\/nbg.eu\/fi\/tuote\/eberlestock-mission-load-panel-multicam\/","title":{"rendered":"Eberlestock Mission Load Panel &#8211; Multicam"},"content":{"rendered":"<h2>Eberlestock Mission Load Panel<\/h2>\n<p>Eberlestock Mission Load Panel tarjoaa turvallisen tavan kuljettaa ja s\u00e4ilytt\u00e4\u00e4 suuria tai ep\u00e4s\u00e4\u00e4nn\u00f6llisen muotoisia tarvikkeita kuten kyp\u00e4ri\u00e4, murtautumisty\u00f6kaluja ja muita varusteita. Mission Frame -runkoon kiinnitettyn\u00e4 Load Panelia voidaan k\u00e4ytt\u00e4\u00e4 itsen\u00e4isesti tai yhdess\u00e4 Mission Lidin kanssa maksimaalisen kantokapasiteetin saavuttamiseksi.<\/p>\n<h3>T\u00e4rkeimm\u00e4t ominaisuudet<\/h3>\n<ul>\n<li>Helmet and equipment carrier<\/li>\n<li>3 oz ultra-lightweight<\/li>\n<li>Mission Frame attachment<\/li>\n<li>Works with Mission Lid<\/li>\n<li>MOLLE-compatible<\/li>\n<li>Eberlestock Lifetime Warranty<\/li>\n<\/ul>\n<h3>Tekniset tiedot<\/h3>\n<table>\n<tr>\n<td><strong>Paino<\/strong><\/td>\n<td>3 oz<\/td>\n<\/tr>\n<tr>\n<td><strong>Mitat<\/strong><\/td>\n<td>13.5&#8243;L x 11.5&#8243;W<\/td>\n<\/tr>\n<tr>\n<td><strong>Tuotekoodit<\/strong><\/td>\n<td>MP1MM, MP1MC, MP1MJ<\/td>\n<\/tr>\n<tr>\n<td><strong>Valmistaja<\/strong><\/td>\n<td>Eberlestock (Veteraanien yritys)<\/td>\n<\/tr>\n<\/table>\n","protected":false},"excerpt":{"rendered":"<p>Eberlestock Mission Load Panel tarjoaa turvallisen tavan kuljettaa ja s\u00e4ilytt\u00e4\u00e4 suuria tai ep\u00e4s\u00e4\u00e4nn\u00f6llisen muotoisia tarvikkeita kuten kyp\u00e4ri\u00e4, murtautumisty\u00f6kaluja ja muita varusteita. Mission Frame -runkoon kiinnitettyn\u00e4 Load Panelia voidaan k\u00e4ytt\u00e4\u00e4 itsen\u00e4isesti tai yhdess\u00e4 Mission Lidin kanssa maksimaalisen kantokapasiteetin saavuttamiseksi.<\/p>\n","protected":false},"featured_media":751169,"template":"","meta":{"_acf_changed":false},"product_brand":[15142],"product_cat":[13169],"product_tag":[],"class_list":{"0":"post-751168","1":"product","2":"type-product","3":"status-publish","4":"has-post-thumbnail","6":"product_brand-eberlestock","7":"product_cat-reput","9":"first","10":"outofstock","11":"taxable","12":"shipping-taxable","13":"purchasable","14":"product-type-simple"},"acf":[],"_links":{"self":[{"href":"https:\/\/nbg.eu\/fi\/wp-json\/wp\/v2\/product\/751168","targetHints":{"allow":["GET"]}}],"collection":[{"href":"https:\/\/nbg.eu\/fi\/wp-json\/wp\/v2\/product"}],"about":[{"href":"https:\/\/nbg.eu\/fi\/wp-json\/wp\/v2\/types\/product"}],"wp:featuredmedia":[{"embeddable":true,"href":"https:\/\/nbg.eu\/fi\/wp-json\/wp\/v2\/media\/751169"}],"wp:attachment":[{"href":"https:\/\/nbg.eu\/fi\/wp-json\/wp\/v2\/media?parent=751168"}],"wp:term":[{"taxonomy":"product_brand","embeddable":true,"href":"https:\/\/nbg.eu\/fi\/wp-json\/wp\/v2\/product_brand?post=751168"},{"taxonomy":"product_cat","embeddable":true,"href":"https:\/\/nbg.eu\/fi\/wp-json\/wp\/v2\/product_cat?post=751168"},{"taxonomy":"product_tag","embeddable":true,"href":"https:\/\/nbg.eu\/fi\/wp-json\/wp\/v2\/product_tag?post=751168"}],"curies":[{"name":"wp","href":"https:\/\/api.w.org\/{rel}","templated":true}]}}