{"id":751471,"date":"2026-04-24T11:17:58","date_gmt":"2026-04-24T08:17:58","guid":{"rendered":"https:\/\/nbg.eu\/product\/eberlestock-p12-knee-pad-2-kpl-setti\/"},"modified":"2026-04-24T12:08:39","modified_gmt":"2026-04-24T09:08:39","slug":"eberlestock-p12-knee-pad-2-kpl-setti","status":"publish","type":"product","link":"https:\/\/nbg.eu\/fi\/tuote\/eberlestock-p12-knee-pad-2-kpl-setti\/","title":{"rendered":"Eberlestock P12 Knee Pad 2 kpl setti"},"content":{"rendered":"<h2>Eberlestock P12 Knee Pad 2 kpl setti<\/h2>\n<p>Eberlestock P12 Knee Pad -setti tarjoaa v\u00e4ltt\u00e4m\u00e4t\u00f6nt\u00e4 polvisuojaa pitk\u00e4aikaisiin kentt\u00e4operaatioihin, ampuma-asentoihin ja taktisiin sovelluksiin. Myyd\u00e4\u00e4n 2 kappaleen settin\u00e4, n\u00e4m\u00e4 polvisuojat on suunniteltu integroitaviksi yhteensopiviin Eberlestock-housuihin ja varusteisiin, tarjoten kevyen mukavuuden ja iskusuojan silloin kun sit\u00e4 eniten tarvitset.<\/p>\n<h3>T\u00e4rkeimm\u00e4t ominaisuudet<\/h3>\n<ul>\n<li>Set of 2 knee pads<\/li>\n<li>Eberlestock pants compatible<\/li>\n<li>Lightweight construction<\/li>\n<li>Impact-absorbing foam<\/li>\n<li>Ergonomic design<\/li>\n<li>Eberlestock Lifetime Warranty<\/li>\n<\/ul>\n<h3>Tekniset tiedot<\/h3>\n<table>\n<tr>\n<td><strong>M\u00e4\u00e4r\u00e4<\/strong><\/td>\n<td>2<\/td>\n<\/tr>\n<tr>\n<td><strong>Yhteensopivuus<\/strong><\/td>\n<td>Eberlestock tactical pants<\/td>\n<\/tr>\n<tr>\n<td><strong>Valmistaja<\/strong><\/td>\n<td>Eberlestock (Veteraanien yritys)<\/td>\n<\/tr>\n<\/table>\n","protected":false},"excerpt":{"rendered":"<p>Eberlestock P12 Knee Pad -setti tarjoaa v\u00e4ltt\u00e4m\u00e4t\u00f6nt\u00e4 polvisuojaa pitk\u00e4aikaisiin kentt\u00e4operaatioihin, ampuma-asentoihin ja taktisiin sovelluksiin. Myyd\u00e4\u00e4n 2 kappaleen settin\u00e4, n\u00e4m\u00e4 polvisuojat on suunniteltu integroitaviksi yhteensopiviin Eberlestock-housuihin ja varusteisiin, tarjoten kevyen mukavuuden ja iskusuojan silloin kun sit\u00e4 eniten tarvitset.<\/p>\n","protected":false},"featured_media":751548,"template":"","meta":{"_acf_changed":false},"product_brand":[15142],"product_cat":[13233],"product_tag":[],"class_list":{"0":"post-751471","1":"product","2":"type-product","3":"status-publish","4":"has-post-thumbnail","6":"product_brand-eberlestock","7":"product_cat-varusteet","9":"first","10":"instock","11":"taxable","12":"shipping-taxable","13":"purchasable","14":"product-type-simple"},"acf":[],"_links":{"self":[{"href":"https:\/\/nbg.eu\/fi\/wp-json\/wp\/v2\/product\/751471","targetHints":{"allow":["GET"]}}],"collection":[{"href":"https:\/\/nbg.eu\/fi\/wp-json\/wp\/v2\/product"}],"about":[{"href":"https:\/\/nbg.eu\/fi\/wp-json\/wp\/v2\/types\/product"}],"wp:featuredmedia":[{"embeddable":true,"href":"https:\/\/nbg.eu\/fi\/wp-json\/wp\/v2\/media\/751548"}],"wp:attachment":[{"href":"https:\/\/nbg.eu\/fi\/wp-json\/wp\/v2\/media?parent=751471"}],"wp:term":[{"taxonomy":"product_brand","embeddable":true,"href":"https:\/\/nbg.eu\/fi\/wp-json\/wp\/v2\/product_brand?post=751471"},{"taxonomy":"product_cat","embeddable":true,"href":"https:\/\/nbg.eu\/fi\/wp-json\/wp\/v2\/product_cat?post=751471"},{"taxonomy":"product_tag","embeddable":true,"href":"https:\/\/nbg.eu\/fi\/wp-json\/wp\/v2\/product_tag?post=751471"}],"curies":[{"name":"wp","href":"https:\/\/api.w.org\/{rel}","templated":true}]}}