{"id":753705,"date":"2026-04-22T14:06:36","date_gmt":"2026-04-22T11:06:36","guid":{"rendered":"https:\/\/nbg.eu\/product\/howa-hb-raskas-piippu-24-308-win\/"},"modified":"2026-05-07T16:53:12","modified_gmt":"2026-05-07T13:53:12","slug":"howa-hb-raskas-piippu-24-308-win","status":"publish","type":"product","link":"https:\/\/nbg.eu\/fi\/tuote\/howa-hb-raskas-piippu-24-308-win\/","title":{"rendered":"HOWA HB pulttilukkoinen kiv\u00e4\u00e4ri, raskas piippu 24&#8243;, .308 Win"},"content":{"rendered":"<h2>HOWA HB 24&#8243; .308 Win<\/h2>\n<p>HOWA 1500 Heavy Barrel Varminter .308 Win -kaliiperissa 24&#8243; piipulla on HOWA:n omistautunut kohde-, varmint- ja tarkkuusmets\u00e4styskokoonpano. Sama taottu 1500-mekanismi, mutta huipulla raskas #6-muotoinen, vapaasti kelluva, cold hammer forged piippu, joka on suunniteltu termist\u00e4 vakautta varten pitkien ampumasarjojen l\u00e4pi.<\/p>\n<h3>Raskas #6 piippuprofiili<\/h3>\n<p>#6 raskas profiili erottaa t\u00e4m\u00e4n HB:n vakio sporter HOWA:ista. Lis\u00e4tty ter\u00e4s pit\u00e4\u00e4 osumakohdan vakaana ampumasarjojen l\u00e4pi, pit\u00e4\u00e4 tiukemmat ryhm\u00e4t piipun l\u00e4mmetess\u00e4 ja vaimentaa t\u00e4rin\u00e4\u00e4 johdonmukaisempien tulosten saamiseksi ensimm\u00e4isest\u00e4 viidenteen laukaukseen. 24&#8243;-pituus maksimoi .308 Winchester -nopeuden samalla kun pysyy k\u00e4yt\u00e4nn\u00f6llisen\u00e4 kent\u00e4ll\u00e4.<\/p>\n<h3>Vapaasti kelluva, kierteinen suu<\/h3>\n<p>Piippu kelluu vapaasti etuosasta johdonmukaista tarkkuutta varten hihnan paineesta, tukijalan kuormasta tai kentt\u00e4asennoista riippumatta. Kierteinen 5\/8&#8243;-24 UNEF suussa, hyv\u00e4ksyy vaimentimet tai suujarrut suoraan \u2014 suosittu valinta ampujien keskuudessa, jotka haluavat tarkkuus .308-alustan vaimenninty\u00f6h\u00f6n.<\/p>\n<h3>Taottu HOWA 1500 -mekanismi ja HACT-liipaisin<\/h3>\n<p>Kaikki 1500:n tunnusmerkit p\u00e4tev\u00e4t: taottu yksiosainen lukko, kaksoislukituskorvat, Sako-tyylinen ulkoinen ulosvet\u00e4j\u00e4, m\u00e4nt\u00e4ulostulija ja HACT kaksivaiheinen match-liipaisin asetettuna noin 3 lb tehtaalla. Kolmiasentoinen varmistin sallii lukon k\u00e4yt\u00f6n varmistimen ollessa kytkettyn\u00e4.<\/p>\n<h3>Hogue OverMolded pilarille tuettu tukki<\/h3>\n<p>Hogue OverMolded -tukki yhdist\u00e4\u00e4 j\u00e4yk\u00e4n rungon pehme\u00e4\u00e4n, tarttuvaan kumikuoreen, joka k\u00e4sittelee hiljaa ja turvallisesti kaikissa s\u00e4iss\u00e4. Alumiinipilarit asentavat mekanismin johdonmukaisen nollan varmistamiseksi, johon l\u00e4mp\u00f6tila, kosteus tai m\u00e4rkyys ei vaikuta \u2014 kriittist\u00e4 tarkkuuskiv\u00e4\u00e4rille.<\/p>\n<h3>Premium komponentit<\/h3>\n<ul>\n<li>Taottu HOWA 1500 -mekanismi<\/li>\n<li>24&#8243; #6 raskas profiili, vapaasti kelluva cold hammer forged piippu<\/li>\n<li>5\/8&#8243;-24 kierteinen suu<\/li>\n<li>Hogue OverMolded pilarille tuettu synteettinen tukki<\/li>\n<li>HACT kaksivaiheinen match-liipaisin<\/li>\n<li>Kolmiasentoinen varmistin<\/li>\n<li>Sub-MOA tehtaan tarkkuustakuu<\/li>\n<\/ul>\n<h3>Tekniset tiedot<\/h3>\n<table>\n<tr>\n<th>Mekanismi<\/th>\n<td>HOWA 1500 pultti, taottu yksiosainen lukko, kaksoislukituskorvat<\/td>\n<\/tr>\n<tr>\n<th>Kaliiperi<\/th>\n<td>.308 Winchester<\/td>\n<\/tr>\n<tr>\n<th>Piipun pituus<\/th>\n<td>24&#8243;<\/td>\n<\/tr>\n<tr>\n<th>Piippuprofiili<\/th>\n<td>#6 raskas, vapaasti kelluva, cold hammer forged<\/td>\n<\/tr>\n<tr>\n<th>Kierrev\u00e4li<\/th>\n<td>1:10&#8243; oikealle<\/td>\n<\/tr>\n<tr>\n<th>Suun kierre<\/th>\n<td>5\/8&#8243;-24 UNEF<\/td>\n<\/tr>\n<tr>\n<th>Suun halkaisija<\/th>\n<td>~21,7 mm (~0,855&#8243;)<\/td>\n<\/tr>\n<tr>\n<th>Kokonaispituus<\/th>\n<td>~44,5&#8243;<\/td>\n<\/tr>\n<tr>\n<th>Paino<\/th>\n<td>~9,3\u20139,9 lbs riippuen tukista<\/td>\n<\/tr>\n<tr>\n<th>Tukki<\/th>\n<td>Hogue OverMolded, alumiinipilarille tuettu<\/td>\n<\/tr>\n<tr>\n<th>Liipaisin<\/th>\n<td>HACT kaksivaiheinen match<\/td>\n<\/tr>\n<tr>\n<th>Varmistin<\/th>\n<td>Kolmiasentoinen<\/td>\n<\/tr>\n<tr>\n<th>Pinta<\/th>\n<td>Sininen matta<\/td>\n<\/tr>\n<tr>\n<th>Tarkkuustakuu<\/th>\n<td>Sub-1 MOA (3 laukausta @ 100 yd, premium-ammus)<\/td>\n<\/tr>\n<\/table>\n","protected":false},"excerpt":{"rendered":"<p>Raskas piippu varmint\/kohde -kokoonpano HOWA 1500 -kiv\u00e4\u00e4rist\u00e4 .308 Winchester -kaliiperissa, 24&#8243; #6 muotoinen vapaasti kelluva piippu. Kierteinen suu, kaksivaiheinen HACT-liipaisin, Hogue pilarille tuettu tukki, sub-MOA tehdastakuu.<\/p>\n","protected":false},"featured_media":754900,"template":"","meta":{"_acf_changed":false},"product_brand":[16230],"product_cat":[13225,13178,16044],"product_tag":[],"class_list":{"0":"post-753705","1":"product","2":"type-product","3":"status-publish","4":"has-post-thumbnail","6":"product_brand-howa","7":"product_cat-kivaeaeri","8":"product_cat-lisensoitu","9":"product_cat-bolt-action-rifles-fi","11":"first","12":"instock","13":"taxable","14":"shipping-taxable","15":"product-type-simple"},"acf":[],"_links":{"self":[{"href":"https:\/\/nbg.eu\/fi\/wp-json\/wp\/v2\/product\/753705","targetHints":{"allow":["GET"]}}],"collection":[{"href":"https:\/\/nbg.eu\/fi\/wp-json\/wp\/v2\/product"}],"about":[{"href":"https:\/\/nbg.eu\/fi\/wp-json\/wp\/v2\/types\/product"}],"wp:featuredmedia":[{"embeddable":true,"href":"https:\/\/nbg.eu\/fi\/wp-json\/wp\/v2\/media\/754900"}],"wp:attachment":[{"href":"https:\/\/nbg.eu\/fi\/wp-json\/wp\/v2\/media?parent=753705"}],"wp:term":[{"taxonomy":"product_brand","embeddable":true,"href":"https:\/\/nbg.eu\/fi\/wp-json\/wp\/v2\/product_brand?post=753705"},{"taxonomy":"product_cat","embeddable":true,"href":"https:\/\/nbg.eu\/fi\/wp-json\/wp\/v2\/product_cat?post=753705"},{"taxonomy":"product_tag","embeddable":true,"href":"https:\/\/nbg.eu\/fi\/wp-json\/wp\/v2\/product_tag?post=753705"}],"curies":[{"name":"wp","href":"https:\/\/api.w.org\/{rel}","templated":true}]}}