{"id":753798,"date":"2026-04-22T14:07:01","date_gmt":"2026-04-22T11:07:01","guid":{"rendered":"https:\/\/nbg.eu\/product\/federal-fusion-460-sw-mag-260-grain-metsastysammus\/"},"modified":"2026-04-29T14:34:22","modified_gmt":"2026-04-29T11:34:22","slug":"federal-fusion-460-sw-mag-260-grain-metsastysammus","status":"publish","type":"product","link":"https:\/\/nbg.eu\/fi\/tuote\/federal-fusion-460-sw-mag-260-grain-metsastysammus\/","title":{"rendered":"Federal Fusion .460 S&amp;W Mag 260 grain \u2014 mets\u00e4stysammus"},"content":{"rendered":"<h2>Federal Fusion .460 S&amp;W Mag 260 grain<\/h2>\n<p>Federal Fusion .460 S&amp;W Magnum 260 grain on yksi tehokkaimmista pistoolikaliiperisist\u00e4 mets\u00e4stysammuksista markkinoilla. .460 S&amp;W Magnum -patruuna, kehitetty Smith &amp; Wessonin ja Federalin yhteisty\u00f6n\u00e4, on yksi vahvimmista saatavilla olevista tehdasvalmisteista pistoolipatruunoista. Yhdistettyn\u00e4 Federal Fusion -luotiteknologiaan, t\u00e4m\u00e4 ammus soveltuu vakavaan suurriistamets\u00e4stykseen.<\/p>\n<h3>.460 S&amp;W Magnum -suorituskyky<\/h3>\n<p>.460 S&amp;W Magnum tarjoaa l\u00e4hes .30-30 Winchester -tason ballistisen suorituskyvyn pistoolialustalla. 260 grain Fusion-luodin kanssa l\u00e4ht\u00f6nopeus voi ylitt\u00e4\u00e4 2000 fps, mik\u00e4 on poikkeuksellista pistoolille \u2014 8&#8243; Smith &amp; Wesson Performance Center -revolverista.<\/p>\n<h3>Fusion-luoti-teknologia<\/h3>\n<p>Federalin oma molekyylisidottu Fusion-luoti varmistaa, ett\u00e4 luoti pysyy ehj\u00e4n\u00e4 iskussa. Molekyylisidottu kuparivaippa ja lyijyydin eiv\u00e4t voi erota \u2014 mik\u00e4 on kriittist\u00e4 luotettavalle ja ennakoitavalle laajenemiselle ja l\u00e4p\u00e4isylle. T\u00e4m\u00e4 on erityisen t\u00e4rke\u00e4\u00e4, kun mets\u00e4st\u00e4t pistoolialustalla suurta riistaa.<\/p>\n<h3>260 grain paino<\/h3>\n<p>260 grain -paino tasapainottaa nopeuden, litte\u00e4n lentoradan ja l\u00e4p\u00e4isyn v\u00e4lill\u00e4. Riitt\u00e4v\u00e4n raskas luotettavaan tappamiseen keskikokoiselle ja suurelle riistalle, samalla riitt\u00e4v\u00e4n nopea tehokkaan kantaman s\u00e4ilytt\u00e4miseksi. Ihanteellinen peuralle, mustakarhulle ja vastaavalle keskikokoiselle ja suurelle pohjoisamerikkalaiselle riistalle.<\/p>\n<h3>Pistooli- ja karbiinialustat<\/h3>\n<p>.460 S&amp;W Magnum kehitettiin alun perin Smith &amp; Wesson X-Frame -revolvereille (kuten Performance Center 460 -malli), mutta kaliiperi on yhteensopiva my\u00f6s tiettyjen muokattujen karbiinien kanssa. Karbiinissa nopeus voi olla huomattavasti korkeampi, mik\u00e4 tarjoaa laajennetun kantaman.<\/p>\n<h3>Tekniset tiedot<\/h3>\n<table>\n<tr>\n<th>Kaliiperi<\/th>\n<td>.460 S&amp;W Magnum<\/td>\n<\/tr>\n<tr>\n<th>Luotipaino<\/th>\n<td>260 grain<\/td>\n<\/tr>\n<tr>\n<th>Luotityyppi<\/th>\n<td>Federal Fusion molekyylisidottu<\/td>\n<\/tr>\n<tr>\n<th>Vaippa<\/th>\n<td>Galvanoitu kupari<\/td>\n<\/tr>\n<tr>\n<th>Ydin<\/th>\n<td>Molekyylisidottu lyijy<\/td>\n<\/tr>\n<tr>\n<th>Hylsy<\/th>\n<td>Messinki, Boxer-nallihatu<\/td>\n<\/tr>\n<tr>\n<th>Pakkaus<\/th>\n<td>20 patruunaa \/ laatikko<\/td>\n<\/tr>\n<tr>\n<th>K\u00e4ytt\u00f6<\/th>\n<td>Suurriistamets\u00e4stys pistoolilla tai karbiinilla<\/td>\n<\/tr>\n<\/table>\n","protected":false},"excerpt":{"rendered":"<p>Federal Fusion .460 S&amp;W Magnum 260 grain mets\u00e4stysammus revolverille tai karbiinille. Oma molekyylisidos Fusion-luoti hallitulla laajenemisella ja syv\u00e4ll\u00e4 l\u00e4p\u00e4isyll\u00e4 suurriistamets\u00e4stykseen .460 S&amp;W magnum -alustoilla.<\/p>\n","protected":false},"featured_media":753799,"template":"","meta":{"_acf_changed":false},"product_brand":[16239],"product_cat":[13228,13178,13218],"product_tag":[],"class_list":{"0":"post-753798","1":"product","2":"type-product","3":"status-publish","4":"has-post-thumbnail","6":"product_brand-federal","7":"product_cat-ammukset","8":"product_cat-lisensoitu","9":"product_cat-pistoolin-ammukset","11":"first","12":"instock","13":"taxable","14":"shipping-taxable","15":"product-type-simple"},"acf":[],"_links":{"self":[{"href":"https:\/\/nbg.eu\/fi\/wp-json\/wp\/v2\/product\/753798","targetHints":{"allow":["GET"]}}],"collection":[{"href":"https:\/\/nbg.eu\/fi\/wp-json\/wp\/v2\/product"}],"about":[{"href":"https:\/\/nbg.eu\/fi\/wp-json\/wp\/v2\/types\/product"}],"wp:featuredmedia":[{"embeddable":true,"href":"https:\/\/nbg.eu\/fi\/wp-json\/wp\/v2\/media\/753799"}],"wp:attachment":[{"href":"https:\/\/nbg.eu\/fi\/wp-json\/wp\/v2\/media?parent=753798"}],"wp:term":[{"taxonomy":"product_brand","embeddable":true,"href":"https:\/\/nbg.eu\/fi\/wp-json\/wp\/v2\/product_brand?post=753798"},{"taxonomy":"product_cat","embeddable":true,"href":"https:\/\/nbg.eu\/fi\/wp-json\/wp\/v2\/product_cat?post=753798"},{"taxonomy":"product_tag","embeddable":true,"href":"https:\/\/nbg.eu\/fi\/wp-json\/wp\/v2\/product_tag?post=753798"}],"curies":[{"name":"wp","href":"https:\/\/api.w.org\/{rel}","templated":true}]}}