{"id":753804,"date":"2026-04-22T14:07:04","date_gmt":"2026-04-22T11:07:04","guid":{"rendered":"https:\/\/nbg.eu\/product\/remington-core-lokt-45-70-gov-405-grain-metsastysammus\/"},"modified":"2026-04-29T14:37:00","modified_gmt":"2026-04-29T11:37:00","slug":"remington-core-lokt-45-70-gov-405-grain-metsastysammus","status":"publish","type":"product","link":"https:\/\/nbg.eu\/fi\/tuote\/remington-core-lokt-45-70-gov-405-grain-metsastysammus\/","title":{"rendered":"Remington Core-Lokt .45-70 Gov 405 grain \u2014 mets\u00e4stysammus"},"content":{"rendered":"<h2>Remington Core-Lokt .45-70 Gov 405 grain<\/h2>\n<p>Remington Core-Lokt on maailman-arvostettu mets\u00e4stysammusperhe \u2014 usein kutsuttu &#8221;mets\u00e4st\u00e4j\u00e4n luodiksi&#8221;. Esitelty vuonna 1939, Core-Lokt-suunnittelulla on yksi pisimmist\u00e4 ja parhaiten dokumentoiduista mets\u00e4stysmenestysrekordeista mist\u00e4\u00e4n luotista markkinoilla. .45-70 Government 405 grain -versio sijaitsee perinteisen mets\u00e4styspainotuon raskaammassa p\u00e4\u00e4ss\u00e4, ihanteellinen suurriistalle.<\/p>\n<h3>Core-Lokt -luotiteknologia<\/h3>\n<p>Remington Core-Lokt -suunnittelu yhdist\u00e4\u00e4 lyijyytimen erityisesti kalibroidun kuparivaipan kanssa. Vaipalla on suunniteltu paksuusprofiili, joka antaa luodin laajeta hallitusti iskussa, samalla kun vaippa ja ydin pysyv\u00e4t yhdess\u00e4 l\u00e4p\u00e4isyn aikana. T\u00e4m\u00e4 tarkoittaa, ett\u00e4 luoti siirt\u00e4\u00e4 merkitt\u00e4v\u00e4\u00e4 energiaa kohteeseen samalla tarjoten syv\u00e4n l\u00e4p\u00e4isyn \u2014 kriittist\u00e4 suurriistalle.<\/p>\n<h3>405 grain paino<\/h3>\n<p>405 grain on .45-70-kaliiperin klassinen paino. T\u00e4m\u00e4 on perinteinen paino, joka on kehitetty alkuper\u00e4isille .45-70 Springfield-Trapdoor-kiv\u00e4\u00e4reille, ja mik\u00e4 m\u00e4\u00e4rittelee kaliiperin sotilas- ja mets\u00e4stysperinn\u00f6n. 405 grain -paino varmistaa maksimaalisen l\u00e4p\u00e4isysyvyyden ja luotettavimman tappamisen suurimmalle riistalle.<\/p>\n<h3>Klassinen mets\u00e4styssuoritus<\/h3>\n<p>Remington Core-Lokt .45-70 405 grain on ihanteellinen suurriistalle: karhulle, hirvelle, kauriille ja muulle suurelle pohjoisamerikkalaiselle riistalle. Kaliiperin perinteinen kantama on 100 jaardin sis\u00e4ll\u00e4, jossa Core-Lokt-luoti tarjoaa johdonmukaisesti luotettavia tuloksia. Raskaampi luoti suoriutuu parhaiten .45-70:n mahdollisen riistakantaman huipulla.<\/p>\n<h3>Mets\u00e4st\u00e4jien luottamusvalinta<\/h3>\n<p>Remington Core-Lokt on ollut kaupallinen menestys mets\u00e4stysammusmarkkinoilla vuosikymmeni\u00e4. Sukupolvet mets\u00e4st\u00e4ji\u00e4 luottavat Core-Lokt-luotiin \u2014 sen luotettavuuden, tehokkuuden ja arvon harvinaisen yhdistelm\u00e4n vuoksi.<\/p>\n<h3>Tekniset tiedot<\/h3>\n<table>\n<tr>\n<th>Kaliiperi<\/th>\n<td>.45-70 Government<\/td>\n<\/tr>\n<tr>\n<th>Luotipaino<\/th>\n<td>405 grain<\/td>\n<\/tr>\n<tr>\n<th>Luotityyppi<\/th>\n<td>Remington Core-Lokt SP (Soft Point)<\/td>\n<\/tr>\n<tr>\n<th>Vaippa<\/th>\n<td>Kupari<\/td>\n<\/tr>\n<tr>\n<th>Ydin<\/th>\n<td>Lyijy<\/td>\n<\/tr>\n<tr>\n<th>Hylsy<\/th>\n<td>Messinki, Boxer-nallihatu<\/td>\n<\/tr>\n<tr>\n<th>Pakkaus<\/th>\n<td>20 patruunaa \/ laatikko<\/td>\n<\/tr>\n<tr>\n<th>K\u00e4ytt\u00f6<\/th>\n<td>Suurriistamets\u00e4stys (karhu, hirvi, kauris)<\/td>\n<\/tr>\n<\/table>\n","protected":false},"excerpt":{"rendered":"<p>Remington Core-Lokt .45-70 Government 405 grain klassinen mets\u00e4stysammus. Maailman tunnetuin ja vanhin mets\u00e4stysammuslinja, luotettavalla hallitulla laajenemisella ja erinomaisella tappamistehokkuudella suurriistamets\u00e4stykseen.<\/p>\n","protected":false},"featured_media":753805,"template":"","meta":{"_acf_changed":false},"product_brand":[16241],"product_cat":[13228,13238,13178],"product_tag":[],"class_list":{"0":"post-753804","1":"product","2":"type-product","3":"status-publish","4":"has-post-thumbnail","6":"product_brand-remington","7":"product_cat-ammukset","8":"product_cat-kivaeaerin-ammukset","9":"product_cat-lisensoitu","11":"first","12":"instock","13":"taxable","14":"shipping-taxable","15":"product-type-simple"},"acf":[],"_links":{"self":[{"href":"https:\/\/nbg.eu\/fi\/wp-json\/wp\/v2\/product\/753804","targetHints":{"allow":["GET"]}}],"collection":[{"href":"https:\/\/nbg.eu\/fi\/wp-json\/wp\/v2\/product"}],"about":[{"href":"https:\/\/nbg.eu\/fi\/wp-json\/wp\/v2\/types\/product"}],"wp:featuredmedia":[{"embeddable":true,"href":"https:\/\/nbg.eu\/fi\/wp-json\/wp\/v2\/media\/753805"}],"wp:attachment":[{"href":"https:\/\/nbg.eu\/fi\/wp-json\/wp\/v2\/media?parent=753804"}],"wp:term":[{"taxonomy":"product_brand","embeddable":true,"href":"https:\/\/nbg.eu\/fi\/wp-json\/wp\/v2\/product_brand?post=753804"},{"taxonomy":"product_cat","embeddable":true,"href":"https:\/\/nbg.eu\/fi\/wp-json\/wp\/v2\/product_cat?post=753804"},{"taxonomy":"product_tag","embeddable":true,"href":"https:\/\/nbg.eu\/fi\/wp-json\/wp\/v2\/product_tag?post=753804"}],"curies":[{"name":"wp","href":"https:\/\/api.w.org\/{rel}","templated":true}]}}