{"id":755332,"date":"2026-05-13T13:36:29","date_gmt":"2026-05-13T10:36:29","guid":{"rendered":"https:\/\/nbg.eu\/product\/magnum-research-bfr-kotelo-65-75-nahka-musta\/"},"modified":"2026-05-13T14:48:19","modified_gmt":"2026-05-13T11:48:19","slug":"magnum-research-bfr-kotelo-65-75-nahka-musta","status":"publish","type":"product","link":"https:\/\/nbg.eu\/fi\/tuote\/magnum-research-bfr-kotelo-65-75-nahka-musta\/","title":{"rendered":"Magnum Research BFR kotelo 6,5\/7,5&#8243; &#8211; nahka (musta)"},"content":{"rendered":"<h2>Magnum Research BFR kotelo 6,5\/7,5&#8243; &#8211; nahka (musta)<\/h2>\n<p>K\u00e4sin muotoiltu nahkakotelo Magnum Research Big Frame Revolver (BFR) -revolverille 6,5&#8243; tai 7,5&#8243; piipulla. Valmistettu premium-t\u00e4ysnahka; varma pid\u00e4tys, sujuva veto ja pitk\u00e4 kest\u00e4vyys.<\/p>\n<h3>T\u00e4rkeimm\u00e4t ominaisuudet<\/h3>\n<ul>\n<li>Muotoiltu BFR 6,5&#8243;\/7,5&#8243; -profiiliin<\/li>\n<li>Premium t\u00e4ysnahka<\/li>\n<li>Vahvistetut saumat raskaalle revolverille<\/li>\n<li>S\u00e4\u00e4dett\u00e4v\u00e4 pid\u00e4tyshihna<\/li>\n<li>Sopii vakiovy\u00f6h\u00f6n<\/li>\n<\/ul>\n<h3>Tekniset tiedot<\/h3>\n<table>\n<tr>\n<td><strong>Sopii<\/strong><\/td>\n<td>Magnum Research BFR 6,5&#8243; \/ 7,5&#8243;<\/td>\n<\/tr>\n<tr>\n<td><strong>Materiaali<\/strong><\/td>\n<td>Premium nahka (musta)<\/td>\n<\/tr>\n<tr>\n<td><strong>Kantotapa<\/strong><\/td>\n<td>Vy\u00f6<\/td>\n<\/tr>\n<tr>\n<td><strong>Alkuper\u00e4<\/strong><\/td>\n<td>USA<\/td>\n<\/tr>\n<\/table>\n","protected":false},"excerpt":{"rendered":"<p>K\u00e4sin muotoiltu musta nahkakotelo, joka istuu t\u00e4ydellisesti Magnum Research BFR -revolveriin 6,5&#8243; tai 7,5&#8243; piipulla.<\/p>\n","protected":false},"featured_media":756360,"template":"","meta":{"_acf_changed":false},"product_brand":[],"product_cat":[13231,13212],"product_tag":[],"class_list":{"0":"post-755332","1":"product","2":"type-product","3":"status-publish","4":"has-post-thumbnail","6":"product_cat-kotelo","7":"product_cat-urheilukotelot","9":"first","10":"instock","11":"sale","12":"taxable","13":"shipping-taxable","14":"purchasable","15":"product-type-simple"},"acf":[],"_links":{"self":[{"href":"https:\/\/nbg.eu\/fi\/wp-json\/wp\/v2\/product\/755332","targetHints":{"allow":["GET"]}}],"collection":[{"href":"https:\/\/nbg.eu\/fi\/wp-json\/wp\/v2\/product"}],"about":[{"href":"https:\/\/nbg.eu\/fi\/wp-json\/wp\/v2\/types\/product"}],"wp:featuredmedia":[{"embeddable":true,"href":"https:\/\/nbg.eu\/fi\/wp-json\/wp\/v2\/media\/756360"}],"wp:attachment":[{"href":"https:\/\/nbg.eu\/fi\/wp-json\/wp\/v2\/media?parent=755332"}],"wp:term":[{"taxonomy":"product_brand","embeddable":true,"href":"https:\/\/nbg.eu\/fi\/wp-json\/wp\/v2\/product_brand?post=755332"},{"taxonomy":"product_cat","embeddable":true,"href":"https:\/\/nbg.eu\/fi\/wp-json\/wp\/v2\/product_cat?post=755332"},{"taxonomy":"product_tag","embeddable":true,"href":"https:\/\/nbg.eu\/fi\/wp-json\/wp\/v2\/product_tag?post=755332"}],"curies":[{"name":"wp","href":"https:\/\/api.w.org\/{rel}","templated":true}]}}