{"id":755380,"date":"2026-05-13T13:36:32","date_gmt":"2026-05-13T10:36:32","guid":{"rendered":"https:\/\/nbg.eu\/product\/molempikatinen-latauskahva-oberland-arms-small-223\/"},"modified":"2026-05-13T14:48:44","modified_gmt":"2026-05-13T11:48:44","slug":"molempikatinen-latauskahva-oberland-arms-small-223","status":"publish","type":"product","link":"https:\/\/nbg.eu\/fi\/tuote\/molempikatinen-latauskahva-oberland-arms-small-223\/","title":{"rendered":"Molempik\u00e4tinen Latauskahva Oberland Arms, Small, .223"},"content":{"rendered":"<h2>Molempik\u00e4tinen Latauskahva Oberland Arms, Small, .223<\/h2>\n<p>Oberland Armsin molempik\u00e4tinen latauskahva on tarkkuusparannus AR-15-alustalle .223 Rem \/ 5.56 NATO. Matala profiili ja kaksipuolinen vipu mahdollistavat nopean k\u00e4yt\u00f6n kummalla tahansa k\u00e4dell\u00e4 optiikkaa tai lis\u00e4varusteita haittaamatta.<\/p>\n<h3>T\u00e4rkeimm\u00e4t ominaisuudet<\/h3>\n<ul>\n<li>Molempik\u00e4tinen k\u00e4ytt\u00f6 &#8211; vasen tai oikea k\u00e4si<\/li>\n<li>Pieni matalaprofiilinen vipu<\/li>\n<li>Suoraan AR-15-standardin tilalle<\/li>\n<li>Tarkkuusty\u00f6stetty<\/li>\n<li>Valmistettu Saksassa, Oberland Arms<\/li>\n<\/ul>\n<h3>Tekniset tiedot<\/h3>\n<table>\n<tr>\n<td><strong>Yhteensopivuus<\/strong><\/td>\n<td>AR-15 \/ .223 Rem \/ 5.56 NATO<\/td>\n<\/tr>\n<tr>\n<td><strong>Tyyppi<\/strong><\/td>\n<td>Molempik\u00e4tinen, pieni vipu<\/td>\n<\/tr>\n<tr>\n<td><strong>Valmistaja<\/strong><\/td>\n<td>Oberland Arms (Saksa)<\/td>\n<\/tr>\n<\/table>\n","protected":false},"excerpt":{"rendered":"<p>Molempik\u00e4tinen latauskahva AR-15-kiv\u00e4\u00e4reille kaliiperissa .223 Rem \/ 5.56 NATO. Matalaprofiilinen muotoilu Oberland Armsilta (Saksa).<\/p>\n","protected":false},"featured_media":755779,"template":"","meta":{"_acf_changed":false},"product_brand":[],"product_cat":[13209,13225,13186],"product_tag":[],"class_list":{"0":"post-755380","1":"product","2":"type-product","3":"status-publish","4":"has-post-thumbnail","6":"product_cat-ar-viritys","7":"product_cat-kivaeaeri","8":"product_cat-kivaeaerin-viritys","10":"first","11":"instock","12":"sale","13":"taxable","14":"shipping-taxable","15":"purchasable","16":"product-type-simple"},"acf":[],"_links":{"self":[{"href":"https:\/\/nbg.eu\/fi\/wp-json\/wp\/v2\/product\/755380","targetHints":{"allow":["GET"]}}],"collection":[{"href":"https:\/\/nbg.eu\/fi\/wp-json\/wp\/v2\/product"}],"about":[{"href":"https:\/\/nbg.eu\/fi\/wp-json\/wp\/v2\/types\/product"}],"wp:featuredmedia":[{"embeddable":true,"href":"https:\/\/nbg.eu\/fi\/wp-json\/wp\/v2\/media\/755779"}],"wp:attachment":[{"href":"https:\/\/nbg.eu\/fi\/wp-json\/wp\/v2\/media?parent=755380"}],"wp:term":[{"taxonomy":"product_brand","embeddable":true,"href":"https:\/\/nbg.eu\/fi\/wp-json\/wp\/v2\/product_brand?post=755380"},{"taxonomy":"product_cat","embeddable":true,"href":"https:\/\/nbg.eu\/fi\/wp-json\/wp\/v2\/product_cat?post=755380"},{"taxonomy":"product_tag","embeddable":true,"href":"https:\/\/nbg.eu\/fi\/wp-json\/wp\/v2\/product_tag?post=755380"}],"curies":[{"name":"wp","href":"https:\/\/api.w.org\/{rel}","templated":true}]}}