{"id":755450,"date":"2026-05-13T13:36:36","date_gmt":"2026-05-13T10:36:36","guid":{"rendered":"https:\/\/nbg.eu\/product\/lipas-asc-ar-15-223-rem-5-56-nato-10-patruunan\/"},"modified":"2026-05-13T14:49:25","modified_gmt":"2026-05-13T11:49:25","slug":"lipas-asc-ar-15-223-rem-5-56-nato-10-patruunan","status":"publish","type":"product","link":"https:\/\/nbg.eu\/fi\/tuote\/lipas-asc-ar-15-223-rem-5-56-nato-10-patruunan\/","title":{"rendered":"Lipas ASC AR-15 .223 Rem \/ 5.56 NATO 10-patruunan"},"content":{"rendered":"<h2>Lipas ASC AR-15 .223 Rem \/ 5.56 NATO 10-patruunan<\/h2>\n<p>ASC:n parannettu AR-15-lipas on valmistettu 410-ruostumattomasta ter\u00e4ksest\u00e4, kromisilikoniin jousella ja kuumankest\u00e4v\u00e4ll\u00e4 polymeerisy\u00f6tt\u00e4j\u00e4ll\u00e4 luotettavaan .223 Rem \/ 5.56 NATO \/ 5.56 NATO -sy\u00f6tt\u00f6\u00f6n. Noudattaa 10 patruunan kapasiteettirajoituksia.<\/p>\n<h3>T\u00e4rkeimm\u00e4t ominaisuudet<\/h3>\n<ul>\n<li>10-patruunan (rajoitettu)<\/li>\n<li>410-ruostumaton ter\u00e4s runko<\/li>\n<li>Kromisilikoniin jousi<\/li>\n<li>Itsevoiteleva polymeerisy\u00f6tt\u00e4j\u00e4<\/li>\n<li>Sopii kaikkiin vakio AR-15 lower receivereihin<\/li>\n<\/ul>\n<h3>Tekniset tiedot<\/h3>\n<table>\n<tr>\n<td><strong>Kaliiperi<\/strong><\/td>\n<td>.223 Rem \/ 5.56 NATO \/ 5.56 NATO<\/td>\n<\/tr>\n<tr>\n<td><strong>Kapasiteetti<\/strong><\/td>\n<td>10 patruunaa<\/td>\n<\/tr>\n<tr>\n<td><strong>Materiaali<\/strong><\/td>\n<td>Ruostumaton ter\u00e4s 410<\/td>\n<\/tr>\n<tr>\n<td><strong>Valmistaja<\/strong><\/td>\n<td>ASC (USA)<\/td>\n<\/tr>\n<\/table>\n","protected":false},"excerpt":{"rendered":"<p>10-patruunan AR-15-lipas kaliiperissa .223 Rem \/ 5.56 NATO ASC:lta (Ammunition Storage Components). Parannettu rakenne 410-ruostumattomasta ter\u00e4ksest\u00e4 polymeerisell\u00e4 sy\u00f6tt\u00e4j\u00e4ll\u00e4.<\/p>\n","protected":false},"featured_media":755899,"template":"","meta":{"_acf_changed":false},"product_brand":[],"product_cat":[13225,13232,13178],"product_tag":[],"class_list":{"0":"post-755450","1":"product","2":"type-product","3":"status-publish","4":"has-post-thumbnail","6":"product_cat-kivaeaeri","7":"product_cat-kivaeaerin-lippaat","8":"product_cat-lisensoitu","10":"first","11":"instock","12":"taxable","13":"shipping-taxable","14":"product-type-simple"},"acf":[],"_links":{"self":[{"href":"https:\/\/nbg.eu\/fi\/wp-json\/wp\/v2\/product\/755450","targetHints":{"allow":["GET"]}}],"collection":[{"href":"https:\/\/nbg.eu\/fi\/wp-json\/wp\/v2\/product"}],"about":[{"href":"https:\/\/nbg.eu\/fi\/wp-json\/wp\/v2\/types\/product"}],"wp:featuredmedia":[{"embeddable":true,"href":"https:\/\/nbg.eu\/fi\/wp-json\/wp\/v2\/media\/755899"}],"wp:attachment":[{"href":"https:\/\/nbg.eu\/fi\/wp-json\/wp\/v2\/media?parent=755450"}],"wp:term":[{"taxonomy":"product_brand","embeddable":true,"href":"https:\/\/nbg.eu\/fi\/wp-json\/wp\/v2\/product_brand?post=755450"},{"taxonomy":"product_cat","embeddable":true,"href":"https:\/\/nbg.eu\/fi\/wp-json\/wp\/v2\/product_cat?post=755450"},{"taxonomy":"product_tag","embeddable":true,"href":"https:\/\/nbg.eu\/fi\/wp-json\/wp\/v2\/product_tag?post=755450"}],"curies":[{"name":"wp","href":"https:\/\/api.w.org\/{rel}","templated":true}]}}