{"id":755473,"date":"2026-05-13T13:36:38","date_gmt":"2026-05-13T10:36:38","guid":{"rendered":"https:\/\/nbg.eu\/product\/lipas-cmmg-ar-9mm-conversion-10-patruunan\/"},"modified":"2026-05-13T14:49:38","modified_gmt":"2026-05-13T11:49:38","slug":"lipas-cmmg-ar-9mm-conversion-10-patruunan","status":"publish","type":"product","link":"https:\/\/nbg.eu\/fi\/tuote\/lipas-cmmg-ar-9mm-conversion-10-patruunan\/","title":{"rendered":"Lipas CMMG AR 9mm Conversion 10-patruunan"},"content":{"rendered":"<h2>Lipas CMMG AR 9mm Conversion 10-patruunan<\/h2>\n<p>Erityisesti CMMG:n 9mm AR-15 conversion -j\u00e4rjestelmiin suunniteltu t\u00e4m\u00e4 10-patruunan lipas k\u00e4ytt\u00e4\u00e4 muunneltua Glock-pattern -muotoilua, joka on mukautettu AR-alustalle. Rakennettu luotettavaan 9mm Luger -sy\u00f6tt\u00f6\u00f6n CMMG Banshee-, Resolute- ja Mk9-kiv\u00e4\u00e4reiss\u00e4 ja -pistooleissa.<\/p>\n<h3>T\u00e4rkeimm\u00e4t ominaisuudet<\/h3>\n<ul>\n<li>10-patruunan (rajoitettu)<\/li>\n<li>CMMG 9mm AR conversion -yl\u00e4osiin<\/li>\n<li>Glock-pattern -runko (muunneltu)<\/li>\n<li>Drop-free -muotoilu<\/li>\n<li>Iskunkest\u00e4v\u00e4 polymeeri<\/li>\n<\/ul>\n<h3>Tekniset tiedot<\/h3>\n<table>\n<tr>\n<td><strong>Kaliiperi<\/strong><\/td>\n<td>9mm Luger<\/td>\n<\/tr>\n<tr>\n<td><strong>Kapasiteetti<\/strong><\/td>\n<td>10 patruunaa<\/td>\n<\/tr>\n<tr>\n<td><strong>Alusta<\/strong><\/td>\n<td>CMMG 9mm AR Conversion<\/td>\n<\/tr>\n<tr>\n<td><strong>Valmistaja<\/strong><\/td>\n<td>CMMG (USA)<\/td>\n<\/tr>\n<\/table>\n","protected":false},"excerpt":{"rendered":"<p>10-patruunan 9mm-lipas CMMG AR-15 9mm conversion -yl\u00e4osiin. Muunneltu Glock-pattern -lipas luotettavaan sy\u00f6tt\u00f6\u00f6n.<\/p>\n","protected":false},"featured_media":755947,"template":"","meta":{"_acf_changed":false},"product_brand":[],"product_cat":[13225,13232,13178],"product_tag":[],"class_list":{"0":"post-755473","1":"product","2":"type-product","3":"status-publish","4":"has-post-thumbnail","6":"product_cat-kivaeaeri","7":"product_cat-kivaeaerin-lippaat","8":"product_cat-lisensoitu","10":"first","11":"instock","12":"taxable","13":"shipping-taxable","14":"product-type-simple"},"acf":[],"_links":{"self":[{"href":"https:\/\/nbg.eu\/fi\/wp-json\/wp\/v2\/product\/755473","targetHints":{"allow":["GET"]}}],"collection":[{"href":"https:\/\/nbg.eu\/fi\/wp-json\/wp\/v2\/product"}],"about":[{"href":"https:\/\/nbg.eu\/fi\/wp-json\/wp\/v2\/types\/product"}],"wp:featuredmedia":[{"embeddable":true,"href":"https:\/\/nbg.eu\/fi\/wp-json\/wp\/v2\/media\/755947"}],"wp:attachment":[{"href":"https:\/\/nbg.eu\/fi\/wp-json\/wp\/v2\/media?parent=755473"}],"wp:term":[{"taxonomy":"product_brand","embeddable":true,"href":"https:\/\/nbg.eu\/fi\/wp-json\/wp\/v2\/product_brand?post=755473"},{"taxonomy":"product_cat","embeddable":true,"href":"https:\/\/nbg.eu\/fi\/wp-json\/wp\/v2\/product_cat?post=755473"},{"taxonomy":"product_tag","embeddable":true,"href":"https:\/\/nbg.eu\/fi\/wp-json\/wp\/v2\/product_tag?post=755473"}],"curies":[{"name":"wp","href":"https:\/\/api.w.org\/{rel}","templated":true}]}}