{"id":755564,"date":"2026-05-13T13:36:43","date_gmt":"2026-05-13T10:36:43","guid":{"rendered":"https:\/\/nbg.eu\/product\/lipas-lancer-l5-awm-223-rem-labipaisteva\/"},"modified":"2026-05-13T14:50:33","modified_gmt":"2026-05-13T11:50:33","slug":"lipas-lancer-l5-awm-223-rem-labipaisteva","status":"publish","type":"product","link":"https:\/\/nbg.eu\/fi\/tuote\/lipas-lancer-l5-awm-223-rem-labipaisteva\/","title":{"rendered":"Lipas Lancer L5 AWM .223 Rem &#8211; l\u00e4bipaisteva"},"content":{"rendered":"<h2>Lipas Lancer L5 AWM .223 Rem &#8211; l\u00e4bipaisteva<\/h2>\n<p>Lancer L5 Advanced Warfighter Magazine (AWM) yhdist\u00e4\u00e4 karkaistut ter\u00e4ksiset sy\u00f6tt\u00f6huulet lasikuituvahvistettuun polymeerirunkoon &#8211; antaa metallilippaan lujuuden polymeerin keveydell\u00e4 ja korroosionkestolla. L5 AWM on AR-15-lippaiden kultainen standardi.<\/p>\n<h3>T\u00e4rkeimm\u00e4t ominaisuudet<\/h3>\n<ul>\n<li>Karkaistut ter\u00e4shuulet ylivertaiseen kest\u00e4vyyteen<\/li>\n<li>L\u00e4pin\u00e4kyv\u00e4 runko mahdollistaa patruunam\u00e4\u00e4r\u00e4n tarkistuksen<\/li>\n<li>Lasikuituvahvistettu polymeerirunko (l\u00e4bipaisteva)<\/li>\n<li>Anti-tilt sy\u00f6tt\u00e4j\u00e4 itsevoitelevalla pinnoitteella<\/li>\n<li>Mil-spec yhteensopiva kaikkien AR-15 lowerien kanssa<\/li>\n<\/ul>\n<h3>Tekniset tiedot<\/h3>\n<table>\n<tr>\n<td><strong>Kaliiperi<\/strong><\/td>\n<td>.223 Rem \/ 5.56 NATO<\/td>\n<\/tr>\n<tr>\n<td><strong>V\u00e4ri<\/strong><\/td>\n<td>Musta<\/td>\n<\/tr>\n<tr>\n<td><strong>Materiaali<\/strong><\/td>\n<td>Ter\u00e4shuulet + polymeerirunko<\/td>\n<\/tr>\n<tr>\n<td><strong>Valmistaja<\/strong><\/td>\n<td>Lancer Systems (USA)<\/td>\n<\/tr>\n<\/table>\n","protected":false},"excerpt":{"rendered":"<p>Lancer L5 Advanced Warfighter Magazine AR-15:lle kaliiperissa .223 Rem \/ 5.56 NATO. Musta l\u00e4pin\u00e4kyv\u00e4 runko karkaistuilla ter\u00e4shuulilla.<\/p>\n","protected":false},"featured_media":756139,"template":"","meta":{"_acf_changed":false},"product_brand":[],"product_cat":[13225,13232,13178],"product_tag":[],"class_list":{"0":"post-755564","1":"product","2":"type-product","3":"status-publish","4":"has-post-thumbnail","6":"product_cat-kivaeaeri","7":"product_cat-kivaeaerin-lippaat","8":"product_cat-lisensoitu","10":"first","11":"instock","12":"taxable","13":"shipping-taxable","14":"product-type-simple"},"acf":[],"_links":{"self":[{"href":"https:\/\/nbg.eu\/fi\/wp-json\/wp\/v2\/product\/755564","targetHints":{"allow":["GET"]}}],"collection":[{"href":"https:\/\/nbg.eu\/fi\/wp-json\/wp\/v2\/product"}],"about":[{"href":"https:\/\/nbg.eu\/fi\/wp-json\/wp\/v2\/types\/product"}],"wp:featuredmedia":[{"embeddable":true,"href":"https:\/\/nbg.eu\/fi\/wp-json\/wp\/v2\/media\/756139"}],"wp:attachment":[{"href":"https:\/\/nbg.eu\/fi\/wp-json\/wp\/v2\/media?parent=755564"}],"wp:term":[{"taxonomy":"product_brand","embeddable":true,"href":"https:\/\/nbg.eu\/fi\/wp-json\/wp\/v2\/product_brand?post=755564"},{"taxonomy":"product_cat","embeddable":true,"href":"https:\/\/nbg.eu\/fi\/wp-json\/wp\/v2\/product_cat?post=755564"},{"taxonomy":"product_tag","embeddable":true,"href":"https:\/\/nbg.eu\/fi\/wp-json\/wp\/v2\/product_tag?post=755564"}],"curies":[{"name":"wp","href":"https:\/\/api.w.org\/{rel}","templated":true}]}}