{"id":755634,"date":"2026-05-13T13:36:47","date_gmt":"2026-05-13T10:36:47","guid":{"rendered":"https:\/\/nbg.eu\/product\/lipas-shield-arms-43x-48-9mm-15-patruunan\/"},"modified":"2026-05-13T14:51:14","modified_gmt":"2026-05-13T11:51:14","slug":"lipas-shield-arms-43x-48-9mm-15-patruunan","status":"publish","type":"product","link":"https:\/\/nbg.eu\/fi\/tuote\/lipas-shield-arms-43x-48-9mm-15-patruunan\/","title":{"rendered":"Lipas Shield Arms 43X\/48 9mm 15-patruunan"},"content":{"rendered":"<h2>Lipas Shield Arms 43X\/48 9mm 15-patruunan<\/h2>\n<p>Shield Arms S15 -lipas muuttaa Glock 43X:n ja Glock 48:n 10-patruunan single-stack -pistooleista 15-patruunan double-stack -kantopistooleihin &#8211; kasvattamatta kahvan kokoa. Valmistettu l\u00e4mp\u00f6k\u00e4sitellyst\u00e4 ter\u00e4ksest\u00e4 itsevoitelevalla polymeerisy\u00f6tt\u00e4j\u00e4ll\u00e4.<\/p>\n<h3>T\u00e4rkeimm\u00e4t ominaisuudet<\/h3>\n<ul>\n<li>15-patruunan kapasiteetti vakiokahvassa<\/li>\n<li>L\u00e4mp\u00f6k\u00e4sitelty ter\u00e4srunko<\/li>\n<li>Drop-free -muotoilu<\/li>\n<li>Itsevoiteleva polymeerisy\u00f6tt\u00e4j\u00e4<\/li>\n<li>Suositellaan Shield Armsin ter\u00e4ssalvalla (myyd\u00e4\u00e4n erikseen)<\/li>\n<\/ul>\n<h3>Tekniset tiedot<\/h3>\n<table>\n<tr>\n<td><strong>Kaliiperi<\/strong><\/td>\n<td>9mm Luger<\/td>\n<\/tr>\n<tr>\n<td><strong>Kapasiteetti<\/strong><\/td>\n<td>15 patruunaa<\/td>\n<\/tr>\n<tr>\n<td><strong>Sopii<\/strong><\/td>\n<td>Glock 43X \/ Glock 48<\/td>\n<\/tr>\n<tr>\n<td><strong>Materiaali<\/strong><\/td>\n<td>L\u00e4mp\u00f6k\u00e4sitelty ter\u00e4s<\/td>\n<\/tr>\n<tr>\n<td><strong>Valmistaja<\/strong><\/td>\n<td>Shield Arms (USA)<\/td>\n<\/tr>\n<\/table>\n","protected":false},"excerpt":{"rendered":"<p>15-patruunan 9mm-lipas Glock 43X:lle ja Glock 48:lle Shield Armsilta. Ter\u00e4srakenne, joka l\u00e4hes kaksinkertaistaa tehdaskapasiteetin.<\/p>\n","protected":false},"featured_media":756307,"template":"","meta":{"_acf_changed":false},"product_brand":[],"product_cat":[13178,13195,13171],"product_tag":[],"class_list":{"0":"post-755634","1":"product","2":"type-product","3":"status-publish","4":"has-post-thumbnail","6":"product_cat-lisensoitu","7":"product_cat-pistooli","8":"product_cat-pistoolin-osat","10":"first","11":"instock","12":"taxable","13":"shipping-taxable","14":"product-type-simple"},"acf":[],"_links":{"self":[{"href":"https:\/\/nbg.eu\/fi\/wp-json\/wp\/v2\/product\/755634","targetHints":{"allow":["GET"]}}],"collection":[{"href":"https:\/\/nbg.eu\/fi\/wp-json\/wp\/v2\/product"}],"about":[{"href":"https:\/\/nbg.eu\/fi\/wp-json\/wp\/v2\/types\/product"}],"wp:featuredmedia":[{"embeddable":true,"href":"https:\/\/nbg.eu\/fi\/wp-json\/wp\/v2\/media\/756307"}],"wp:attachment":[{"href":"https:\/\/nbg.eu\/fi\/wp-json\/wp\/v2\/media?parent=755634"}],"wp:term":[{"taxonomy":"product_brand","embeddable":true,"href":"https:\/\/nbg.eu\/fi\/wp-json\/wp\/v2\/product_brand?post=755634"},{"taxonomy":"product_cat","embeddable":true,"href":"https:\/\/nbg.eu\/fi\/wp-json\/wp\/v2\/product_cat?post=755634"},{"taxonomy":"product_tag","embeddable":true,"href":"https:\/\/nbg.eu\/fi\/wp-json\/wp\/v2\/product_tag?post=755634"}],"curies":[{"name":"wp","href":"https:\/\/api.w.org\/{rel}","templated":true}]}}