{"id":83506,"date":"2024-11-03T14:57:46","date_gmt":"2024-11-03T11:57:46","guid":{"rendered":"https:\/\/nbg.eu\/product\/tinck-arms-semi-automatic-carbine-perun-x9-125-cal-9x19mm\/"},"modified":"2026-02-25T18:15:37","modified_gmt":"2026-02-25T15:15:37","slug":"tinck-arms-puoliautomaattinen-karbiini-perun-x9-125-kal-9x19mm","status":"publish","type":"product","link":"https:\/\/nbg.eu\/fi\/tuote\/tinck-arms-puoliautomaattinen-karbiini-perun-x9-125-kal-9x19mm\/","title":{"rendered":"Tinck Arms puoliautomaattinen karbiini Perun X9 12,5&#8243; &#8211; kal. 9x19mm"},"content":{"rendered":"<div class=\"product-description\">\n<h2>Tinck Arms Perun X9 12.5&#8243; Puoliautomaattinen Karbiini<\/h2>\n<p>Tinck Arms Perun X9 on 9mm karbiini, joka perustuu X16-alustaan. Perun X9 tarjoaa suorituskyky\u00e4 ja monipuolisuutta kompaktissa ja kevyess\u00e4 muodossa.<\/p>\n<h2>Ominaisuudet:<\/h2>\n<ul>\n<li>Kaliiperi: 9x19mm Parabellum<\/li>\n<li>Piipun pituus: 12.5&#8243; kylm\u00e4taottu CrMoV-ter\u00e4s<\/li>\n<li>Toimintaperiaate: Suljettu lukko, massasulku<\/li>\n<li>Kokonaispituus: 700mm (taitettuna) \/ 950mm (avattuna)<\/li>\n<li>Paino: 2.8kg (30 patruunan lipas mukaan lukien)<\/li>\n<li>Molemminpuoliset hallintalaitteet ja ei-liikkuva latausvipu<\/li>\n<li>Yhteensopiva Glock 9x19mm lippaiden kanssa<\/li>\n<\/ul>\n<h2>Monipuolisuus<\/h2>\n<p>Perun X9:ss\u00e4 on useita konfigurointivaihtoehtoja:<\/p>\n<ul>\n<li>Valittavissa perinteinen AR15 tai kilpailuliipasin<\/li>\n<li>Saatavilla piipun pituudet 8.5&#8243; &#8211; 14.5&#8243;<\/li>\n<li>Tehtaan suunnittelema suujarru rekyylin v\u00e4hent\u00e4miseksi<\/li>\n<li>CNC-koneistettu kelluva etutuki lis\u00e4varusteiden kiinnitt\u00e4mist\u00e4 varten<\/li>\n<li>Masada-taittuva per\u00e4 tai tavallinen AR-15 puskuriputkiper\u00e4<\/li>\n<\/ul>\n<h2>Ergonomia ja Toiminnallisuus<\/h2>\n<p>Suunniteltu optimaaliseen suorituskykyyn eri tilanteissa:<\/p>\n<ul>\n<li>Molemminpuolinen varmistin<\/li>\n<li>Yl\u00f6snousevat varat\u00e4ht\u00e4imet 300mm t\u00e4ht\u00e4inv\u00e4lill\u00e4<\/li>\n<li>1 yl\u00e4- ja 3 lis\u00e4kiskoa optiikkaa ja lis\u00e4varusteita varten<\/li>\n<li>1\/2&#8243;-28 kierteitetty piippu \u00e4\u00e4nenvaimentimen kiinnitt\u00e4mist\u00e4 varten<\/li>\n<\/ul>\n<h2>Koulutus ja Mukautuvuus<\/h2>\n<p>Perun X9 tukee Simunition-harjoituspatruunoita ja sis\u00e4lt\u00e4\u00e4 k\u00e4sittelyharjoitteluominaisuuksia, mik\u00e4 tekee siit\u00e4 sopivan lainvalvonnan ja armeijan koulutusharjoituksiin.<\/p>\n<p>Jokaisen Perun X9:n mukana tulee yksi 30 patruunan Glock-yhteensopiva lipas ja k\u00e4ytt\u00f6ohje.<\/p>\n<\/div>\n","protected":false},"excerpt":{"rendered":"<p>Kompakti 9 mm:n karbiini 12,5 tuuman piipulla, taitettavalla per\u00e4ll\u00e4 ja yhteensopivuudella Glock-lippaiden kanssa.<\/p>\n","protected":false},"featured_media":77205,"template":"","meta":{"_acf_changed":false},"product_brand":[11914],"product_cat":[13157,13225,15803],"product_tag":[],"class_list":{"0":"post-83506","1":"product","2":"type-product","3":"status-publish","4":"has-post-thumbnail","6":"product_brand-tinck-arms","7":"product_cat-karbiinit","8":"product_cat-kivaeaeri","9":"product_cat-semi-automatic-rifles-fi","11":"first","12":"instock","13":"taxable","14":"shipping-taxable","15":"purchasable","16":"product-type-simple"},"acf":[],"_links":{"self":[{"href":"https:\/\/nbg.eu\/fi\/wp-json\/wp\/v2\/product\/83506","targetHints":{"allow":["GET"]}}],"collection":[{"href":"https:\/\/nbg.eu\/fi\/wp-json\/wp\/v2\/product"}],"about":[{"href":"https:\/\/nbg.eu\/fi\/wp-json\/wp\/v2\/types\/product"}],"wp:featuredmedia":[{"embeddable":true,"href":"https:\/\/nbg.eu\/fi\/wp-json\/wp\/v2\/media\/77205"}],"wp:attachment":[{"href":"https:\/\/nbg.eu\/fi\/wp-json\/wp\/v2\/media?parent=83506"}],"wp:term":[{"taxonomy":"product_brand","embeddable":true,"href":"https:\/\/nbg.eu\/fi\/wp-json\/wp\/v2\/product_brand?post=83506"},{"taxonomy":"product_cat","embeddable":true,"href":"https:\/\/nbg.eu\/fi\/wp-json\/wp\/v2\/product_cat?post=83506"},{"taxonomy":"product_tag","embeddable":true,"href":"https:\/\/nbg.eu\/fi\/wp-json\/wp\/v2\/product_tag?post=83506"}],"curies":[{"name":"wp","href":"https:\/\/api.w.org\/{rel}","templated":true}]}}