{"id":133904,"date":"2025-01-01T20:54:41","date_gmt":"2025-01-01T20:54:41","guid":{"rendered":"https:\/\/nbg.eu\/product\/area-419-offset-mounts-for-match-attachment-points\/"},"modified":"2026-01-21T11:35:03","modified_gmt":"2026-01-21T08:35:03","slug":"support-de-montage-decale-area-419-pour-points-de-fixation-match","status":"publish","type":"product","link":"https:\/\/nbg.eu\/fr\/produit\/support-de-montage-decale-area-419-pour-points-de-fixation-match\/","title":{"rendered":"Support de Montage D\u00e9cal\u00e9 Area 419 pour Points de Fixation MATCH"},"content":{"rendered":"<h2>Supports d\u00e9port\u00e9s Area 419 pour points d&rsquo;attache MATCH<\/h2>\n<p>Les supports d\u00e9port\u00e9s Area 419 pour points d&rsquo;attache MATCH am\u00e9liorent l&rsquo;installation du point rouge sur votre carabine. Notre conception monobloc offre des options de personnalisation :<\/p>\n<ul>\n<li>Choix entre des angles de d\u00e9calage de 35\u00b0 et 45\u00b0<\/li>\n<li>Plusieurs emplacements de fixation pour plus de flexibilit\u00e9<\/li>\n<li>L\u00e9ger : 25 livres<\/li>\n<li>Dimensions compactes : 6 \u00d7 4 \u00d7 1 pouces<\/li>\n<\/ul>\n<p>Ces supports permettent d&rsquo;ajuster le positionnement du point rouge pour optimiser les performances et le confort dans diff\u00e9rentes situations de tir. Les supports d\u00e9port\u00e9s Area 419 sont disponibles pour votre carabine.<\/p>\n","protected":false},"excerpt":{"rendered":"<p>Supports d\u00e9port\u00e9s personnalisables de 35\u00b0\/45\u00b0 pour les points MATCH. Configuration polyvalente.<\/p>\n","protected":false},"featured_media":109205,"template":"","meta":{"_acf_changed":false},"product_brand":[11038],"product_cat":[12169,12193,14901,12144],"product_tag":[],"class_list":{"0":"post-133904","1":"product","2":"type-product","3":"status-publish","4":"has-post-thumbnail","6":"product_brand-area-419","7":"product_cat-accessoires-de-visee","8":"product_cat-fusil","9":"product_cat-mounts-fr","10":"product_cat-visee","12":"first","13":"instock","14":"taxable","15":"shipping-taxable","16":"purchasable","17":"product-type-variable","18":"wvs-archive-product-wrapper"},"acf":[],"_links":{"self":[{"href":"https:\/\/nbg.eu\/fr\/wp-json\/wp\/v2\/product\/133904","targetHints":{"allow":["GET"]}}],"collection":[{"href":"https:\/\/nbg.eu\/fr\/wp-json\/wp\/v2\/product"}],"about":[{"href":"https:\/\/nbg.eu\/fr\/wp-json\/wp\/v2\/types\/product"}],"wp:featuredmedia":[{"embeddable":true,"href":"https:\/\/nbg.eu\/fr\/wp-json\/wp\/v2\/media\/109205"}],"wp:attachment":[{"href":"https:\/\/nbg.eu\/fr\/wp-json\/wp\/v2\/media?parent=133904"}],"wp:term":[{"taxonomy":"product_brand","embeddable":true,"href":"https:\/\/nbg.eu\/fr\/wp-json\/wp\/v2\/product_brand?post=133904"},{"taxonomy":"product_cat","embeddable":true,"href":"https:\/\/nbg.eu\/fr\/wp-json\/wp\/v2\/product_cat?post=133904"},{"taxonomy":"product_tag","embeddable":true,"href":"https:\/\/nbg.eu\/fr\/wp-json\/wp\/v2\/product_tag?post=133904"}],"curies":[{"name":"wp","href":"https:\/\/api.w.org\/{rel}","templated":true}]}}