{"id":134510,"date":"2024-11-26T13:10:26","date_gmt":"2024-11-26T10:10:26","guid":{"rendered":"https:\/\/nbg.eu\/product\/geissele-ak-braided-spring\/"},"modified":"2026-04-22T11:25:06","modified_gmt":"2026-04-22T08:25:06","slug":"ressort-tresse-geissele-ak","status":"publish","type":"product","link":"https:\/\/nbg.eu\/fr\/produit\/ressort-tresse-geissele-ak\/","title":{"rendered":"Geissele Ressort Principal Tress\u00e9 AK"},"content":{"rendered":"<h2>Ressort spiral\u00e9 AK<\/h2>\n<p>Le ressort principal tress\u00e9 ALG AK est un ressort de remplacement pour les carabines de la plateforme AK47\/74. Cette option de remplacement est fabriqu\u00e9e aux \u00c9tats-Unis \u00e0 partir de trois brins de fil tress\u00e9s ensemble. La conception tress\u00e9e offre une durabilit\u00e9 et une fiabilit\u00e9 accrues par rapport aux ressorts principaux AK traditionnels, assurant un fonctionnement fluide et r\u00e9gulier de votre carabine.<\/p>\n<p>Fabriqu\u00e9 \u00e0 partir de mat\u00e9riaux de haute qualit\u00e9, le ressort tress\u00e9 AK est con\u00e7u pour r\u00e9sister aux rigueurs d&rsquo;une utilisation intensive et de conditions difficiles. Sa construction robuste contribue \u00e0 r\u00e9duire les risques de d\u00e9faillance du ressort, ce qui peut entra\u00eener des rat\u00e9s ou d&rsquo;autres dysfonctionnements. En rempla\u00e7ant le ressort principal de votre AK par ce composant fiable, vous pourrez b\u00e9n\u00e9ficier de performances am\u00e9lior\u00e9es et d&rsquo;un sentiment de tranquillit\u00e9 d&rsquo;esprit, sachant que votre carabine fonctionne au mieux de ses capacit\u00e9s.<\/p>\n<p>Que vous soyez un tireur sportif ou un op\u00e9rateur tactique, le ressort tress\u00e9 AK est une mise \u00e0 niveau essentielle \u00e0 envisager pour votre plateforme AK47\/74. Sa conception sup\u00e9rieure et ses normes de fabrication en font un choix de confiance parmi les propri\u00e9taires d&rsquo;armes \u00e0 feu exigeants qui demandent le plus haut niveau de fiabilit\u00e9 et de performance de leur \u00e9quipement.<\/p>\n","protected":false},"excerpt":{"rendered":"<p>L&rsquo;AK Braided Spring est un ressort de rechange tress\u00e9 \u00e0 3 brins fabriqu\u00e9 aux \u00c9tats-Unis pour les fusils AK47\/74.<\/p>\n","protected":false},"featured_media":81098,"template":"","meta":{"_acf_changed":false},"product_brand":[11381],"product_cat":[12161],"product_tag":[],"class_list":{"0":"post-134510","1":"product","2":"type-product","3":"status-publish","4":"has-post-thumbnail","6":"product_brand-geissele","7":"product_cat-ressorts","9":"first","10":"instock","11":"taxable","12":"shipping-taxable","13":"product-type-simple"},"acf":[],"_links":{"self":[{"href":"https:\/\/nbg.eu\/fr\/wp-json\/wp\/v2\/product\/134510","targetHints":{"allow":["GET"]}}],"collection":[{"href":"https:\/\/nbg.eu\/fr\/wp-json\/wp\/v2\/product"}],"about":[{"href":"https:\/\/nbg.eu\/fr\/wp-json\/wp\/v2\/types\/product"}],"wp:featuredmedia":[{"embeddable":true,"href":"https:\/\/nbg.eu\/fr\/wp-json\/wp\/v2\/media\/81098"}],"wp:attachment":[{"href":"https:\/\/nbg.eu\/fr\/wp-json\/wp\/v2\/media?parent=134510"}],"wp:term":[{"taxonomy":"product_brand","embeddable":true,"href":"https:\/\/nbg.eu\/fr\/wp-json\/wp\/v2\/product_brand?post=134510"},{"taxonomy":"product_cat","embeddable":true,"href":"https:\/\/nbg.eu\/fr\/wp-json\/wp\/v2\/product_cat?post=134510"},{"taxonomy":"product_tag","embeddable":true,"href":"https:\/\/nbg.eu\/fr\/wp-json\/wp\/v2\/product_tag?post=134510"}],"curies":[{"name":"wp","href":"https:\/\/api.w.org\/{rel}","templated":true}]}}