{"id":140150,"date":"2025-01-04T04:53:09","date_gmt":"2025-01-04T04:53:09","guid":{"rendered":"https:\/\/nbg.eu\/product\/area-419-arcalock-12-universal-dovetail-rail\/"},"modified":"2026-05-13T15:10:20","modified_gmt":"2026-05-13T12:10:20","slug":"area-419-rail-queue-daronde-arcalock-12-universel","status":"publish","type":"product","link":"https:\/\/nbg.eu\/fr\/produit\/area-419-rail-queue-daronde-arcalock-12-universel\/","title":{"rendered":"Area 419 &#8211; Rail Queue d&rsquo;Aronde ARCALOCK 12&Prime; Universel"},"content":{"rendered":"<div class=\"product-description\">\n<h2>Area 419 &#8211; Rail \u00e0 queue d&rsquo;aronde universel ARCALOCK 12&Prime;<\/h2>\n<p>Rail ARCALOCK 12&Prime; universel \u00e0 queue d&rsquo;aronde d&rsquo;Area 419. Caract\u00e9ristiques :<\/p>\n<ul>\n<li>C\u00f4t\u00e9s dentel\u00e9s pour verrouillage m\u00e9canique avec les pinces Area 419<\/li>\n<li>Compatibilit\u00e9 avec les accessoires Arca standard<\/li>\n<li>Longueur de 12&Prime;<\/li>\n<li>Poids de 4,1 oz<\/li>\n<li>Compatible avec le standard RRS 1,5&Prime; \u00e0 queue d&rsquo;aronde<\/li>\n<li>Bords arrondis<\/li>\n<li>Points d&rsquo;attache multiples<\/li>\n<li>Aluminium 6061-T6 anodis\u00e9 dur Type 3<\/li>\n<li>Fabriqu\u00e9 aux \u00c9tats-Unis<\/li>\n<\/ul>\n<p>Syst\u00e8me de rail ARCALOCK. Mat\u00e9riel MLOK non inclus.<\/p>\n<\/div>\n","protected":false},"excerpt":{"rendered":"<p>Rail ARCA verrouillable de 30,5 cm pour fusils de pr\u00e9cision. Quincaillerie MLOK non incluse.<\/p>\n","protected":false},"featured_media":114648,"template":"","meta":{"_acf_changed":false},"product_brand":[11038],"product_cat":[15559,12207],"product_tag":[],"class_list":{"0":"post-140150","1":"product","2":"type-product","3":"status-publish","4":"has-post-thumbnail","6":"product_brand-area-419","7":"product_cat-arcalock-systems-fr","8":"product_cat-rails","10":"first","11":"instock","12":"sale","13":"taxable","14":"shipping-taxable","15":"purchasable","16":"product-type-simple"},"acf":[],"_links":{"self":[{"href":"https:\/\/nbg.eu\/fr\/wp-json\/wp\/v2\/product\/140150","targetHints":{"allow":["GET"]}}],"collection":[{"href":"https:\/\/nbg.eu\/fr\/wp-json\/wp\/v2\/product"}],"about":[{"href":"https:\/\/nbg.eu\/fr\/wp-json\/wp\/v2\/types\/product"}],"wp:featuredmedia":[{"embeddable":true,"href":"https:\/\/nbg.eu\/fr\/wp-json\/wp\/v2\/media\/114648"}],"wp:attachment":[{"href":"https:\/\/nbg.eu\/fr\/wp-json\/wp\/v2\/media?parent=140150"}],"wp:term":[{"taxonomy":"product_brand","embeddable":true,"href":"https:\/\/nbg.eu\/fr\/wp-json\/wp\/v2\/product_brand?post=140150"},{"taxonomy":"product_cat","embeddable":true,"href":"https:\/\/nbg.eu\/fr\/wp-json\/wp\/v2\/product_cat?post=140150"},{"taxonomy":"product_tag","embeddable":true,"href":"https:\/\/nbg.eu\/fr\/wp-json\/wp\/v2\/product_tag?post=140150"}],"curies":[{"name":"wp","href":"https:\/\/api.w.org\/{rel}","templated":true}]}}