{"id":22544,"date":"2024-08-19T20:28:32","date_gmt":"2024-08-19T17:28:32","guid":{"rendered":"https:\/\/nbg.eu\/product\/produit-2\/"},"modified":"2026-04-16T17:01:39","modified_gmt":"2026-04-16T14:01:39","slug":"goupille-de-ressort-darretoir-de-culasse-kmr","status":"publish","type":"product","link":"https:\/\/nbg.eu\/fr\/produit\/goupille-de-ressort-darretoir-de-culasse-kmr\/","title":{"rendered":"KMR Goupille du Ressort de l&rsquo;Arr\u00eatoir"},"content":{"rendered":"<h2>Broche \u00e0 ressort d&rsquo;arr\u00eat de glissi\u00e8re KMR<\/h2>\n<p>Am\u00e9liorez les fonctionnalit\u00e9s et la fiabilit\u00e9 de votre arme \u00e0 feu avec la broche \u00e0 ressort d&rsquo;arr\u00eat de glissi\u00e8re KMR. Ce composant con\u00e7u avec pr\u00e9cision est con\u00e7u pour maintenir fermement l&rsquo;arr\u00eat de glissi\u00e8re en place, assurant un fonctionnement fluide et constant de votre arme. Fabriqu\u00e9 \u00e0 partir de mat\u00e9riaux de haute qualit\u00e9, la broche \u00e0 ressort d&rsquo;arr\u00eat de glissi\u00e8re KMR est construite pour r\u00e9sister aux rigueurs d&rsquo;une utilisation r\u00e9guli\u00e8re et \u00e0 des environnements difficiles.<\/p>\n<p>Avec sa conception de ressort durable, la broche \u00e0 ressort d&rsquo;arr\u00eat de glissi\u00e8re KMR offre des performances fiables et un ajustement s\u00fbr, emp\u00eachant tout mouvement ou d\u00e9sengagement ind\u00e9sirable de la glissi\u00e8re. Sa taille compacte et son int\u00e9gration transparente en font un accessoire essentiel pour l&rsquo;entretien et la mise \u00e0 niveau de votre arme \u00e0 feu.<\/p>\n<p>Que vous soyez un tireur chevronn\u00e9 ou un passionn\u00e9 d&rsquo;armes \u00e0 feu, la broche \u00e0 ressort d&rsquo;arr\u00eat de glissi\u00e8re KMR est un accessoire indispensable pour maintenir les performances optimales de votre arme. Am\u00e9liorez votre arme \u00e0 feu avec ce composant fiable et facile \u00e0 utiliser et d\u00e9couvrez la diff\u00e9rence dans votre exp\u00e9rience de tir.<\/p>\n","protected":false},"excerpt":{"rendered":"<p>Goupille d&rsquo;arr\u00eat \u00e0 ressort fiable pour une fixation KMR s\u00e9curis\u00e9e.<\/p>\n","protected":false},"featured_media":60768,"template":"","meta":{"_acf_changed":false},"product_brand":[11499],"product_cat":[12143,12161],"product_tag":[],"class_list":{"0":"post-22544","1":"product","2":"type-product","3":"status-publish","4":"has-post-thumbnail","6":"product_brand-kmr-precision","7":"product_cat-pieces-kmr","8":"product_cat-ressorts","10":"first","11":"instock","12":"taxable","13":"shipping-taxable","14":"product-type-simple"},"acf":[],"_links":{"self":[{"href":"https:\/\/nbg.eu\/fr\/wp-json\/wp\/v2\/product\/22544","targetHints":{"allow":["GET"]}}],"collection":[{"href":"https:\/\/nbg.eu\/fr\/wp-json\/wp\/v2\/product"}],"about":[{"href":"https:\/\/nbg.eu\/fr\/wp-json\/wp\/v2\/types\/product"}],"wp:featuredmedia":[{"embeddable":true,"href":"https:\/\/nbg.eu\/fr\/wp-json\/wp\/v2\/media\/60768"}],"wp:attachment":[{"href":"https:\/\/nbg.eu\/fr\/wp-json\/wp\/v2\/media?parent=22544"}],"wp:term":[{"taxonomy":"product_brand","embeddable":true,"href":"https:\/\/nbg.eu\/fr\/wp-json\/wp\/v2\/product_brand?post=22544"},{"taxonomy":"product_cat","embeddable":true,"href":"https:\/\/nbg.eu\/fr\/wp-json\/wp\/v2\/product_cat?post=22544"},{"taxonomy":"product_tag","embeddable":true,"href":"https:\/\/nbg.eu\/fr\/wp-json\/wp\/v2\/product_tag?post=22544"}],"curies":[{"name":"wp","href":"https:\/\/api.w.org\/{rel}","templated":true}]}}