{"id":275127,"date":"2025-03-03T12:58:09","date_gmt":"2025-03-03T12:58:09","guid":{"rendered":"https:\/\/nbg.eu\/product\/bore-tech-extreme-grease-hd-10ml\/"},"modified":"2026-01-21T11:38:40","modified_gmt":"2026-01-21T08:38:40","slug":"bore-tech-graisse-extreme-hd-10ml","status":"publish","type":"product","link":"https:\/\/nbg.eu\/fr\/produit\/bore-tech-graisse-extreme-hd-10ml\/","title":{"rendered":"Bore Tech GRAISSE EXTREME HD 10ml"},"content":{"rendered":"<h2>Bore Tech EXTREME GREASE HD 10ml<\/h2>\n<p>Graisse synth\u00e9tique \u00e0 trois bases pour le fonctionnement des armes \u00e0 feu.<\/p>\n<ul>\n<li>Plage de temp\u00e9rature op\u00e9rationnelle : -65\u00b0C \u00e0 +371\u00b0C<\/li>\n<li>Plage de temp\u00e9rature \u00e9tendue : jusqu&rsquo;\u00e0 1093\u00b0C<\/li>\n<li>Formulation non collante et non coulante<\/li>\n<li>Lubrification et pr\u00e9vention du grippage<\/li>\n<li>Coefficient de frottement r\u00e9duit<\/li>\n<li>Inhibiteurs de rouille<\/li>\n<li>Lubrifiants nano-c\u00e9ramiques pour hautes temp\u00e9ratures<\/li>\n<\/ul>\n<p>Utilisable sur les tenons de verrouillage, les rails de ch\u00e2ssis, les axes de charni\u00e8re et les m\u00e9canismes \u00e0 came. Pour un fonctionnement fluide et une dur\u00e9e de vie prolong\u00e9e des pi\u00e8ces dans des conditions extr\u00eames.<\/p>\n<p>Tube en plastique de 10cc avec embout distributeur et capuchon \u00e0 vis pour une application facile.<\/p>\n","protected":false},"excerpt":{"rendered":"<p>Graisse synth\u00e9tique ultra-collante pour armes \u00e0 feu, adapt\u00e9e aux conditions extr\u00eames (-65\u00b0C \u00e0 371\u00b0C)<\/p>\n","protected":false},"featured_media":235472,"template":"","meta":{"_acf_changed":false},"product_brand":[11152],"product_cat":[12148,12135],"product_tag":[],"class_list":{"0":"post-275127","1":"product","2":"type-product","3":"status-publish","4":"has-post-thumbnail","6":"product_brand-boretech","7":"product_cat-lubrifiants","8":"product_cat-nettoyage-darmes","10":"first","11":"outofstock","12":"taxable","13":"shipping-taxable","14":"purchasable","15":"product-type-simple"},"acf":[],"_links":{"self":[{"href":"https:\/\/nbg.eu\/fr\/wp-json\/wp\/v2\/product\/275127","targetHints":{"allow":["GET"]}}],"collection":[{"href":"https:\/\/nbg.eu\/fr\/wp-json\/wp\/v2\/product"}],"about":[{"href":"https:\/\/nbg.eu\/fr\/wp-json\/wp\/v2\/types\/product"}],"wp:featuredmedia":[{"embeddable":true,"href":"https:\/\/nbg.eu\/fr\/wp-json\/wp\/v2\/media\/235472"}],"wp:attachment":[{"href":"https:\/\/nbg.eu\/fr\/wp-json\/wp\/v2\/media?parent=275127"}],"wp:term":[{"taxonomy":"product_brand","embeddable":true,"href":"https:\/\/nbg.eu\/fr\/wp-json\/wp\/v2\/product_brand?post=275127"},{"taxonomy":"product_cat","embeddable":true,"href":"https:\/\/nbg.eu\/fr\/wp-json\/wp\/v2\/product_cat?post=275127"},{"taxonomy":"product_tag","embeddable":true,"href":"https:\/\/nbg.eu\/fr\/wp-json\/wp\/v2\/product_tag?post=275127"}],"curies":[{"name":"wp","href":"https:\/\/api.w.org\/{rel}","templated":true}]}}