{"id":277913,"date":"2025-03-07T22:09:14","date_gmt":"2025-03-07T19:09:14","guid":{"rendered":"https:\/\/nbg.eu\/product\/vortex-strike-eagle-1-8x24-ffp\/"},"modified":"2026-01-21T11:46:17","modified_gmt":"2026-01-21T08:46:17","slug":"vortex-strike-eagle-1-8x24-ffp","status":"publish","type":"product","link":"https:\/\/nbg.eu\/fr\/produit\/vortex-strike-eagle-1-8x24-ffp\/","title":{"rendered":"Vortex &#8211; Strike Eagle\u00ae &#8211; 1-8&#215;24 FFP"},"content":{"rendered":"<div class=\"product-description\">\n<h1>Vortex &#8211; Strike Eagle\u00ae &#8211; 1-8&#215;24 FFP<\/h1>\n<p>Le Strike Eagle\u00ae est une lunette de vis\u00e9e polyvalente avec des performances optiques pour am\u00e9liorer votre tir. Avec sa construction robuste, sa qualit\u00e9 de verre et ses fonctionnalit\u00e9s avanc\u00e9es, cette lunette convient aux sc\u00e9narios rapproch\u00e9s et aux engagements \u00e0 longue distance jusqu&rsquo;\u00e0 914 m\u00e8tres. Le Strike Eagle\u00ae s&rsquo;adapte \u00e0 chaque d\u00e9fi.<\/p>\n<h2>Caract\u00e9ristiques principales :<\/h2>\n<ul>\n<li>Grossissement : 1-8x<\/li>\n<li>Diam\u00e8tre de l&rsquo;objectif : 24 mm<\/li>\n<li>Premier plan focal (FFP)<\/li>\n<li>R\u00e9ticule EBR-8 MOA<\/li>\n<li>D\u00e9gagement oculaire : 9,9 cm<\/li>\n<li>Champ de vision : 34,6 m &#8211; 4,3 m \u00e0 91 m<\/li>\n<li>Tube de 30 mm<\/li>\n<li>Graduation d&rsquo;ajustement 1\/4 MOA<\/li>\n<li>Ajustement maximal en \u00e9l\u00e9vation et d\u00e9rive : 145 MOA<\/li>\n<li>Poids : 677 g<\/li>\n<\/ul>\n<h2>R\u00e9ticule EBR-8 :<\/h2>\n<p>Le r\u00e9ticule exclusif EBR-8 MOA au premier plan focal, grav\u00e9 sur verre et illumin\u00e9, permet un tir rapide de 0 \u00e0 548 m\u00e8tres avec les munitions populaires .223\/5,56 mm et .308\/7,62 mm. Ce r\u00e9ticule polyvalent peut \u00e9galement \u00eatre utilis\u00e9 avec d&rsquo;autres calibres et charges en utilisant les rep\u00e8res BDC.<\/p>\n<h2>Durabilit\u00e9 et clart\u00e9 :<\/h2>\n<ul>\n<li>Construction en aluminium de qualit\u00e9 a\u00e9ronautique<\/li>\n<li>Rev\u00eatement ArmorTek\u00ae ultra-dur et r\u00e9sistant aux rayures<\/li>\n<li>Lentilles enti\u00e8rement multicouches pour une transmission optimale de la lumi\u00e8re<\/li>\n<li>Conception antichoc pour r\u00e9sister au recul et aux impacts<\/li>\n<\/ul>\n<h2>Caract\u00e9ristiques suppl\u00e9mentaires :<\/h2>\n<ul>\n<li>Tourelles \u00e0 capuchon<\/li>\n<li>25 MOA de d\u00e9placement par rotation<\/li>\n<li>R\u00e9glage de la parallaxe : 114 m<\/li>\n<li>Levier de grossissement inclus pour des ajustements rapides<\/li>\n<\/ul>\n<p>Le Vortex Strike Eagle\u00ae 1-8&#215;24 FFP est une solution pour les tireurs recherchant une optique polyvalente et performante. Que ce soit pour le combat rapproch\u00e9 ou les cibles \u00e9loign\u00e9es, cette lunette offre la pr\u00e9cision et la fiabilit\u00e9 n\u00e9cessaires dans tous les sc\u00e9narios de tir.<\/p>\n<\/div>\n","protected":false},"excerpt":{"rendered":"<p>Lunette de vis\u00e9e polyvalente 1-8&#215;24 FFP avec r\u00e9ticule EBR-8. Optique robuste et haute performance pour le tir tactique.<\/p>\n","protected":false},"featured_media":249202,"template":"","meta":{"_acf_changed":false},"product_brand":[11958],"product_cat":[12157,12144],"product_tag":[],"class_list":{"0":"post-277913","1":"product","2":"type-product","3":"status-publish","4":"has-post-thumbnail","6":"product_brand-vortex","7":"product_cat-optiques-grossissantes","8":"product_cat-visee","10":"first","11":"outofstock","12":"taxable","13":"shipping-taxable","14":"purchasable","15":"product-type-simple"},"acf":[],"_links":{"self":[{"href":"https:\/\/nbg.eu\/fr\/wp-json\/wp\/v2\/product\/277913","targetHints":{"allow":["GET"]}}],"collection":[{"href":"https:\/\/nbg.eu\/fr\/wp-json\/wp\/v2\/product"}],"about":[{"href":"https:\/\/nbg.eu\/fr\/wp-json\/wp\/v2\/types\/product"}],"wp:featuredmedia":[{"embeddable":true,"href":"https:\/\/nbg.eu\/fr\/wp-json\/wp\/v2\/media\/249202"}],"wp:attachment":[{"href":"https:\/\/nbg.eu\/fr\/wp-json\/wp\/v2\/media?parent=277913"}],"wp:term":[{"taxonomy":"product_brand","embeddable":true,"href":"https:\/\/nbg.eu\/fr\/wp-json\/wp\/v2\/product_brand?post=277913"},{"taxonomy":"product_cat","embeddable":true,"href":"https:\/\/nbg.eu\/fr\/wp-json\/wp\/v2\/product_cat?post=277913"},{"taxonomy":"product_tag","embeddable":true,"href":"https:\/\/nbg.eu\/fr\/wp-json\/wp\/v2\/product_tag?post=277913"}],"curies":[{"name":"wp","href":"https:\/\/api.w.org\/{rel}","templated":true}]}}