{"id":283452,"date":"2025-03-07T20:40:36","date_gmt":"2025-03-07T17:40:36","guid":{"rendered":"https:\/\/nbg.eu\/product\/rusan-adapter-arm52-64-64mm\/"},"modified":"2026-01-21T11:38:39","modified_gmt":"2026-01-21T08:38:39","slug":"rusan-adapter-arm52-64-64mm","status":"publish","type":"product","link":"https:\/\/nbg.eu\/fr\/produit\/rusan-adapter-arm52-64-64mm\/","title":{"rendered":"Rusan &#8211; Adapter ARM52-64, 64mm"},"content":{"rendered":"<div class=\"product-description\">\n<h1>Rusan &#8211; Adaptateur ARM52-64, 64mm<\/h1>\n<h2>Combinaison de solidit\u00e9, adaptabilit\u00e9 et ing\u00e9nierie de pr\u00e9cision<\/h2>\n<p>Le Rusan &#8211; Adaptateur ARM52-64 est une solution de serrage de 64mm con\u00e7ue pour optimiser votre configuration dans divers sc\u00e9narios de tir.<\/p>\n<h3>Caract\u00e9ristiques principales :<\/h3>\n<ul>\n<li><strong>Syst\u00e8me RRS-Lock\u2122 :<\/strong> Int\u00e8gre des fonctions d&rsquo;arr\u00eat de s\u00e9curit\u00e9 dans le rail de montage et la pince \u00e0 d\u00e9gagement rapide, conforme \u00e0 la norme RRS 1.5&Prime;. Offre plusieurs positions d&rsquo;arr\u00eat sur le rail tout en conservant des bords lisses pour l&rsquo;ergonomie.<\/li>\n<li><strong>Chargement par le haut :<\/strong> Permet de passer de la position ferm\u00e9e \u00e0 ouverte en une action, facilitant le chargement des plaques \u00e0 d\u00e9gagement rapide RRS Dovetail et compatibles Arca-Swiss.<\/li>\n<li><strong>Confirmation visuelle du verrouillage :<\/strong> Permet d&rsquo;observer la position du levier &#8211; verrouill\u00e9, semi-ouvert ou compl\u00e8tement ouvert.<\/li>\n<li><strong>Tension r\u00e9glable :<\/strong> Permet d&rsquo;ajuster la tension de la pince pour une meilleure compatibilit\u00e9 avec les plaques et rails tiers.<\/li>\n<li><strong>Double pince brevet\u00e9e :<\/strong> Compatible avec les rails Picatinny et de style Arca.<\/li>\n<li><strong>Conception conviviale :<\/strong> R\u00e9trocompatible avec les rails de style Arca non RRS-Lock\u2122.<\/li>\n<\/ul>\n<h3>Bipodes compatibles :<\/h3>\n<ul>\n<li>Bipodes Atlas A.R.M.S. 17s de B&amp;T Industries<\/li>\n<li>Thunder Beast Arms TBAC<\/li>\n<li>Magpul A.R.M.S. 17s Style<\/li>\n<li>Toutes les autres applications A.R.M.S. 17s<\/li>\n<\/ul>\n<h3>Sp\u00e9cifications :<\/h3>\n<table>\n<tr>\n<td>Longueur de m\u00e2choire :<\/td>\n<td>1,97&Prime; \/ 50mm<\/td>\n<\/tr>\n<tr>\n<td>Largeur :<\/td>\n<td>2,94&Prime; \/ 74,6mm<\/td>\n<\/tr>\n<tr>\n<td>Hauteur :<\/td>\n<td>0,7&Prime; \/ 17,4mm<\/td>\n<\/tr>\n<tr>\n<td>Poids :<\/td>\n<td>3,8oz \/ 107g (mat\u00e9riel inclus)<\/td>\n<\/tr>\n<\/table>\n<p>Le Rusan &#8211; Adaptateur ARM52-64 est un outil pour le tir de pr\u00e9cision. Cet adaptateur assure que votre \u00e9quipement est s\u00e9curis\u00e9 par un syst\u00e8me de serrage fiable.<\/p>\n<\/div>\n","protected":false},"excerpt":{"rendered":"<p>Rusan ARM52-64 : Adaptateur de 64 mm pour un montage de pr\u00e9cision. Durable, polyvalent et con\u00e7u pour des performances optimales.<\/p>\n","protected":false},"featured_media":248363,"template":"","meta":{"_acf_changed":false},"product_brand":[11684],"product_cat":[12169,12164,12144],"product_tag":[],"class_list":{"0":"post-283452","1":"product","2":"type-product","3":"status-publish","4":"has-post-thumbnail","6":"product_brand-rusan","7":"product_cat-accessoires-de-visee","8":"product_cat-thermique","9":"product_cat-visee","11":"first","12":"outofstock","13":"taxable","14":"shipping-taxable","15":"purchasable","16":"product-type-simple"},"acf":[],"_links":{"self":[{"href":"https:\/\/nbg.eu\/fr\/wp-json\/wp\/v2\/product\/283452","targetHints":{"allow":["GET"]}}],"collection":[{"href":"https:\/\/nbg.eu\/fr\/wp-json\/wp\/v2\/product"}],"about":[{"href":"https:\/\/nbg.eu\/fr\/wp-json\/wp\/v2\/types\/product"}],"wp:featuredmedia":[{"embeddable":true,"href":"https:\/\/nbg.eu\/fr\/wp-json\/wp\/v2\/media\/248363"}],"wp:attachment":[{"href":"https:\/\/nbg.eu\/fr\/wp-json\/wp\/v2\/media?parent=283452"}],"wp:term":[{"taxonomy":"product_brand","embeddable":true,"href":"https:\/\/nbg.eu\/fr\/wp-json\/wp\/v2\/product_brand?post=283452"},{"taxonomy":"product_cat","embeddable":true,"href":"https:\/\/nbg.eu\/fr\/wp-json\/wp\/v2\/product_cat?post=283452"},{"taxonomy":"product_tag","embeddable":true,"href":"https:\/\/nbg.eu\/fr\/wp-json\/wp\/v2\/product_tag?post=283452"}],"curies":[{"name":"wp","href":"https:\/\/api.w.org\/{rel}","templated":true}]}}