{"id":287616,"date":"2025-03-06T23:23:37","date_gmt":"2025-03-06T20:23:37","guid":{"rendered":"https:\/\/nbg.eu\/prodcut\/clawgear-ak47-short-slick-handguard-m-lok\/"},"modified":"2026-01-21T12:04:23","modified_gmt":"2026-01-21T09:04:23","slug":"clawgear-cache-tube-de-gaz-ak47","status":"publish","type":"product","link":"https:\/\/nbg.eu\/fr\/produit\/clawgear-cache-tube-de-gaz-ak47\/","title":{"rendered":"Clawgear &#8211; Cache Tube de Gaz AK47"},"content":{"rendered":"<h2>Clawgear &#8211; Garde-main court AK47 M-LOK<\/h2>\n<p>Am\u00e9liorez votre AK47 avec ce garde-main qui comprend :<\/p>\n<ul>\n<li>Syst\u00e8me de montage M-LOK pour la fixation d&rsquo;accessoires<\/li>\n<li>Surface noire mate pour r\u00e9duire les reflets<\/li>\n<li>Point d&rsquo;attache pour sangle QD \u00e0 l&rsquo;arri\u00e8re<\/li>\n<li>Compatible avec les bo\u00eetiers de culasse emboutis et usin\u00e9s<\/li>\n<li>Fabriqu\u00e9 en aluminium 6061 haute r\u00e9sistance<\/li>\n<li>Finition anodis\u00e9e dure de Type III selon les normes militaires<\/li>\n<\/ul>\n<p>Dimensions : 16,4 cm (L) x 4,5 cm (l) x 4 cm (H)<\/p>\n<p>Poids : 0,16 kg<\/p>\n<p>Am\u00e9liorez la fonctionnalit\u00e9 et l&rsquo;apparence de votre AK47 avec ce garde-main durable et polyvalent. Pour les amateurs et les professionnels.<\/p>\n","protected":false},"excerpt":{"rendered":"<p>Garde-main l\u00e9ger M-LOK pour AK47. Point d&rsquo;attache QD pour sangle. S&rsquo;adapte \u00e0 diff\u00e9rents types de bo\u00eetiers de culasse.<\/p>\n","protected":false},"featured_media":245160,"template":"","meta":{"_acf_changed":false},"product_brand":[11224],"product_cat":[12193,14819,14797,12207,12154],"product_tag":[],"class_list":{"0":"post-287616","1":"product","2":"type-product","3":"status-publish","4":"has-post-thumbnail","6":"product_brand-clawgear","7":"product_cat-fusil","8":"product_cat-garde-mains-ak","9":"product_cat-protege-mains","10":"product_cat-rails","11":"product_cat-tuning-fusil","13":"first","14":"instock","15":"taxable","16":"shipping-taxable","17":"purchasable","18":"product-type-simple"},"acf":[],"_links":{"self":[{"href":"https:\/\/nbg.eu\/fr\/wp-json\/wp\/v2\/product\/287616","targetHints":{"allow":["GET"]}}],"collection":[{"href":"https:\/\/nbg.eu\/fr\/wp-json\/wp\/v2\/product"}],"about":[{"href":"https:\/\/nbg.eu\/fr\/wp-json\/wp\/v2\/types\/product"}],"wp:featuredmedia":[{"embeddable":true,"href":"https:\/\/nbg.eu\/fr\/wp-json\/wp\/v2\/media\/245160"}],"wp:attachment":[{"href":"https:\/\/nbg.eu\/fr\/wp-json\/wp\/v2\/media?parent=287616"}],"wp:term":[{"taxonomy":"product_brand","embeddable":true,"href":"https:\/\/nbg.eu\/fr\/wp-json\/wp\/v2\/product_brand?post=287616"},{"taxonomy":"product_cat","embeddable":true,"href":"https:\/\/nbg.eu\/fr\/wp-json\/wp\/v2\/product_cat?post=287616"},{"taxonomy":"product_tag","embeddable":true,"href":"https:\/\/nbg.eu\/fr\/wp-json\/wp\/v2\/product_tag?post=287616"}],"curies":[{"name":"wp","href":"https:\/\/api.w.org\/{rel}","templated":true}]}}