{"id":31215,"date":"2024-08-18T22:46:48","date_gmt":"2024-08-18T19:46:48","guid":{"rendered":"https:\/\/nbg.eu\/product\/produit-4\/"},"modified":"2026-01-21T12:29:41","modified_gmt":"2026-01-21T09:29:41","slug":"incrustations-couleur-holster-flex","status":"publish","type":"product","link":"https:\/\/nbg.eu\/fr\/produit\/incrustations-couleur-holster-flex\/","title":{"rendered":"Incrustations Couleur Holster Flex"},"content":{"rendered":"<div class=\"product-description\">\n<h2>Incrustations de couleur pour \u00e9tui Flex<\/h2>\n<p>Personnalisez votre \u00e9tui Flex avec ces incrustations de logo en plastique d\u00e9coup\u00e9es au laser. Disponibles en plusieurs couleurs, ces incrustations ajoutent une touche personnelle \u00e0 votre \u00e9tui.<\/p>\n<ul>\n<li>Installation facile avec adh\u00e9sif 3M<\/li>\n<li>Amovibles pour changer de couleur (peuvent se casser lors du retrait)<\/li>\n<li>Film protecteur transparent inclus (retirable pour une meilleure apparence)<\/li>\n<\/ul>\n<p>Choisissez parmi notre s\u00e9lection de couleurs :<\/p>\n<ul class=\"color-options\">\n<li>Noir<\/li>\n<li>Bleu<\/li>\n<li>Cuivre<\/li>\n<li>Or<\/li>\n<li>Orange<\/li>\n<li>Rouge<\/li>\n<li>Argent<\/li>\n<li>Jaune<\/li>\n<\/ul>\n<p>Changez l&rsquo;apparence de votre \u00e9tui Flex avec ces incrustations de couleur.<\/p>\n<\/div>\n","protected":false},"excerpt":{"rendered":"<p>Inserts de couleur personnalisables pour l&rsquo;\u00e9tui Flex : installation facile, amovibles.<\/p>\n","protected":false},"featured_media":29697,"template":"","meta":{"_acf_changed":false},"product_brand":[11268],"product_cat":[12174,12199,12180],"product_tag":[],"class_list":{"0":"post-31215","1":"product","2":"type-product","3":"status-publish","4":"has-post-thumbnail","6":"product_brand-doublealpha","7":"product_cat-accessoires-detui","8":"product_cat-etui","9":"product_cat-etui-de-sport","11":"first","12":"instock","13":"taxable","14":"shipping-taxable","15":"purchasable","16":"product-type-variable","17":"wvs-archive-product-wrapper"},"acf":[],"_links":{"self":[{"href":"https:\/\/nbg.eu\/fr\/wp-json\/wp\/v2\/product\/31215","targetHints":{"allow":["GET"]}}],"collection":[{"href":"https:\/\/nbg.eu\/fr\/wp-json\/wp\/v2\/product"}],"about":[{"href":"https:\/\/nbg.eu\/fr\/wp-json\/wp\/v2\/types\/product"}],"wp:featuredmedia":[{"embeddable":true,"href":"https:\/\/nbg.eu\/fr\/wp-json\/wp\/v2\/media\/29697"}],"wp:attachment":[{"href":"https:\/\/nbg.eu\/fr\/wp-json\/wp\/v2\/media?parent=31215"}],"wp:term":[{"taxonomy":"product_brand","embeddable":true,"href":"https:\/\/nbg.eu\/fr\/wp-json\/wp\/v2\/product_brand?post=31215"},{"taxonomy":"product_cat","embeddable":true,"href":"https:\/\/nbg.eu\/fr\/wp-json\/wp\/v2\/product_cat?post=31215"},{"taxonomy":"product_tag","embeddable":true,"href":"https:\/\/nbg.eu\/fr\/wp-json\/wp\/v2\/product_tag?post=31215"}],"curies":[{"name":"wp","href":"https:\/\/api.w.org\/{rel}","templated":true}]}}