{"id":33687,"date":"2024-07-30T19:33:04","date_gmt":"2024-07-30T19:33:04","guid":{"rendered":"https:\/\/nbg.eu\/product\/mag-now-single-pistol-pouch-bullets-flat\/"},"modified":"2026-01-21T12:16:02","modified_gmt":"2026-01-21T09:16:02","slug":"pochette-mag-now-simple-pistolet-balles-a-plat","status":"publish","type":"product","link":"https:\/\/nbg.eu\/fr\/produit\/pochette-mag-now-simple-pistolet-balles-a-plat\/","title":{"rendered":"Pochette MAG NOW! Simple Pistolet (Balles \u00e0 Plat)"},"content":{"rendered":"<p>\nLe <strong>MAG NOW! PORTE-CHARGEUR SIMPLE POUR PISTOLET (BALLES \u00c0 PLAT)<\/strong> de Blue Force Gear est une solution polyvalente et durable pour transporter votre chargeur de pistolet. Caract\u00e9ristiques :<\/p>\n<ul>\n<li>Design discret pour un port dissimul\u00e9<\/li>\n<li>R\u00e9tention s\u00e9curis\u00e9e avec capacit\u00e9 de lib\u00e9ration rapide<\/li>\n<li>Compatible avec la plupart des chargeurs de pistolet double pile<\/li>\n<li>Construction l\u00e9g\u00e8re en ULTRAcomp<\/li>\n<li>Compatible MOLLE\/PALS<\/li>\n<li>Disponible en plusieurs couleurs<\/li>\n<\/ul>\n<p>Parfait pour une utilisation militaire, polici\u00e8re et civile, cette pochette offre un acc\u00e8s rapide et des performances fiables dans toutes les situations. Am\u00e9liorez votre \u00e9quipement avec le design innovant de Blue Force Gear.<\/p>\n","protected":false},"excerpt":{"rendered":"<p>\u00c9tui fin et s\u00e9curis\u00e9 pour chargeur de pistolet. Balles plates. Conception pour acc\u00e8s rapide.<\/p>\n","protected":false},"featured_media":33688,"template":"","meta":{"_acf_changed":false},"product_brand":[11128],"product_cat":[12199,12184],"product_tag":[],"class_list":{"0":"post-33687","1":"product","2":"type-product","3":"status-publish","4":"has-post-thumbnail","6":"product_brand-blue-force-gear","7":"product_cat-etui","8":"product_cat-porte-chargeurs","10":"first","11":"instock","12":"taxable","13":"shipping-taxable","14":"purchasable","15":"product-type-variable","16":"wvs-archive-product-wrapper"},"acf":[],"_links":{"self":[{"href":"https:\/\/nbg.eu\/fr\/wp-json\/wp\/v2\/product\/33687","targetHints":{"allow":["GET"]}}],"collection":[{"href":"https:\/\/nbg.eu\/fr\/wp-json\/wp\/v2\/product"}],"about":[{"href":"https:\/\/nbg.eu\/fr\/wp-json\/wp\/v2\/types\/product"}],"wp:featuredmedia":[{"embeddable":true,"href":"https:\/\/nbg.eu\/fr\/wp-json\/wp\/v2\/media\/33688"}],"wp:attachment":[{"href":"https:\/\/nbg.eu\/fr\/wp-json\/wp\/v2\/media?parent=33687"}],"wp:term":[{"taxonomy":"product_brand","embeddable":true,"href":"https:\/\/nbg.eu\/fr\/wp-json\/wp\/v2\/product_brand?post=33687"},{"taxonomy":"product_cat","embeddable":true,"href":"https:\/\/nbg.eu\/fr\/wp-json\/wp\/v2\/product_cat?post=33687"},{"taxonomy":"product_tag","embeddable":true,"href":"https:\/\/nbg.eu\/fr\/wp-json\/wp\/v2\/product_tag?post=33687"}],"curies":[{"name":"wp","href":"https:\/\/api.w.org\/{rel}","templated":true}]}}