{"id":35862,"date":"2024-04-18T05:40:44","date_gmt":"2024-04-18T05:40:44","guid":{"rendered":"https:\/\/nbg.eu\/product\/blue-force-gear-vickers-sling-1-25\/"},"modified":"2026-01-21T12:26:32","modified_gmt":"2026-01-21T09:26:32","slug":"sangle-vickers-blue-force-gear-125","status":"publish","type":"product","link":"https:\/\/nbg.eu\/fr\/produit\/sangle-vickers-blue-force-gear-125\/","title":{"rendered":"Sangle Vickers Blue Force Gear, 1.25&Prime;"},"content":{"rendered":"<div class=\"product-description\">\n<h2>Sangle Vickers de Blue Force Gear, 1,25&Prime;<\/h2>\n<p>La sangle Vickers Combat Applications\u2122 est une sangle tactique brevet\u00e9e, co-d\u00e9velopp\u00e9e avec Larry Vickers, ancien membre op\u00e9rationnel du 1er SFOD-Delta et auteur du Guide Vickers.<\/p>\n<ul>\n<li>Conception \u00e0 ajustement rapide<\/li>\n<li>Largeur de 1,25&Prime; pour la distribution du poids<\/li>\n<li>Utilis\u00e9e par les forces militaires am\u00e9ricaines<\/li>\n<li>Construction durable<\/li>\n<\/ul>\n<p>Cette sangle est con\u00e7ue pour am\u00e9liorer la manipulation et la mobilit\u00e9 du fusil. Elle convient aux professionnels et aux amateurs.<\/p>\n<\/div>\n","protected":false},"excerpt":{"rendered":"<p>Sangle tactique par Larry Vickers. Ajustement rapide, qualit\u00e9 militaire.<\/p>\n","protected":false},"featured_media":35863,"template":"","meta":{"_acf_changed":false},"product_brand":[11128],"product_cat":[12129,12201],"product_tag":[],"class_list":{"0":"post-35862","1":"product","2":"type-product","3":"status-publish","4":"has-post-thumbnail","6":"product_brand-blue-force-gear","7":"product_cat-bretelles","8":"product_cat-equipement","10":"first","11":"instock","12":"taxable","13":"shipping-taxable","14":"purchasable","15":"product-type-variable","16":"wvs-archive-product-wrapper"},"acf":[],"_links":{"self":[{"href":"https:\/\/nbg.eu\/fr\/wp-json\/wp\/v2\/product\/35862","targetHints":{"allow":["GET"]}}],"collection":[{"href":"https:\/\/nbg.eu\/fr\/wp-json\/wp\/v2\/product"}],"about":[{"href":"https:\/\/nbg.eu\/fr\/wp-json\/wp\/v2\/types\/product"}],"wp:featuredmedia":[{"embeddable":true,"href":"https:\/\/nbg.eu\/fr\/wp-json\/wp\/v2\/media\/35863"}],"wp:attachment":[{"href":"https:\/\/nbg.eu\/fr\/wp-json\/wp\/v2\/media?parent=35862"}],"wp:term":[{"taxonomy":"product_brand","embeddable":true,"href":"https:\/\/nbg.eu\/fr\/wp-json\/wp\/v2\/product_brand?post=35862"},{"taxonomy":"product_cat","embeddable":true,"href":"https:\/\/nbg.eu\/fr\/wp-json\/wp\/v2\/product_cat?post=35862"},{"taxonomy":"product_tag","embeddable":true,"href":"https:\/\/nbg.eu\/fr\/wp-json\/wp\/v2\/product_tag?post=35862"}],"curies":[{"name":"wp","href":"https:\/\/api.w.org\/{rel}","templated":true}]}}