{"id":45174,"date":"2024-08-18T12:26:06","date_gmt":"2024-08-18T09:26:06","guid":{"rendered":"https:\/\/nbg.eu\/product\/premium-belt-security-loop\/"},"modified":"2026-01-21T11:51:44","modified_gmt":"2026-01-21T08:51:44","slug":"boucle-de-securite-pour-ceinture-premium","status":"publish","type":"product","link":"https:\/\/nbg.eu\/fr\/produit\/boucle-de-securite-pour-ceinture-premium\/","title":{"rendered":"Boucle de S\u00e9curit\u00e9 pour Ceinture Premium"},"content":{"rendered":"<p>S\u00e9curisez votre ceinture avec la boucle de s\u00e9curit\u00e9 DAA Premium Belt Security Loop. Caoutchout\u00e9e pour plus de confort et d&rsquo;adh\u00e9rence, elle maintient votre ceinture en place pendant les s\u00e9ances de tir intenses. S&rsquo;adapte \u00e0 la plupart des ceintures standard.<\/p>\n","protected":false},"excerpt":{"rendered":"<p>Passant de ceinture s\u00e9curis\u00e9 : Prise caoutchout\u00e9e, emp\u00eache le glissement, s&rsquo;adapte aux ceintures standard.<\/p>\n","protected":false},"featured_media":26096,"template":"","meta":{"_acf_changed":false},"product_brand":[11268],"product_cat":[12127],"product_tag":[],"class_list":{"0":"post-45174","1":"product","2":"type-product","3":"status-publish","4":"has-post-thumbnail","6":"product_brand-doublealpha","7":"product_cat-ceintures-sportives","9":"first","10":"outofstock","11":"taxable","12":"shipping-taxable","13":"purchasable","14":"product-type-simple"},"acf":[],"_links":{"self":[{"href":"https:\/\/nbg.eu\/fr\/wp-json\/wp\/v2\/product\/45174","targetHints":{"allow":["GET"]}}],"collection":[{"href":"https:\/\/nbg.eu\/fr\/wp-json\/wp\/v2\/product"}],"about":[{"href":"https:\/\/nbg.eu\/fr\/wp-json\/wp\/v2\/types\/product"}],"wp:featuredmedia":[{"embeddable":true,"href":"https:\/\/nbg.eu\/fr\/wp-json\/wp\/v2\/media\/26096"}],"wp:attachment":[{"href":"https:\/\/nbg.eu\/fr\/wp-json\/wp\/v2\/media?parent=45174"}],"wp:term":[{"taxonomy":"product_brand","embeddable":true,"href":"https:\/\/nbg.eu\/fr\/wp-json\/wp\/v2\/product_brand?post=45174"},{"taxonomy":"product_cat","embeddable":true,"href":"https:\/\/nbg.eu\/fr\/wp-json\/wp\/v2\/product_cat?post=45174"},{"taxonomy":"product_tag","embeddable":true,"href":"https:\/\/nbg.eu\/fr\/wp-json\/wp\/v2\/product_tag?post=45174"}],"curies":[{"name":"wp","href":"https:\/\/api.w.org\/{rel}","templated":true}]}}