{"id":45493,"date":"2024-08-16T17:52:19","date_gmt":"2024-08-16T17:52:19","guid":{"rendered":"https:\/\/nbg.eu\/product\/rhh-backpack\/"},"modified":"2026-01-21T12:01:46","modified_gmt":"2026-01-21T09:01:46","slug":"sac-a-dos-rhh","status":"publish","type":"product","link":"https:\/\/nbg.eu\/fr\/produit\/sac-a-dos-rhh\/","title":{"rendered":"Sac \u00e0 Dos RHH"},"content":{"rendered":"<div class=\"product-description\">\n<h2>Sac \u00e0 dos de tir RHH<\/h2>\n<p>Con\u00e7u par des tireurs pour des tireurs, le sac \u00e0 dos RHH est parfait pour les courses de plusieurs jours, que vous utilisiez une ou deux armes.<\/p>\n<ul>\n<li>Poche principale pour l&rsquo;arme avec syst\u00e8me de verrouillage pour un acc\u00e8s facile<\/li>\n<li>Conforme aux r\u00e8gles IPSC<\/li>\n<li>Panneau Velcro et attaches MOLLE pour les accessoires<\/li>\n<li>Espace de rangement g\u00e9n\u00e9reux avec compartiments organis\u00e9s<\/li>\n<li>Poche pour chargeurs adapt\u00e9e aux chargeurs de 30 cartouches avec plaques de sol prolong\u00e9es<\/li>\n<li>Sangles amovibles servant \u00e9galement de sac de tir<\/li>\n<\/ul>\n<p>Dimensions : 100cm x 40cm x 20cm<br \/>\n  Poche pour fusil : jusqu&rsquo;\u00e0 95cm<br \/>\n  Poids : 2,9 Kg<\/p>\n<p>Pr\u00e9parez-vous intelligemment, tirez mieux avec le sac \u00e0 dos de tir RHH !<\/p>\n<\/div>\n","protected":false},"excerpt":{"rendered":"<p>Sac \u00e0 dos RHH : Con\u00e7u par des tireurs, polyvalent, pr\u00eat pour les courses de plusieurs jours.<\/p>\n","protected":false},"featured_media":22671,"template":"","meta":{"_acf_changed":false},"product_brand":[11635],"product_cat":[12137],"product_tag":[],"class_list":{"0":"post-45493","1":"product","2":"type-product","3":"status-publish","4":"has-post-thumbnail","6":"product_brand-rh-holsters","7":"product_cat-sacs-a-dos","9":"first","10":"instock","11":"taxable","12":"shipping-taxable","13":"purchasable","14":"product-type-simple"},"acf":[],"_links":{"self":[{"href":"https:\/\/nbg.eu\/fr\/wp-json\/wp\/v2\/product\/45493","targetHints":{"allow":["GET"]}}],"collection":[{"href":"https:\/\/nbg.eu\/fr\/wp-json\/wp\/v2\/product"}],"about":[{"href":"https:\/\/nbg.eu\/fr\/wp-json\/wp\/v2\/types\/product"}],"wp:featuredmedia":[{"embeddable":true,"href":"https:\/\/nbg.eu\/fr\/wp-json\/wp\/v2\/media\/22671"}],"wp:attachment":[{"href":"https:\/\/nbg.eu\/fr\/wp-json\/wp\/v2\/media?parent=45493"}],"wp:term":[{"taxonomy":"product_brand","embeddable":true,"href":"https:\/\/nbg.eu\/fr\/wp-json\/wp\/v2\/product_brand?post=45493"},{"taxonomy":"product_cat","embeddable":true,"href":"https:\/\/nbg.eu\/fr\/wp-json\/wp\/v2\/product_cat?post=45493"},{"taxonomy":"product_tag","embeddable":true,"href":"https:\/\/nbg.eu\/fr\/wp-json\/wp\/v2\/product_tag?post=45493"}],"curies":[{"name":"wp","href":"https:\/\/api.w.org\/{rel}","templated":true}]}}