{"id":45923,"date":"2024-08-03T17:10:30","date_gmt":"2024-08-03T14:10:30","guid":{"rendered":"https:\/\/nbg.eu\/product\/rh-classic-iwb-holster\/"},"modified":"2026-01-21T12:14:34","modified_gmt":"2026-01-21T09:14:34","slug":"etui-iwb-rh-classic","status":"publish","type":"product","link":"https:\/\/nbg.eu\/fr\/produit\/etui-iwb-rh-classic\/","title":{"rendered":"\u00c9tui IWB RH Classic"},"content":{"rendered":"<p>L&rsquo;\u00e9tui IWB RH Classic offre un confort pour le port dissimul\u00e9. Caract\u00e9ristiques :<\/p>\n<ul>\n<li>Kydex press\u00e9 sous vide pour un ajustement pr\u00e9cis de l&rsquo;arme<\/li>\n<li>Prise et inclinaison r\u00e9glables<\/li>\n<li>Accessoires optionnels : crochet et ERC<\/li>\n<li>Profil mince pour une impression minimale<\/li>\n<li>Bords coup\u00e9s \u00e0 la main pour le confort<\/li>\n<li>Construction en une seule pi\u00e8ce<\/li>\n<li>Conception \u00e0 fond ouvert pour la polyvalence<\/li>\n<\/ul>\n<p>Convient pour le port quotidien discret.<\/p>\n","protected":false},"excerpt":{"rendered":"<p>\u00c9tui fin pour port \u00e0 l&rsquo;int\u00e9rieur de la ceinture : Port dissimul\u00e9 ajustable avec options de griffe et de clip de r\u00e9tention am\u00e9lior\u00e9.<\/p>\n","protected":false},"featured_media":45925,"template":"","meta":{"_acf_changed":false},"product_brand":[11635],"product_cat":[12199,12166],"product_tag":[],"class_list":{"0":"post-45923","1":"product","2":"type-product","3":"status-publish","4":"has-post-thumbnail","6":"product_brand-rh-holsters","7":"product_cat-etui","8":"product_cat-holster-tactique","10":"first","11":"instock","12":"taxable","13":"shipping-taxable","14":"purchasable","15":"product-type-variable","16":"wvs-archive-product-wrapper"},"acf":[],"_links":{"self":[{"href":"https:\/\/nbg.eu\/fr\/wp-json\/wp\/v2\/product\/45923","targetHints":{"allow":["GET"]}}],"collection":[{"href":"https:\/\/nbg.eu\/fr\/wp-json\/wp\/v2\/product"}],"about":[{"href":"https:\/\/nbg.eu\/fr\/wp-json\/wp\/v2\/types\/product"}],"wp:featuredmedia":[{"embeddable":true,"href":"https:\/\/nbg.eu\/fr\/wp-json\/wp\/v2\/media\/45925"}],"wp:attachment":[{"href":"https:\/\/nbg.eu\/fr\/wp-json\/wp\/v2\/media?parent=45923"}],"wp:term":[{"taxonomy":"product_brand","embeddable":true,"href":"https:\/\/nbg.eu\/fr\/wp-json\/wp\/v2\/product_brand?post=45923"},{"taxonomy":"product_cat","embeddable":true,"href":"https:\/\/nbg.eu\/fr\/wp-json\/wp\/v2\/product_cat?post=45923"},{"taxonomy":"product_tag","embeddable":true,"href":"https:\/\/nbg.eu\/fr\/wp-json\/wp\/v2\/product_tag?post=45923"}],"curies":[{"name":"wp","href":"https:\/\/api.w.org\/{rel}","templated":true}]}}