{"id":46069,"date":"2024-08-03T09:01:48","date_gmt":"2024-09-11T09:29:27","guid":{"rendered":"https:\/\/nbg.eu\/product\/rh-sharky-iwb-holster\/"},"modified":"2026-01-21T12:04:47","modified_gmt":"2026-01-21T09:04:47","slug":"etui-iwb-rh-sharky","status":"publish","type":"product","link":"https:\/\/nbg.eu\/fr\/produit\/etui-iwb-rh-sharky\/","title":{"rendered":"\u00c9tui IWB RH Sharky"},"content":{"rendered":"<p>Le holster IWB RH Sharky offre un port dissimul\u00e9 confortable. Caract\u00e9ristiques :<\/p>\n<ul>\n<li>Construction par pressage sous vide<\/li>\n<li>Double clip pour une prise s\u00fbre<\/li>\n<li>Inclinaison et hauteur r\u00e9glables<\/li>\n<li>Compatible avec les viseurs point rouge et les canons allong\u00e9s<\/li>\n<li>Griffe int\u00e9gr\u00e9e pour une meilleure dissimulation<\/li>\n<li>Ajustement de la poign\u00e9e pour un ajustement personnalis\u00e9<\/li>\n<\/ul>\n<p>Ce holster port\u00e9 \u00e0 l&rsquo;int\u00e9rieur de la ceinture offre confort et polyvalence.<\/p>\n","protected":false},"excerpt":{"rendered":"<p>\u00c9tui de ceinture int\u00e9rieur (IWB) s\u00e9curis\u00e9 et ajustable pour le port dissimul\u00e9 avec point rouge.<\/p>\n","protected":false},"featured_media":46072,"template":"","meta":{"_acf_changed":false},"product_brand":[11635],"product_cat":[12199,12166],"product_tag":[],"class_list":{"0":"post-46069","1":"product","2":"type-product","3":"status-publish","4":"has-post-thumbnail","6":"product_brand-rh-holsters","7":"product_cat-etui","8":"product_cat-holster-tactique","10":"first","11":"instock","12":"taxable","13":"shipping-taxable","14":"purchasable","15":"product-type-variable","16":"wvs-archive-product-wrapper"},"acf":[],"_links":{"self":[{"href":"https:\/\/nbg.eu\/fr\/wp-json\/wp\/v2\/product\/46069","targetHints":{"allow":["GET"]}}],"collection":[{"href":"https:\/\/nbg.eu\/fr\/wp-json\/wp\/v2\/product"}],"about":[{"href":"https:\/\/nbg.eu\/fr\/wp-json\/wp\/v2\/types\/product"}],"wp:featuredmedia":[{"embeddable":true,"href":"https:\/\/nbg.eu\/fr\/wp-json\/wp\/v2\/media\/46072"}],"wp:attachment":[{"href":"https:\/\/nbg.eu\/fr\/wp-json\/wp\/v2\/media?parent=46069"}],"wp:term":[{"taxonomy":"product_brand","embeddable":true,"href":"https:\/\/nbg.eu\/fr\/wp-json\/wp\/v2\/product_brand?post=46069"},{"taxonomy":"product_cat","embeddable":true,"href":"https:\/\/nbg.eu\/fr\/wp-json\/wp\/v2\/product_cat?post=46069"},{"taxonomy":"product_tag","embeddable":true,"href":"https:\/\/nbg.eu\/fr\/wp-json\/wp\/v2\/product_tag?post=46069"}],"curies":[{"name":"wp","href":"https:\/\/api.w.org\/{rel}","templated":true}]}}