{"id":525744,"date":"2025-08-19T20:38:50","date_gmt":"2025-08-19T17:38:50","guid":{"rendered":"https:\/\/nbg.eu\/product\/hographic-sight-eotech-exps3\/"},"modified":"2026-01-21T11:45:40","modified_gmt":"2026-01-21T08:45:40","slug":"hographic-sight-eotech-exps3","status":"publish","type":"product","link":"https:\/\/nbg.eu\/fr\/produit\/hographic-sight-eotech-exps3\/","title":{"rendered":"Hographic sight EOTECH EXPS3"},"content":{"rendered":"<div class=\"product-description\">\n<h2>EOTECH HWS EXPS3\u2122 Viseur holographique<\/h2>\n<p>Le EOTECH HWS EXPS3\u2122 offre :<\/p>\n<ul>\n<li>Tir avec les deux yeux ouverts<\/li>\n<li>Compatibilit\u00e9 vision nocturne avec 10 r\u00e9glages suppl\u00e9mentaires<\/li>\n<li>Base sur\u00e9lev\u00e9e de 7mm \u00e0 d\u00e9tachement rapide pour co-t\u00e9moin avec vis\u00e9e fer<\/li>\n<li>Dimensions : 3.8&Prime; x 2.3&Prime; x 2.9&Prime;<\/li>\n<li>Poids : 11.2oz<\/li>\n<li>R\u00e9sistant \u00e0 l&rsquo;eau jusqu&rsquo;\u00e0 10m de profondeur<\/li>\n<li>20 niveaux de luminosit\u00e9 diurne<\/li>\n<li>Autonomie de 1000 heures au r\u00e9glage nominal<\/li>\n<\/ul>\n<p>Fabriqu\u00e9 aux \u00c9tats-Unis, l&rsquo;EXPS3 se monte sur rails Weaver 1&Prime; ou MIL-STD-1913 et fonctionne entre -40\u00b0C et 60\u00b0C. Inclut un guide de d\u00e9marrage rapide, une carte de garantie et une pile CR123.<\/p>\n<\/div>\n","protected":false},"excerpt":{"rendered":"<p>Acquisition rapide de la cible, compatible avec la vision nocturne, base sur\u00e9lev\u00e9e \u00e0 d\u00e9tachement rapide.<\/p>\n","protected":false},"featured_media":466368,"template":"","meta":{"_acf_changed":false},"product_brand":[],"product_cat":[12153,12144],"product_tag":[],"class_list":{"0":"post-525744","1":"product","2":"type-product","3":"status-publish","4":"has-post-thumbnail","6":"product_cat-points-rouges-fusil","7":"product_cat-visee","9":"first","10":"outofstock","11":"taxable","12":"shipping-taxable","13":"purchasable","14":"product-type-simple"},"acf":[],"_links":{"self":[{"href":"https:\/\/nbg.eu\/fr\/wp-json\/wp\/v2\/product\/525744","targetHints":{"allow":["GET"]}}],"collection":[{"href":"https:\/\/nbg.eu\/fr\/wp-json\/wp\/v2\/product"}],"about":[{"href":"https:\/\/nbg.eu\/fr\/wp-json\/wp\/v2\/types\/product"}],"wp:featuredmedia":[{"embeddable":true,"href":"https:\/\/nbg.eu\/fr\/wp-json\/wp\/v2\/media\/466368"}],"wp:attachment":[{"href":"https:\/\/nbg.eu\/fr\/wp-json\/wp\/v2\/media?parent=525744"}],"wp:term":[{"taxonomy":"product_brand","embeddable":true,"href":"https:\/\/nbg.eu\/fr\/wp-json\/wp\/v2\/product_brand?post=525744"},{"taxonomy":"product_cat","embeddable":true,"href":"https:\/\/nbg.eu\/fr\/wp-json\/wp\/v2\/product_cat?post=525744"},{"taxonomy":"product_tag","embeddable":true,"href":"https:\/\/nbg.eu\/fr\/wp-json\/wp\/v2\/product_tag?post=525744"}],"curies":[{"name":"wp","href":"https:\/\/api.w.org\/{rel}","templated":true}]}}