{"id":526411,"date":"2025-08-20T17:48:48","date_gmt":"2025-08-20T14:48:48","guid":{"rendered":"https:\/\/nbg.eu\/product\/recoil-spring-ismi-15-lb-spring-for-glock-17-gl15\/"},"modified":"2026-01-21T11:39:14","modified_gmt":"2026-01-21T08:39:14","slug":"recoil-spring-ismi-15-lb-spring-for-glock-17-gl15","status":"publish","type":"product","link":"https:\/\/nbg.eu\/fr\/produit\/recoil-spring-ismi-15-lb-spring-for-glock-17-gl15\/","title":{"rendered":"Recoil spring ISMI 15 lb. Spring for Glock 17 (GL15)"},"content":{"rendered":"<div class=\"product-description\">\n<h2>Ressort de recul \u00e0 fil plat ISMI de 15 lb pour Glock 17 (GL15)<\/h2>\n<p>Ressort de recul ISMI pour Glock 17. Ce ressort \u00e0 fil plat de 15 lb est fabriqu\u00e9 en alliage de chrome-vanadium, con\u00e7u pour s&rsquo;adapter \u00e0 la tige de guidage d&rsquo;usine de 0,250&Prime; ou moins.<\/p>\n<ul>\n<li>Con\u00e7u par CAO et fabriqu\u00e9 selon les sp\u00e9cifications a\u00e9rospatiales<\/li>\n<li>Trait\u00e9 thermiquement, grenaill\u00e9 et enti\u00e8rement relax\u00e9<\/li>\n<li>Assure une performance constante et fiable<\/li>\n<li>Compatible avec Glock 17, 17L, 20, 21, 22, 24, 31, 35<\/li>\n<li>Fabriqu\u00e9 aux \u00c9tats-Unis<\/li>\n<\/ul>\n<p>Ressort de recul ISMI pour Glock pour une fiabilit\u00e9 et une performance am\u00e9lior\u00e9es au stand de tir.<\/p>\n<\/div>\n","protected":false},"excerpt":{"rendered":"<p>Ressort de recul plat de pr\u00e9cision de 15 livres pour Glock 17. Fabriqu\u00e9 aux \u00c9tats-Unis, am\u00e9liore les performances.<\/p>\n","protected":false},"featured_media":470570,"template":"","meta":{"_acf_changed":false},"product_brand":[11405],"product_cat":[12143,12161],"product_tag":[],"class_list":{"0":"post-526411","1":"product","2":"type-product","3":"status-publish","4":"has-post-thumbnail","6":"product_brand-glock","7":"product_cat-pieces-kmr","8":"product_cat-ressorts","10":"first","11":"outofstock","12":"taxable","13":"shipping-taxable","14":"purchasable","15":"product-type-simple"},"acf":[],"_links":{"self":[{"href":"https:\/\/nbg.eu\/fr\/wp-json\/wp\/v2\/product\/526411","targetHints":{"allow":["GET"]}}],"collection":[{"href":"https:\/\/nbg.eu\/fr\/wp-json\/wp\/v2\/product"}],"about":[{"href":"https:\/\/nbg.eu\/fr\/wp-json\/wp\/v2\/types\/product"}],"wp:featuredmedia":[{"embeddable":true,"href":"https:\/\/nbg.eu\/fr\/wp-json\/wp\/v2\/media\/470570"}],"wp:attachment":[{"href":"https:\/\/nbg.eu\/fr\/wp-json\/wp\/v2\/media?parent=526411"}],"wp:term":[{"taxonomy":"product_brand","embeddable":true,"href":"https:\/\/nbg.eu\/fr\/wp-json\/wp\/v2\/product_brand?post=526411"},{"taxonomy":"product_cat","embeddable":true,"href":"https:\/\/nbg.eu\/fr\/wp-json\/wp\/v2\/product_cat?post=526411"},{"taxonomy":"product_tag","embeddable":true,"href":"https:\/\/nbg.eu\/fr\/wp-json\/wp\/v2\/product_tag?post=526411"}],"curies":[{"name":"wp","href":"https:\/\/api.w.org\/{rel}","templated":true}]}}