{"id":527185,"date":"2025-09-02T20:11:34","date_gmt":"2025-09-02T17:11:34","guid":{"rendered":"https:\/\/nbg.eu\/product\/ftcs-enlarged-magazine-catch-ak-platform-graphite-black-h-146-nr-29\/"},"modified":"2026-01-21T12:01:49","modified_gmt":"2026-01-21T09:01:49","slug":"ftcs-enlarged-magazine-catch-ak-platform-graphite-black-h-146-nr-29","status":"publish","type":"product","link":"https:\/\/nbg.eu\/fr\/produit\/ftcs-enlarged-magazine-catch-ak-platform-graphite-black-h-146-nr-29\/","title":{"rendered":"FTCS &#8211; Enlarged Magazine Catch &#8211; AK Platform &#8211; Graphite Black H-146 &#8211; Nr. 29"},"content":{"rendered":"<div class=\"product-description\">\n<h1>FTCS &#8211; Arr\u00eatoir de chargeur \u00e9largi &#8211; Plateforme AK<\/h1>\n<h2>Noir Graphite H-146 &#8211; N\u00b0 29<\/h2>\n<p>Am\u00e9liorez votre carabine de plateforme AK avec cet arr\u00eatoir de chargeur \u00e9largi de FTCS. Con\u00e7u pour faciliter le retrait du chargeur, cet accessoire est utile pour les utilisateurs d&rsquo;AK.<\/p>\n<ul>\n<li>Compatible avec la plupart des armes AK\/AKM\/AK-74<\/li>\n<li>Fabriqu\u00e9 en acier avec rev\u00eatement Cerakote<\/li>\n<li>Couleur Noir Graphite H-146<\/li>\n<li>Languette nervur\u00e9e pour une meilleure prise<\/li>\n<li>Dimensions : 51 x 16 x 14 mm<\/li>\n<li>Poids : 20 g<\/li>\n<\/ul>\n<p>Am\u00e9liorez la fonctionnalit\u00e9 avec cet arr\u00eatoir \u00e9largi, permettant un retrait du chargeur avec le pouce ou un second chargeur. Le rev\u00eatement Cerakote assure la durabilit\u00e9, en faisant une am\u00e9lioration pour votre carabine de plateforme AK.<\/p>\n<\/div>\n","protected":false},"excerpt":{"rendered":"<p>Levier de lib\u00e9ration du chargeur AK \u00e9largi. Lib\u00e9ration facile. Acier, Cerakote. Noir graphite.<\/p>\n","protected":false},"featured_media":0,"template":"","meta":{"_acf_changed":false},"product_brand":[],"product_cat":[12209],"product_tag":[],"class_list":{"0":"post-527185","1":"product","2":"type-product","3":"status-publish","5":"product_cat-non-categorise","7":"first","8":"instock","9":"taxable","10":"shipping-taxable","11":"purchasable","12":"product-type-simple"},"acf":[],"_links":{"self":[{"href":"https:\/\/nbg.eu\/fr\/wp-json\/wp\/v2\/product\/527185","targetHints":{"allow":["GET"]}}],"collection":[{"href":"https:\/\/nbg.eu\/fr\/wp-json\/wp\/v2\/product"}],"about":[{"href":"https:\/\/nbg.eu\/fr\/wp-json\/wp\/v2\/types\/product"}],"wp:attachment":[{"href":"https:\/\/nbg.eu\/fr\/wp-json\/wp\/v2\/media?parent=527185"}],"wp:term":[{"taxonomy":"product_brand","embeddable":true,"href":"https:\/\/nbg.eu\/fr\/wp-json\/wp\/v2\/product_brand?post=527185"},{"taxonomy":"product_cat","embeddable":true,"href":"https:\/\/nbg.eu\/fr\/wp-json\/wp\/v2\/product_cat?post=527185"},{"taxonomy":"product_tag","embeddable":true,"href":"https:\/\/nbg.eu\/fr\/wp-json\/wp\/v2\/product_tag?post=527185"}],"curies":[{"name":"wp","href":"https:\/\/api.w.org\/{rel}","templated":true}]}}