{"id":527501,"date":"2025-09-02T20:13:23","date_gmt":"2025-09-02T17:13:23","guid":{"rendered":"https:\/\/nbg.eu\/product\/general-nano-protection-super-nano-grease-synthetic-761034\/"},"modified":"2026-01-21T11:44:39","modified_gmt":"2026-01-21T08:44:39","slug":"general-nano-protection-super-nano-grease-synthetic-761034","status":"publish","type":"product","link":"https:\/\/nbg.eu\/fr\/produit\/general-nano-protection-super-nano-grease-synthetic-761034\/","title":{"rendered":"General Nano Protection &#8211; Super Nano Grease &#8211; Synthetic &#8211; 761034"},"content":{"rendered":"<h1>Protection Nano G\u00e9n\u00e9rale &#8211; Graisse Nano &#8211; Synth\u00e9tique &#8211; 761034<\/h1>\n<p>Huile synth\u00e9tique pour l&rsquo;entretien des armes \u00e0 feu. Cette bouteille de 200ml de Graisse Nano offre une protection et des performances pour votre arme.<\/p>\n<ul>\n<li>Nettoie la poudre, le carbone et la graisse<\/li>\n<li>\u00c9limine l&rsquo;humidit\u00e9 et prot\u00e8ge contre la corrosion<\/li>\n<li>R\u00e9duit la friction et l&rsquo;usure sur divers mat\u00e9riaux<\/li>\n<li>Prolonge la dur\u00e9e de vie de l&rsquo;arme<\/li>\n<li>Technologie de nanoparticules pour une meilleure p\u00e9n\u00e9tration<\/li>\n<li>Rev\u00eatement hydrophobe repousse l&rsquo;eau<\/li>\n<li>R\u00e9sistant \u00e0 la chaleur de -60\u00b0C \u00e0 +250\u00b0C<\/li>\n<li>Utilisable sur m\u00e9tal, bois, peinture, caoutchouc et plastique<\/li>\n<\/ul>\n<p>Convient pour les tiges de piston, les capots de canon, les axes de came et autres pi\u00e8ces mobiles.<\/p>\n","protected":false},"excerpt":{"rendered":"<p>Huile avanc\u00e9e pour armes \u00e0 base de nanoparticules : nettoie, lubrifie et prot\u00e8ge les armes \u00e0 feu.<\/p>\n","protected":false},"featured_media":490517,"template":"","meta":{"_acf_changed":false},"product_brand":[],"product_cat":[12209],"product_tag":[],"class_list":{"0":"post-527501","1":"product","2":"type-product","3":"status-publish","4":"has-post-thumbnail","6":"product_cat-non-categorise","8":"first","9":"instock","10":"taxable","11":"shipping-taxable","12":"purchasable","13":"product-type-simple"},"acf":[],"_links":{"self":[{"href":"https:\/\/nbg.eu\/fr\/wp-json\/wp\/v2\/product\/527501","targetHints":{"allow":["GET"]}}],"collection":[{"href":"https:\/\/nbg.eu\/fr\/wp-json\/wp\/v2\/product"}],"about":[{"href":"https:\/\/nbg.eu\/fr\/wp-json\/wp\/v2\/types\/product"}],"wp:featuredmedia":[{"embeddable":true,"href":"https:\/\/nbg.eu\/fr\/wp-json\/wp\/v2\/media\/490517"}],"wp:attachment":[{"href":"https:\/\/nbg.eu\/fr\/wp-json\/wp\/v2\/media?parent=527501"}],"wp:term":[{"taxonomy":"product_brand","embeddable":true,"href":"https:\/\/nbg.eu\/fr\/wp-json\/wp\/v2\/product_brand?post=527501"},{"taxonomy":"product_cat","embeddable":true,"href":"https:\/\/nbg.eu\/fr\/wp-json\/wp\/v2\/product_cat?post=527501"},{"taxonomy":"product_tag","embeddable":true,"href":"https:\/\/nbg.eu\/fr\/wp-json\/wp\/v2\/product_tag?post=527501"}],"curies":[{"name":"wp","href":"https:\/\/api.w.org\/{rel}","templated":true}]}}