{"id":529416,"date":"2025-09-02T20:23:55","date_gmt":"2025-09-02T17:23:55","guid":{"rendered":"https:\/\/nbg.eu\/product\/magpul-zhukov-s-stock-for-ak-47-ak-74-mag585\/"},"modified":"2026-01-21T12:01:52","modified_gmt":"2026-01-21T09:01:52","slug":"magpul-crosse-zhukov-s-pour-ak-47-ak-74-mag585","status":"publish","type":"product","link":"https:\/\/nbg.eu\/fr\/produit\/magpul-crosse-zhukov-s-pour-ak-47-ak-74-mag585\/","title":{"rendered":"Magpul &#8211; Crosse ZHUKOV-S pour AK-47 \/ AK-74 &#8211; MAG585"},"content":{"rendered":"<div class=\"product-description\">\n<h2>Crosse Magpul ZHUKOV-S\u00ae pour AK-47 \/ AK-74 &#8211; MAG585<\/h2>\n<p>La crosse pliante Magpul ZHUKOV-S\u00ae pour carabines AK47\/AKM\/AK74 offre :<\/p>\n<ul>\n<li>Ajustement \u00e0 5 positions pour adapter la longueur au bras<\/li>\n<li>M\u00e9canisme de pliage \u00e0 droite compatible avec les optiques \u00e0 queue d&rsquo;aronde<\/li>\n<li>Possibilit\u00e9 de tirer et recharger avec la crosse pli\u00e9e<\/li>\n<li>Conception \u00e0 profil bas<\/li>\n<li>Plaque de couche en caoutchouc antid\u00e9rapante et absorbant le recul<\/li>\n<li>Trou pour sangle de 1,25&Prime; et compatibilit\u00e9 avec port QD<\/li>\n<\/ul>\n<p>Pesant 425g et offrant une longueur de 223,5-289,5mm, cette crosse fabriqu\u00e9e aux \u00c9tats-Unis combine confort, fonctionnalit\u00e9 et durabilit\u00e9. Note : Non compatible avec les AK yougoslaves, Norinco Type 56S\/MAK-90, ou les receveurs frais\u00e9s.<\/p>\n<\/div>\n","protected":false},"excerpt":{"rendered":"<p>Magpul ZHUKOV-S : Crosse pliante et ajustable pour AK avec ports \u00e0 d\u00e9connexion rapide.<\/p>\n","protected":false},"featured_media":491488,"template":"","meta":{"_acf_changed":false},"product_brand":[11544],"product_cat":[12193,12131,12154],"product_tag":[],"class_list":{"0":"post-529416","1":"product","2":"type-product","3":"status-publish","4":"has-post-thumbnail","6":"product_brand-magpul","7":"product_cat-fusil","8":"product_cat-tuning-ak","9":"product_cat-tuning-fusil","11":"first","12":"instock","13":"taxable","14":"shipping-taxable","15":"purchasable","16":"product-type-variable","17":"wvs-archive-product-wrapper"},"acf":[],"_links":{"self":[{"href":"https:\/\/nbg.eu\/fr\/wp-json\/wp\/v2\/product\/529416","targetHints":{"allow":["GET"]}}],"collection":[{"href":"https:\/\/nbg.eu\/fr\/wp-json\/wp\/v2\/product"}],"about":[{"href":"https:\/\/nbg.eu\/fr\/wp-json\/wp\/v2\/types\/product"}],"wp:featuredmedia":[{"embeddable":true,"href":"https:\/\/nbg.eu\/fr\/wp-json\/wp\/v2\/media\/491488"}],"wp:attachment":[{"href":"https:\/\/nbg.eu\/fr\/wp-json\/wp\/v2\/media?parent=529416"}],"wp:term":[{"taxonomy":"product_brand","embeddable":true,"href":"https:\/\/nbg.eu\/fr\/wp-json\/wp\/v2\/product_brand?post=529416"},{"taxonomy":"product_cat","embeddable":true,"href":"https:\/\/nbg.eu\/fr\/wp-json\/wp\/v2\/product_cat?post=529416"},{"taxonomy":"product_tag","embeddable":true,"href":"https:\/\/nbg.eu\/fr\/wp-json\/wp\/v2\/product_tag?post=529416"}],"curies":[{"name":"wp","href":"https:\/\/api.w.org\/{rel}","templated":true}]}}