{"id":534506,"date":"2025-09-04T20:13:16","date_gmt":"2025-09-04T17:13:16","guid":{"rendered":"https:\/\/nbg.eu\/product\/ismi-17-lb-pruzhina-za-glock-17-gl17\/"},"modified":"2026-02-27T15:51:50","modified_gmt":"2026-02-27T12:51:50","slug":"ismi-17-lb-pruzhina-za-glock-17-gl17","status":"publish","type":"product","link":"https:\/\/nbg.eu\/fr\/produit\/ismi-17-lb-pruzhina-za-glock-17-gl17\/","title":{"rendered":"ISMI 17 lb. \u041f\u0440\u0443\u0436\u0438\u043d\u0430 \u0437\u0430 Glock 17 (GL17)"},"content":{"rendered":"<div class=\"product-description\">\n<h2>Ressort ISMI 17 lb pour Glock 17 (GL17)<\/h2>\n<p>Am\u00e9liorez les performances de votre Glock 17 avec ce ressort de recul de 17 lb. Fabriqu\u00e9 aux \u00c9tats-Unis selon les sp\u00e9cifications a\u00e9rospatiales, ce ressort offre :<\/p>\n<ul>\n<li>Conception assist\u00e9e par ordinateur pour un ajustement pr\u00e9cis<\/li>\n<li>Construction en silicium chrome, acier inoxydable ou chrome vanadium<\/li>\n<li>Trait\u00e9 thermiquement, grenaill\u00e9 et d\u00e9tendu pour la durabilit\u00e9<\/li>\n<li>Conception en fil plat pour un fonctionnement fluide<\/li>\n<li>S&rsquo;adapte \u00e0 la tige de guidage d&rsquo;usine (0,250&Prime; ou moins)<\/li>\n<li>Compatible avec Glock 17, 17L, 20, 21, 22, 24, 31, 35<\/li>\n<\/ul>\n<p>Ce ressort r\u00e9sistant \u00e0 la corrosion est con\u00e7u pour r\u00e9pondre aux exigences de votre Glock 17.<\/p>\n<\/div>\n","protected":false},"excerpt":{"rendered":"<p>Ressort de recul de 17 livres pour Glock 17. Fabriqu\u00e9 aux \u00c9tats-Unis, durable et fiable.<\/p>\n","protected":false},"featured_media":495346,"template":"","meta":{"_acf_changed":false},"product_brand":[],"product_cat":[12139,12161],"product_tag":[],"class_list":{"0":"post-534506","1":"product","2":"type-product","3":"status-publish","4":"has-post-thumbnail","6":"product_cat-pieces-de-pistolet","7":"product_cat-ressorts","9":"first","10":"outofstock","11":"taxable","12":"shipping-taxable","13":"purchasable","14":"product-type-simple"},"acf":[],"_links":{"self":[{"href":"https:\/\/nbg.eu\/fr\/wp-json\/wp\/v2\/product\/534506","targetHints":{"allow":["GET"]}}],"collection":[{"href":"https:\/\/nbg.eu\/fr\/wp-json\/wp\/v2\/product"}],"about":[{"href":"https:\/\/nbg.eu\/fr\/wp-json\/wp\/v2\/types\/product"}],"wp:featuredmedia":[{"embeddable":true,"href":"https:\/\/nbg.eu\/fr\/wp-json\/wp\/v2\/media\/495346"}],"wp:attachment":[{"href":"https:\/\/nbg.eu\/fr\/wp-json\/wp\/v2\/media?parent=534506"}],"wp:term":[{"taxonomy":"product_brand","embeddable":true,"href":"https:\/\/nbg.eu\/fr\/wp-json\/wp\/v2\/product_brand?post=534506"},{"taxonomy":"product_cat","embeddable":true,"href":"https:\/\/nbg.eu\/fr\/wp-json\/wp\/v2\/product_cat?post=534506"},{"taxonomy":"product_tag","embeddable":true,"href":"https:\/\/nbg.eu\/fr\/wp-json\/wp\/v2\/product_tag?post=534506"}],"curies":[{"name":"wp","href":"https:\/\/api.w.org\/{rel}","templated":true}]}}