{"id":535503,"date":"2025-09-05T00:00:24","date_gmt":"2025-09-04T21:00:24","guid":{"rendered":"https:\/\/nbg.eu\/product\/rh-504-2-screws-iwb\/"},"modified":"2026-01-21T11:34:53","modified_gmt":"2026-01-21T08:34:53","slug":"rh-504-2-screws-iwb","status":"publish","type":"product","link":"https:\/\/nbg.eu\/fr\/produit\/rh-504-2-screws-iwb\/","title":{"rendered":"RH 504-2 Screws IWB"},"content":{"rendered":"<h1>Vis RH 504-2 IWB &#8211; Ensemble de remplacement pour \u00e9tuis IWB<\/h1>\n<p>L&rsquo;ensemble de remplacement de vis RH 504-2 IWB est con\u00e7u pour nos \u00e9tuis IWB Black Trident, assurant un ajustement parfait et une fonction fiable.<\/p>\n<h2>Contenu du kit :<\/h2>\n<ul>\n<li>4 vis de 9mm avec manchons et entretoises<\/li>\n<li>4 entretoises de 3mm<\/li>\n<li>4 vis de 6mm<\/li>\n<li>4 manchons de 4,7mm<\/li>\n<\/ul>\n<p>Compatible avec les mod\u00e8les d&rsquo;\u00e9tuis Viking, Quasimodo et Guardian.<\/p>\n<p><strong>Conseil :<\/strong> Pour une s\u00e9curit\u00e9 maximale, nous recommandons d&rsquo;utiliser un adh\u00e9sif pour vis (vendu s\u00e9par\u00e9ment) pour maintenir votre \u00e9quipement en place.<\/p>\n<p>Commandez votre ensemble de vis RH 504-2 IWB aujourd&rsquo;hui pour maintenir votre \u00e9tui en bon \u00e9tat.<\/p>\n","protected":false},"excerpt":{"rendered":"<p>Ensemble de vis de rechange pour les \u00e9tuis de ceinture IWB Black Trident. 16 pi\u00e8ces incluses.<\/p>\n","protected":false},"featured_media":0,"template":"","meta":{"_acf_changed":false},"product_brand":[11635],"product_cat":[12174],"product_tag":[],"class_list":{"0":"post-535503","1":"product","2":"type-product","3":"status-publish","5":"product_brand-rh-holsters","6":"product_cat-accessoires-detui","8":"first","9":"instock","10":"taxable","11":"shipping-taxable","12":"purchasable","13":"product-type-simple"},"acf":[],"_links":{"self":[{"href":"https:\/\/nbg.eu\/fr\/wp-json\/wp\/v2\/product\/535503","targetHints":{"allow":["GET"]}}],"collection":[{"href":"https:\/\/nbg.eu\/fr\/wp-json\/wp\/v2\/product"}],"about":[{"href":"https:\/\/nbg.eu\/fr\/wp-json\/wp\/v2\/types\/product"}],"wp:attachment":[{"href":"https:\/\/nbg.eu\/fr\/wp-json\/wp\/v2\/media?parent=535503"}],"wp:term":[{"taxonomy":"product_brand","embeddable":true,"href":"https:\/\/nbg.eu\/fr\/wp-json\/wp\/v2\/product_brand?post=535503"},{"taxonomy":"product_cat","embeddable":true,"href":"https:\/\/nbg.eu\/fr\/wp-json\/wp\/v2\/product_cat?post=535503"},{"taxonomy":"product_tag","embeddable":true,"href":"https:\/\/nbg.eu\/fr\/wp-json\/wp\/v2\/product_tag?post=535503"}],"curies":[{"name":"wp","href":"https:\/\/api.w.org\/{rel}","templated":true}]}}